{"id":10175,"date":"2015-09-12T12:41:01","date_gmt":"2015-09-12T12:41:01","guid":{"rendered":"https:\/\/www.thepornlist.net\/de\/porn-tube-sites\/watchxxxfree\/"},"modified":"2020-11-07T10:46:34","modified_gmt":"2020-11-07T10:46:34","slug":"watchxxxfree","status":"publish","type":"page","link":"https:\/\/www.thepornlist.net\/de\/porn-tube-sites\/watchxxxfree\/","title":{"rendered":"watchxxxfree.com"},"content":{"rendered":"<div class=\"pb\">\n<div class=\"hd\">\n<a href=\"https:\/\/www.thepornlist.net\/de\/\" base target=\"_self\" rel=\"noopener noreferrer\">Zur\u00fcck zur Startseite<\/a>\n<\/div>\n<div class=\"hd2\">\n<span style=\"font-style:normal;font-weight:bold;\">Seitenbewertung<\/span>\n<\/div>\n<\/div>\n<div style=\"width:100%; margin-left:auto; margin-right:auto; clear:both;z-index:1; padding-top:5px; border-radius: 2px;\">\n<div class=\"reviewimg\">\n<p><a href=\"http:\/\/www.watchxxxfree.com\/\" rel=\"nofollow noopener noreferrer\" base target=\"_self\"><img decoding=\"async\" src=\"https:\/\/www.thepornlist.net\/wp-content\/uploads\/2015\/review\/watchxxxfree.jpg\" width=\"500\" height=\"500\" alt=\"Porn Tube\"><\/a><\/p>\n<\/div>\n<div class=\"reviewtitle\">\n<h1 style=\"font-family:Arial;font-size:56px;font-style:normal;font-weight:bold;color:#FF1F78;\">watchxxxfree<\/h1>\n<\/div>\n<div class=\"reviewsub\">\n<h2 style=\"font-size:14px;font-style:normal;font-weight:bold;\">watchxxxfree.com<\/H2>\n<\/div>\n<div class=\"reviewtext\">\n<span style=\"font-size:16px;font-style:normal;\">WatchXXXFree.com ist eine Porno Tuben Webseite mit kostenlosen XXX Filmen. Auf der Homepage wirst du die letzten Videos sehen. Zu jedem Video kannst du sehen wie viele Leute es schon gesehen haben und es mit Herzen bewertet haben. <\/br><\/p>\n<p>Wenn du auf die Kategorie Seite klickst wirst du Optionen sehen wie: 21Sextury kostenlose Videos, BangBros kostenlose Videos, gro\u00dfer Arsch, gro\u00dfe Titten, Brazzers kostenlose Videos, br\u00fcnett, Dancing Bear kostenlose Videos und viele andere. Such dir etwas aus und klicke! Du wirst Videos aus dieser speziellen Nische bekommen. Es scheint als ob sie keine Videos selbst hosten, was das Laden der Videos ein bisschen langsam machen kann. Aber die netten Vorschauen der Videos und das klare Design machen das wieder wett. <\/br><\/p>\n<p>Ich muss dich warnen, denn selbst wen du einen Ad Blocker hast, wirst du trotzdem noch einige Pop-ups auf WatchXXXFree bekommen. <\/br><\/p>\n<p>Das Internet hat Millionen an Porno Tuben Webseiten. Aber trotz der Pop-ups ist dies hier definitiv ein Ort, der deinen Besuch wert ist und er wird dir deine t\u00e4gliche Dosis an Pornos liefern.<br \/>\n<\/span>\n<\/div>\n<div class=\"reviewsiteurl\">\n<a href=\"http:\/\/www.watchxxxfree.com\/\" rel=\"nofollow noopener noreferrer\" base target=\"_self\"><span style=\"font-size:32px;font-style:normal;font-weight:bold;text-decoration:underline;\">Hier klicken, um die webseite zu besuchen <\/span><\/a>\n<\/div>\n<\/div>\n<p><script src='https:\/\/www.thepornlist.net\/wp-includes\/js\/chatpop36.js' type='text\/javascript'><\/script><\/p>\n","protected":false},"excerpt":{"rendered":"<p>Zur\u00fcck zur Startseite Seitenbewertung watchxxxfree watchxxxfree.com WatchXXXFree.com ist eine Porno Tuben Webseite mit kostenlosen XXX Filmen. Auf der Homepage wirst du die letzten Videos sehen. Zu jedem Video kannst du sehen wie viele Leute es schon gesehen haben und es mit Herzen bewertet haben. Wenn du auf die Kategorie Seite klickst wirst du Optionen sehen <a href='https:\/\/www.thepornlist.net\/de\/porn-tube-sites\/watchxxxfree\/' class='excerpt-more'>[&#8230;]<\/a><\/p>\n","protected":false},"author":1,"featured_media":0,"parent":9407,"menu_order":47150,"comment_status":"closed","ping_status":"closed","template":"0-autofill-tpl-template.php","meta":{"_acf_changed":false,"footnotes":""},"tags":[],"acf":[],"aioseo_notices":[],"_links":{"self":[{"href":"https:\/\/www.thepornlist.net\/de\/wp-json\/wp\/v2\/pages\/10175"}],"collection":[{"href":"https:\/\/www.thepornlist.net\/de\/wp-json\/wp\/v2\/pages"}],"about":[{"href":"https:\/\/www.thepornlist.net\/de\/wp-json\/wp\/v2\/types\/page"}],"author":[{"embeddable":true,"href":"https:\/\/www.thepornlist.net\/de\/wp-json\/wp\/v2\/users\/1"}],"replies":[{"embeddable":true,"href":"https:\/\/www.thepornlist.net\/de\/wp-json\/wp\/v2\/comments?post=10175"}],"version-history":[{"count":0,"href":"https:\/\/www.thepornlist.net\/de\/wp-json\/wp\/v2\/pages\/10175\/revisions"}],"up":[{"embeddable":true,"href":"https:\/\/www.thepornlist.net\/de\/wp-json\/wp\/v2\/pages\/9407"}],"wp:attachment":[{"href":"https:\/\/www.thepornlist.net\/de\/wp-json\/wp\/v2\/media?parent=10175"}],"wp:term":[{"taxonomy":"post_tag","embeddable":true,"href":"https:\/\/www.thepornlist.net\/de\/wp-json\/wp\/v2\/tags?post=10175"}],"curies":[{"name":"wp","href":"https:\/\/api.w.org\/{rel}","templated":true}]}}