{"id":10177,"date":"2015-09-12T12:39:49","date_gmt":"2015-09-12T12:39:49","guid":{"rendered":"https:\/\/www.thepornlist.net\/de\/porn-tube-sites\/xvideos\/"},"modified":"2020-11-07T10:45:14","modified_gmt":"2020-11-07T10:45:14","slug":"xvideos","status":"publish","type":"page","link":"https:\/\/www.thepornlist.net\/de\/porn-tube-sites\/xvideos\/","title":{"rendered":"xvideos.com"},"content":{"rendered":"<div class=\"pb\">\n<div class=\"hd\">\n<a href=\"https:\/\/www.thepornlist.net\/de\/\" base target=\"_self\" rel=\"noopener noreferrer\">Zur\u00fcck zur Startseite<\/a>\n<\/div>\n<div class=\"hd2\">\n<span style=\"font-style:normal;font-weight:bold;\">Seitenbewertung<\/span>\n<\/div>\n<\/div>\n<div style=\"width:100%; margin-left:auto; margin-right:auto; clear:both;z-index:1; padding-top:5px; border-radius: 2px;\">\n<div class=\"reviewimg\">\n<p><a href=\"http:\/\/www.xvideos.com\/\" rel=\"nofollow noopener noreferrer\" base target=\"_self\"><img decoding=\"async\" src=\"https:\/\/www.thepornlist.net\/wp-content\/uploads\/2015\/review\/xvideos.jpg\" width=\"500\" height=\"500\" alt=\"Porn Tube\"><\/a><\/p>\n<\/div>\n<div class=\"reviewtitle\">\n<h1 style=\"font-family:Arial;font-size:56px;font-style:normal;font-weight:bold;color:#FF1F78;\">xvideos<\/h1>\n<\/div>\n<div class=\"reviewsub\">\n<h2 style=\"font-size:14px;font-style:normal;font-weight:bold;\">xvideos.com<\/H2>\n<\/div>\n<div class=\"reviewtext\">\n<span style=\"font-size:16px;font-style:normal;\">xvideos.com ist eine der gr\u00f6\u00dften Porno Tuben Webseiten und wenn du eine Seite suchst, auf der du jede einzelne Nische findest, die du dir nur vorstellen kannst, dann ist das genau der richtige Ort f\u00fcr dich. <\/br><\/p>\n<p>Auf xVideos l\u00e4uft alles glatt, alles funktioniert so wie es soll und mit einem minimalen Design hast du von der ersten bis zur letzten Sekunde ein gro\u00dfartiges Porno Erlebnis. Zudem ist alles kostenlos und wird es auch immer sein. <\/br><\/p>\n<p>Auf der Homepage siehst du die letzten Updates und wenn du deine Maus auf ein Vorschaubild bewegst, wirst du eine Vorschau sehen. \u00dcber die Navigationsleiste hast du Zugang zu den besten Videos, einem Verzeichnis der Pornostars, den Kan\u00e4len, den Profilen der User, Schlagworten, einem Forum und zu jeder Menge Porno Bildern. Darunter hast du einen Link zu den Amateur Porno Videos oder du kannst direkt zu den besten Videos aller Zeiten, der letzten 3 Tage, der letzten 7 Tage, der letzten 30 Tage h\u00fcpfen und du bekommst einen fl\u00fcchtigen Blick auf die besten Porno Videos von Kan\u00e4len. Zwei Zeilen an Schlagworten werden deine Suchen unter Kontrolle halten und wenn du auf einen Clip dr\u00fcckst, kommst du zum Videoplayer wo du den Inhalt abspielen lassen kannst \u2013 so einfach ist das!<br \/>\n<\/span>\n<\/div>\n<div class=\"reviewsiteurl\">\n<a href=\"http:\/\/www.xvideos.com\/\" rel=\"nofollow noopener noreferrer\" base target=\"_self\"><span style=\"font-size:32px;font-style:normal;font-weight:bold;text-decoration:underline;\">Hier klicken, um die webseite zu besuchen <\/span><\/a>\n<\/div>\n<\/div>\n","protected":false},"excerpt":{"rendered":"<p>Zur\u00fcck zur Startseite Seitenbewertung xvideos xvideos.com xvideos.com ist eine der gr\u00f6\u00dften Porno Tuben Webseiten und wenn du eine Seite suchst, auf der du jede einzelne Nische findest, die du dir nur vorstellen kannst, dann ist das genau der richtige Ort f\u00fcr dich. Auf xVideos l\u00e4uft alles glatt, alles funktioniert so wie es soll und mit <a href='https:\/\/www.thepornlist.net\/de\/porn-tube-sites\/xvideos\/' class='excerpt-more'>[&#8230;]<\/a><\/p>\n","protected":false},"author":1,"featured_media":0,"parent":9407,"menu_order":45530,"comment_status":"closed","ping_status":"closed","template":"0-autofill-tpl-template.php","meta":{"_acf_changed":false,"footnotes":""},"tags":[],"acf":[],"aioseo_notices":[],"_links":{"self":[{"href":"https:\/\/www.thepornlist.net\/de\/wp-json\/wp\/v2\/pages\/10177"}],"collection":[{"href":"https:\/\/www.thepornlist.net\/de\/wp-json\/wp\/v2\/pages"}],"about":[{"href":"https:\/\/www.thepornlist.net\/de\/wp-json\/wp\/v2\/types\/page"}],"author":[{"embeddable":true,"href":"https:\/\/www.thepornlist.net\/de\/wp-json\/wp\/v2\/users\/1"}],"replies":[{"embeddable":true,"href":"https:\/\/www.thepornlist.net\/de\/wp-json\/wp\/v2\/comments?post=10177"}],"version-history":[{"count":0,"href":"https:\/\/www.thepornlist.net\/de\/wp-json\/wp\/v2\/pages\/10177\/revisions"}],"up":[{"embeddable":true,"href":"https:\/\/www.thepornlist.net\/de\/wp-json\/wp\/v2\/pages\/9407"}],"wp:attachment":[{"href":"https:\/\/www.thepornlist.net\/de\/wp-json\/wp\/v2\/media?parent=10177"}],"wp:term":[{"taxonomy":"post_tag","embeddable":true,"href":"https:\/\/www.thepornlist.net\/de\/wp-json\/wp\/v2\/tags?post=10177"}],"curies":[{"name":"wp","href":"https:\/\/api.w.org\/{rel}","templated":true}]}}