{"id":10180,"date":"2015-09-12T12:38:04","date_gmt":"2015-09-12T12:38:04","guid":{"rendered":"https:\/\/www.thepornlist.net\/de\/porn-tube-sites\/keezmovies\/"},"modified":"2019-05-24T09:32:26","modified_gmt":"2019-05-24T09:32:26","slug":"keezmovies","status":"publish","type":"page","link":"https:\/\/www.thepornlist.net\/de\/porn-tube-sites\/keezmovies\/","title":{"rendered":"keezmovies.com"},"content":{"rendered":"<div class=\"pb\">\n<div class=\"hd\">\n<a href=\"https:\/\/www.thepornlist.net\/de\/\" base target=\"_self\">Zur\u00fcck zur Startseite<\/a>\n<\/div>\n<div class=\"hd2\">\n<span style=\"font-style:normal;font-weight:bold;\">Seitenbewertung<\/span>\n<\/div>\n<\/div>\n<div style=\"width:100%; margin-left:auto; margin-right:auto; clear:both;z-index:1; padding-top:5px; border-radius: 2px;\">\n<div class=\"reviewimg\">\n<p><a href=\"http:\/\/www.keezmovies.com\/\" rel=\"nofollow\" base target=\"_self\"><img decoding=\"async\" src=\"https:\/\/www.thepornlist.net\/wp-content\/uploads\/2015\/review\/keezmovies.jpg\" width=\"500\" height=\"500\" alt=\"Porn Tube\"><\/a><\/p>\n<\/div>\n<div class=\"reviewtitle\">\n<h1 style=\"font-family:Arial;font-size:56px;font-style:normal;font-weight:bold;color:#FF1F78;\">keezmovies<\/h1>\n<\/div>\n<div class=\"reviewsub\">\n<h2 style=\"font-size:14px;font-style:normal;font-weight:bold;\">keezmovies.com<\/H2>\n<\/div>\n<div class=\"reviewtext\">\n<span style=\"font-size:16px;font-style:normal;\">Wenn du ein echter Porno Fan bist, solltest du wissen, was KeezMovies.com ist. F\u00fcr diejenigen von euch, die neu bei diesem Abenteuer sind, werde ich versuchen die notwendigen Details zu teilen. <\/br><\/p>\n<p>KeezMovies ist eine kostenlose Porno Tube aus dem Pornhub Netzwerk. Wenn du ihre Homepage betrittst, wirst du das breite Layout und eine Menge erregender Vorschaubilder bemerken. Die erste Ziele ist f\u00fcr hei\u00dfe Pornostars und darunter wirst du einige der geilsten Videos sehen, die sie haben und wenn du sogar noch weiter scrollst , wirst du einen Blick auf die beliebtesten Pornostars und die neuesten Sex Videos werfen k\u00f6nnen. In der Navigationsleiste hast du das Aufklappmen\u00fc f\u00fcr die Kategorien \u2013 Amateur, anal, asiatisch, BBW, gro\u00dfe Titte, Fetisch, Fisting, HD, Hentai, Milf, othaarig, Teen, Vintage und viele andere. Wenn du glaubst, dass dir diese Liste noch nicht reicht, dann kannst du immer auf die Schaltfl\u00e4che mit den Tags klicken. <\/br><\/p>\n<p>Das Interessanteste an KeezMovies ist die Tatsache, dass egal wo du bist, egal auf welcher Seite, wirst du jede Menge Optionen um dich herum haben um auszuw\u00e4hlen \u2013 sie zeigen dir \u00e4hnliche Videos, was heute geil ist und \u00fcberall sind Kategorien. Probiere diese Tube aus!<br \/>\n<\/span>\n<\/div>\n<div class=\"reviewsiteurl\">\n<a href=\"http:\/\/www.keezmovies.com\/\" rel=\"nofollow\" base target=\"_self\"><span style=\"font-size:32px;font-style:normal;font-weight:bold;text-decoration:underline;\">Hier klicken, um die webseite zu besuchen <\/span><\/a>\n<\/div>\n<\/div>\n","protected":false},"excerpt":{"rendered":"<p>Zur\u00fcck zur Startseite Seitenbewertung keezmovies keezmovies.com Wenn du ein echter Porno Fan bist, solltest du wissen, was KeezMovies.com ist. F\u00fcr diejenigen von euch, die neu bei diesem Abenteuer sind, werde ich versuchen die notwendigen Details zu teilen. KeezMovies ist eine kostenlose Porno Tube aus dem Pornhub Netzwerk. Wenn du ihre Homepage betrittst, wirst du das <a href='https:\/\/www.thepornlist.net\/de\/porn-tube-sites\/keezmovies\/' class='excerpt-more'>[&#8230;]<\/a><\/p>\n","protected":false},"author":1,"featured_media":0,"parent":9407,"menu_order":45370,"comment_status":"closed","ping_status":"closed","template":"0-autofill-tpl-template.php","meta":{"_acf_changed":false,"footnotes":""},"tags":[],"acf":[],"aioseo_notices":[],"_links":{"self":[{"href":"https:\/\/www.thepornlist.net\/de\/wp-json\/wp\/v2\/pages\/10180"}],"collection":[{"href":"https:\/\/www.thepornlist.net\/de\/wp-json\/wp\/v2\/pages"}],"about":[{"href":"https:\/\/www.thepornlist.net\/de\/wp-json\/wp\/v2\/types\/page"}],"author":[{"embeddable":true,"href":"https:\/\/www.thepornlist.net\/de\/wp-json\/wp\/v2\/users\/1"}],"replies":[{"embeddable":true,"href":"https:\/\/www.thepornlist.net\/de\/wp-json\/wp\/v2\/comments?post=10180"}],"version-history":[{"count":0,"href":"https:\/\/www.thepornlist.net\/de\/wp-json\/wp\/v2\/pages\/10180\/revisions"}],"up":[{"embeddable":true,"href":"https:\/\/www.thepornlist.net\/de\/wp-json\/wp\/v2\/pages\/9407"}],"wp:attachment":[{"href":"https:\/\/www.thepornlist.net\/de\/wp-json\/wp\/v2\/media?parent=10180"}],"wp:term":[{"taxonomy":"post_tag","embeddable":true,"href":"https:\/\/www.thepornlist.net\/de\/wp-json\/wp\/v2\/tags?post=10180"}],"curies":[{"name":"wp","href":"https:\/\/api.w.org\/{rel}","templated":true}]}}