{"id":10181,"date":"2015-09-12T12:37:23","date_gmt":"2015-09-12T12:37:23","guid":{"rendered":"https:\/\/www.thepornlist.net\/de\/porn-tube-sites\/cuckoldinterracialporn\/"},"modified":"2019-05-24T11:23:07","modified_gmt":"2019-05-24T11:23:07","slug":"cuckoldinterracialporn","status":"publish","type":"page","link":"https:\/\/www.thepornlist.net\/de\/porn-tube-sites\/cuckoldinterracialporn\/","title":{"rendered":"cuckoldinterracialporn.com"},"content":{"rendered":"<div class=\"pb\">\n<div class=\"hd\">\n<a href=\"https:\/\/www.thepornlist.net\/de\/\" base target=\"_self\">Zur\u00fcck zur Startseite<\/a>\n<\/div>\n<div class=\"hd2\">\n<span style=\"font-style:normal;font-weight:bold;\">Seitenbewertung<\/span>\n<\/div>\n<\/div>\n<div style=\"width:100%; margin-left:auto; margin-right:auto; clear:both;z-index:1; padding-top:5px; border-radius: 2px;\">\n<div class=\"reviewimg\">\n<p><a href=\"http:\/\/www.cuckoldinterracialporn.com\/\" rel=\"nofollow\" base target=\"_self\"><img decoding=\"async\" src=\"https:\/\/www.thepornlist.net\/wp-content\/uploads\/2015\/review\/cuckoldinterracialporn.jpg\" width=\"500\" height=\"500\" alt=\"Porn Tube\"><\/a><\/p>\n<\/div>\n<div class=\"reviewtitle\">\n<h1 style=\"font-family:Arial;font-size:56px;font-style:normal;font-weight:bold;color:#FF1F78;\">cuckoldinterracialporn<\/h1>\n<\/div>\n<div class=\"reviewsub\">\n<h2 style=\"font-size:14px;font-style:normal;font-weight:bold;\">cuckoldinterracialporn.com<\/H2>\n<\/div>\n<div class=\"reviewtext\">\n<span style=\"font-size:16px;font-style:normal;\">Diese Nische ist schon eine lustige Sache und wirklich nur eine kleine Anzahl von Leuten kennt die Definition von \u201eCuckold\u201c. Daher also, die Bedeutung ist folgende: \u201e Ein sexuell unzul\u00e4nglicher Ehemann, der akzeptiert, dass ihre Muschi ihr alleiniges Eigentum ist und dass nur sie entscheidet welchen Mann sie ficken wird, selbst wenn es bedeutet sich ihrem Ehemann zu verweigern. Sein einziger Zugang zu ihrer Muschi ist es vom Sperma von M\u00e4nnern mit denen sie fickt zu reinigen.\u201c Willkommen bei CuckoldinterracialPorn.com! <\/br><\/p>\n<p>Das ist nicht unsere allt\u00e4gliche Webseite weil sie nicht nur ihren Fokus auf den \u201eCuckold\u201c Bereich im Porno legt sondern weil sie sich auch noch auf den interracial Teil dieses Bereichs konzentriert. Was wirst du hier finden? Kostenlose Cuckold Porno Filme! Auf der Homepage wirst du (sehr wahrscheinlich) einige zuf\u00e4llige Hinzuf\u00fcgungen bekommen und wenn du in die Navigationsleiste schaust wirst du feststellen, dass du auch die neuesten Porno Clips, die Top bewerteten, die meist gesehenen Videos f\u00fcr Erwachsene und nat\u00fcrlich die l\u00e4ngsten ansehen kannst.<br \/>\n<\/br><br \/>\nJeder Film hat eine Bewertung, was bedeutet, dass du von Anfang an einen Hinweis darauf bekommst ob das spezielle Material deine Beachtung wert ist oder nicht. Wenn du auf ein Vorschaubild klickst, landest du bei der Seite mit dem Videoplayer.<br \/>\n<\/span>\n<\/div>\n<div class=\"reviewsiteurl\">\n<a href=\"http:\/\/www.cuckoldinterracialporn.com\/\" rel=\"nofollow\" base target=\"_self\"><span style=\"font-size:32px;font-style:normal;font-weight:bold;text-decoration:underline;\">Hier klicken, um die webseite zu besuchen <\/span><\/a>\n<\/div>\n<\/div>\n","protected":false},"excerpt":{"rendered":"<p>Zur\u00fcck zur Startseite Seitenbewertung cuckoldinterracialporn cuckoldinterracialporn.com Diese Nische ist schon eine lustige Sache und wirklich nur eine kleine Anzahl von Leuten kennt die Definition von \u201eCuckold\u201c. Daher also, die Bedeutung ist folgende: \u201e Ein sexuell unzul\u00e4nglicher Ehemann, der akzeptiert, dass ihre Muschi ihr alleiniges Eigentum ist und dass nur sie entscheidet welchen Mann sie ficken <a href='https:\/\/www.thepornlist.net\/de\/porn-tube-sites\/cuckoldinterracialporn\/' class='excerpt-more'>[&#8230;]<\/a><\/p>\n","protected":false},"author":1,"featured_media":0,"parent":9407,"menu_order":43470,"comment_status":"closed","ping_status":"closed","template":"0-autofill-tpl-template.php","meta":{"_acf_changed":false,"footnotes":""},"tags":[],"acf":[],"aioseo_notices":[],"_links":{"self":[{"href":"https:\/\/www.thepornlist.net\/de\/wp-json\/wp\/v2\/pages\/10181"}],"collection":[{"href":"https:\/\/www.thepornlist.net\/de\/wp-json\/wp\/v2\/pages"}],"about":[{"href":"https:\/\/www.thepornlist.net\/de\/wp-json\/wp\/v2\/types\/page"}],"author":[{"embeddable":true,"href":"https:\/\/www.thepornlist.net\/de\/wp-json\/wp\/v2\/users\/1"}],"replies":[{"embeddable":true,"href":"https:\/\/www.thepornlist.net\/de\/wp-json\/wp\/v2\/comments?post=10181"}],"version-history":[{"count":0,"href":"https:\/\/www.thepornlist.net\/de\/wp-json\/wp\/v2\/pages\/10181\/revisions"}],"up":[{"embeddable":true,"href":"https:\/\/www.thepornlist.net\/de\/wp-json\/wp\/v2\/pages\/9407"}],"wp:attachment":[{"href":"https:\/\/www.thepornlist.net\/de\/wp-json\/wp\/v2\/media?parent=10181"}],"wp:term":[{"taxonomy":"post_tag","embeddable":true,"href":"https:\/\/www.thepornlist.net\/de\/wp-json\/wp\/v2\/tags?post=10181"}],"curies":[{"name":"wp","href":"https:\/\/api.w.org\/{rel}","templated":true}]}}