{"id":10183,"date":"2015-09-12T08:47:26","date_gmt":"2015-09-12T08:47:26","guid":{"rendered":"https:\/\/www.thepornlist.net\/de\/image-gallery-sites\/levinpic\/"},"modified":"2019-05-07T10:18:38","modified_gmt":"2019-05-07T10:18:38","slug":"levinpic","status":"publish","type":"page","link":"https:\/\/www.thepornlist.net\/de\/image-gallery-sites\/levinpic\/","title":{"rendered":"levinpic.com"},"content":{"rendered":"<div class=\"pb\">\n<div class=\"hd\">\n<a href=\"https:\/\/www.thepornlist.net\/de\/\" base target=\"_self\">Zur\u00fcck zur Startseite<\/a>\n<\/div>\n<div class=\"hd2\">\n<span style=\"font-style:normal;font-weight:bold;\">Seitenbewertung<\/span>\n<\/div>\n<\/div>\n<div style=\"width:100%; margin-left:auto; margin-right:auto; clear:both;z-index:1; padding-top:5px; border-radius: 2px;\">\n<div class=\"reviewimg\">\n<p><a href=\"http:\/\/www.levinpic.com\/\" rel=\"nofollow\" base target=\"_self\"><img decoding=\"async\" src=\"https:\/\/www.thepornlist.net\/wp-content\/uploads\/2015\/review\/levinpic.jpg\" width=\"500\" height=\"500\" alt=\"Porn Tube\"><\/a><\/p>\n<\/div>\n<div class=\"reviewtitle\">\n<h1 style=\"font-family:Arial;font-size:56px;font-style:normal;font-weight:bold;color:#FF1F78;\">levinpic<\/h1>\n<\/div>\n<div class=\"reviewsub\">\n<h2 style=\"font-size:14px;font-style:normal;font-weight:bold;\">levinpic.com<\/H2>\n<\/div>\n<div class=\"reviewtext\">\n<span style=\"font-size:16px;font-style:normal;\">LevinPic ist noch eine im Pinterest Stil gemachte Plattform auf der du deine bevorzugten Bilder f\u00fcr Erwachsene oder deine bevorzugten XXX GIFs pinnen kannst. Es ist nicht so gro\u00df oder so bekannt wie Sex.com, aber das hei\u00dft nicht, dass es kein Ort ist, den du nicht in Betracht ziehen solltest.<\/br> <\/p>\n<p>Du wirst Blowjobs, sehr geile \u00c4rsche, gro\u00dfe Titten, Bikinis, Porno Models, Amateure, exquisite Dessous an sch\u00f6nen Babes, k\u00fcnstlerische Nackte. \u00d6ffentliche Porno Bilder, durchtrainierte K\u00f6rper oder nicht so trainierte und noch viel mehr sehen. Sie sagen, dass LevinPic.com deine Welt in Bildern ist und dass du alles, was du magst, mit anderen teilen solltest.<\/br><\/p>\n<p>In der Navigationsleiste wirst du ein Aufklappmen\u00fc f\u00fcr die Kategorien sehen: anal, asiatisch, Arsch lecken, BBW, Bondage, Br\u00fcnette, Cameltoe, Creampie, Cuckold, Hentai, interracial, Latex, Latina, Lesben, H\u00f6schen Strumpfhose, Tattoo, Teens, unter den Rock, Vagina und mehr. Du wirst auch einen Blick auf die beliebtesten Pins werfen k\u00f6nnen.<\/br><\/p>\n<p>Es kostet nichts sich anzumelden und mit einem Account kannst du deine eigene Bilder Sammlung erstellen, Bilder mit Freunden teilen oder den Updates folgen. Da dich ein Probelauf \u00fcberhaupt nichts kostet, worauf wartest du noch? Besuch sie, melde dich an und pinne einige Pornos, die jeder sehen sollte!<br \/>\n<\/span>\n<\/div>\n<div class=\"reviewsiteurl\">\n<a href=\"http:\/\/www.levinpic.com\/\" rel=\"nofollow\" base target=\"_self\"><span style=\"font-size:32px;font-style:normal;font-weight:bold;text-decoration:underline;\">Hier klicken, um die webseite zu besuchen <\/span><\/a>\n<\/div>\n<\/div>\n","protected":false},"excerpt":{"rendered":"<p>Zur\u00fcck zur Startseite Seitenbewertung levinpic levinpic.com LevinPic ist noch eine im Pinterest Stil gemachte Plattform auf der du deine bevorzugten Bilder f\u00fcr Erwachsene oder deine bevorzugten XXX GIFs pinnen kannst. Es ist nicht so gro\u00df oder so bekannt wie Sex.com, aber das hei\u00dft nicht, dass es kein Ort ist, den du nicht in Betracht ziehen <a href='https:\/\/www.thepornlist.net\/de\/image-gallery-sites\/levinpic\/' class='excerpt-more'>[&#8230;]<\/a><\/p>\n","protected":false},"author":1,"featured_media":0,"parent":9763,"menu_order":29530,"comment_status":"closed","ping_status":"closed","template":"0-autofill-tpl-template.php","meta":{"_acf_changed":false,"footnotes":""},"tags":[],"acf":[],"aioseo_notices":[],"_links":{"self":[{"href":"https:\/\/www.thepornlist.net\/de\/wp-json\/wp\/v2\/pages\/10183"}],"collection":[{"href":"https:\/\/www.thepornlist.net\/de\/wp-json\/wp\/v2\/pages"}],"about":[{"href":"https:\/\/www.thepornlist.net\/de\/wp-json\/wp\/v2\/types\/page"}],"author":[{"embeddable":true,"href":"https:\/\/www.thepornlist.net\/de\/wp-json\/wp\/v2\/users\/1"}],"replies":[{"embeddable":true,"href":"https:\/\/www.thepornlist.net\/de\/wp-json\/wp\/v2\/comments?post=10183"}],"version-history":[{"count":0,"href":"https:\/\/www.thepornlist.net\/de\/wp-json\/wp\/v2\/pages\/10183\/revisions"}],"up":[{"embeddable":true,"href":"https:\/\/www.thepornlist.net\/de\/wp-json\/wp\/v2\/pages\/9763"}],"wp:attachment":[{"href":"https:\/\/www.thepornlist.net\/de\/wp-json\/wp\/v2\/media?parent=10183"}],"wp:term":[{"taxonomy":"post_tag","embeddable":true,"href":"https:\/\/www.thepornlist.net\/de\/wp-json\/wp\/v2\/tags?post=10183"}],"curies":[{"name":"wp","href":"https:\/\/api.w.org\/{rel}","templated":true}]}}