{"id":10184,"date":"2015-09-12T08:46:56","date_gmt":"2015-09-12T08:46:56","guid":{"rendered":"https:\/\/www.thepornlist.net\/de\/image-gallery-sites\/sex\/"},"modified":"2019-05-07T10:18:33","modified_gmt":"2019-05-07T10:18:33","slug":"sex","status":"publish","type":"page","link":"https:\/\/www.thepornlist.net\/de\/image-gallery-sites\/sex\/","title":{"rendered":"sex.com"},"content":{"rendered":"<div class=\"pb\">\n<div class=\"hd\">\n<a href=\"https:\/\/www.thepornlist.net\/de\/\" base target=\"_self\">Zur\u00fcck zur Startseite<\/a>\n<\/div>\n<div class=\"hd2\">\n<span style=\"font-style:normal;font-weight:bold;\">Seitenbewertung<\/span>\n<\/div>\n<\/div>\n<div style=\"width:100%; margin-left:auto; margin-right:auto; clear:both;z-index:1; padding-top:5px; border-radius: 2px;\">\n<div class=\"reviewimg\">\n<p><a href=\"http:\/\/www.sex.com\/\" rel=\"nofollow\" base target=\"_self\"><img decoding=\"async\" src=\"https:\/\/www.thepornlist.net\/wp-content\/uploads\/2015\/review\/sex.jpg\" width=\"500\" height=\"500\" alt=\"Porn Tube\"><\/a><\/p>\n<\/div>\n<div class=\"reviewtitle\">\n<h1 style=\"font-family:Arial;font-size:56px;font-style:normal;font-weight:bold;color:#FF1F78;\">sex<\/h1>\n<\/div>\n<div class=\"reviewsub\">\n<h2 style=\"font-size:14px;font-style:normal;font-weight:bold;\">sex.com<\/H2>\n<\/div>\n<div class=\"reviewtext\">\n<span style=\"font-size:16px;font-style:normal;\">Willkommen bei Sex.com \u2013 der teuersten Domain, die es jemals seit der Geburt des Internets gab. Was wirst du hier genau finden? Ein Pinterest des Sex. Wenn du wei\u00dft, was Pinterest ist und wie es funktioniert, kannst du sicher sein, dass du auch wei\u00dft, was Sex ist und wie er funktioniert.<\/br><\/p>\n<p>Ich bin mir nicht sicher ob sich die Investition um diesen Domain Namen zu sichern, als gute Investition herausstellen wird. Aber bis ich es wissen werde, werde ich dir mit mehr Worten versuchen zu erkl\u00e4ren, was du hier bekommen wirst: kostenlose Porno Sexvideos und Pornobilder. Du installierst eine Schaltfl\u00e4che in deinem Browser, du gehst online rundherum, du magst etwas, das zum Thema Porno passt, du pinnst es in deinen Sex.com Account und voil\u00e0! Nackte Frauen, geile Titten, XXX GIFs, Blowjobs, Selfies, und noch viele andere mehr k\u00f6nnen in den Reihen dieses Gartens der Obsz\u00f6nit\u00e4t gefunden werden!<\/br><\/p>\n<p>Du wirst unendliches scrollen bekommen, denn jedes mal wenn du am Ende ankommst, wird dir eine Nachricht sagen, dass gerade neue Pins zu deiner pers\u00f6nlichen Unterhaltung geladen werden. Es l\u00e4uft glatt und alles funktioniert perfekt. Du kannst deine Pin Reise gleich jetzt beginnen!<\/p>\n<p><\/span>\n<\/div>\n<div class=\"reviewsiteurl\">\n<a href=\"http:\/\/www.sex.com\/\" rel=\"nofollow\" base target=\"_self\"><span style=\"font-size:32px;font-style:normal;font-weight:bold;text-decoration:underline;\">Hier klicken, um die webseite zu besuchen <\/span><\/a>\n<\/div>\n<\/div>\n","protected":false},"excerpt":{"rendered":"<p>Zur\u00fcck zur Startseite Seitenbewertung sex sex.com Willkommen bei Sex.com \u2013 der teuersten Domain, die es jemals seit der Geburt des Internets gab. Was wirst du hier genau finden? Ein Pinterest des Sex. Wenn du wei\u00dft, was Pinterest ist und wie es funktioniert, kannst du sicher sein, dass du auch wei\u00dft, was Sex ist und wie <a href='https:\/\/www.thepornlist.net\/de\/image-gallery-sites\/sex\/' class='excerpt-more'>[&#8230;]<\/a><\/p>\n","protected":false},"author":1,"featured_media":0,"parent":9763,"menu_order":29290,"comment_status":"closed","ping_status":"closed","template":"0-autofill-tpl-template.php","meta":{"_acf_changed":false,"footnotes":""},"tags":[],"acf":[],"aioseo_notices":[],"_links":{"self":[{"href":"https:\/\/www.thepornlist.net\/de\/wp-json\/wp\/v2\/pages\/10184"}],"collection":[{"href":"https:\/\/www.thepornlist.net\/de\/wp-json\/wp\/v2\/pages"}],"about":[{"href":"https:\/\/www.thepornlist.net\/de\/wp-json\/wp\/v2\/types\/page"}],"author":[{"embeddable":true,"href":"https:\/\/www.thepornlist.net\/de\/wp-json\/wp\/v2\/users\/1"}],"replies":[{"embeddable":true,"href":"https:\/\/www.thepornlist.net\/de\/wp-json\/wp\/v2\/comments?post=10184"}],"version-history":[{"count":0,"href":"https:\/\/www.thepornlist.net\/de\/wp-json\/wp\/v2\/pages\/10184\/revisions"}],"up":[{"embeddable":true,"href":"https:\/\/www.thepornlist.net\/de\/wp-json\/wp\/v2\/pages\/9763"}],"wp:attachment":[{"href":"https:\/\/www.thepornlist.net\/de\/wp-json\/wp\/v2\/media?parent=10184"}],"wp:term":[{"taxonomy":"post_tag","embeddable":true,"href":"https:\/\/www.thepornlist.net\/de\/wp-json\/wp\/v2\/tags?post=10184"}],"curies":[{"name":"wp","href":"https:\/\/api.w.org\/{rel}","templated":true}]}}