{"id":10186,"date":"2015-09-12T08:45:25","date_gmt":"2015-09-12T08:45:25","guid":{"rendered":"https:\/\/www.thepornlist.net\/de\/image-gallery-sites\/snbabes\/"},"modified":"2019-05-07T10:18:26","modified_gmt":"2019-05-07T10:18:26","slug":"snbabes","status":"publish","type":"page","link":"https:\/\/www.thepornlist.net\/de\/image-gallery-sites\/snbabes\/","title":{"rendered":"snbabes.com"},"content":{"rendered":"<div class=\"pb\">\n<div class=\"hd\">\n<a href=\"https:\/\/www.thepornlist.net\/de\/\" base target=\"_self\">Zur\u00fcck zur Startseite<\/a>\n<\/div>\n<div class=\"hd2\">\n<span style=\"font-style:normal;font-weight:bold;\">Seitenbewertung<\/span>\n<\/div>\n<\/div>\n<div style=\"width:100%; margin-left:auto; margin-right:auto; clear:both;z-index:1; padding-top:5px; border-radius: 2px;\">\n<div class=\"reviewimg\">\n<p><a href=\"http:\/\/www.snbabes.com\/\" rel=\"nofollow\" base target=\"_self\"><img decoding=\"async\" src=\"https:\/\/www.thepornlist.net\/wp-content\/uploads\/2015\/review\/snbabes.jpg\" width=\"500\" height=\"500\" alt=\"Porn Tube\"><\/a><\/p>\n<\/div>\n<div class=\"reviewtitle\">\n<h1 style=\"font-family:Arial;font-size:56px;font-style:normal;font-weight:bold;color:#FF1F78;\">snbabes<\/h1>\n<\/div>\n<div class=\"reviewsub\">\n<h2 style=\"font-size:14px;font-style:normal;font-weight:bold;\">snbabes.com<\/H2>\n<\/div>\n<div class=\"reviewtext\">\n<span style=\"font-size:16px;font-style:normal;\">SnBabes.com ist eine Porno Webseite wo du gestaltete Porno Bilder aus verschiedenen Studios wie Met-ART, MPL Studios, Gemjoy, Twistys und anderen bekommen wirst.<\/br><\/p>\n<p>Sobald du SnBabes betrittst, wirst du einige riesige sexy Thumbnails bekommen. Dieses erste Seiten Layout wird dich f\u00fchlen lassen, dass du willkommen bist und du wirst denken, dass du auf einer gehobenen und hei\u00dfen Luxus Webseite angekommen bist. Klicke auf irgendein Vorschaubild und du wirst auf eine Seite gelangen, die mit noch mehr Fotos dieser Szene oder dieses Models gef\u00fcllt ist. Wenn ich mehr sage, dann meine ich nicht 2-3 Fotos sondern 10-15. Um nat\u00fcrlich noch mehr zu sehen, werden sie dir die M\u00f6glichkeit anbieten auf einen Link zu klicken um zur Webseite des Produzenten zu gelangen. Es ist so leicht zu verstehen, wie dieser Ort arbeitet.<\/br><\/p>\n<p>Du hast nicht viele Optionen um den Inhalt zu filtern oder zu durchst\u00f6bern. Um in das Archiv Men\u00fc zu kommen, musst du zur Homepage zur\u00fcckgehen und nach unten scrollen bis du ein Aufklappmen\u00fc mit Monaten bekommst. Es scheint im Moment so als ob die Webseite neu ist denn das Archiv endet dieses Jahr. Dort wirst du auch ein anderes Aufklappmen\u00fc sehen in dem du zwischen Studio \/ Sponsor \/ Kategorie \u2013 Babes.com, FTV Girls, X-Art und anderen ausw\u00e4hlen kannst.<br \/>\n<\/span>\n<\/div>\n<div class=\"reviewsiteurl\">\n<a href=\"http:\/\/www.snbabes.com\/\" rel=\"nofollow\" base target=\"_self\"><span style=\"font-size:32px;font-style:normal;font-weight:bold;text-decoration:underline;\">Hier klicken, um die webseite zu besuchen <\/span><\/a>\n<\/div>\n<\/div>\n","protected":false},"excerpt":{"rendered":"<p>Zur\u00fcck zur Startseite Seitenbewertung snbabes snbabes.com SnBabes.com ist eine Porno Webseite wo du gestaltete Porno Bilder aus verschiedenen Studios wie Met-ART, MPL Studios, Gemjoy, Twistys und anderen bekommen wirst. Sobald du SnBabes betrittst, wirst du einige riesige sexy Thumbnails bekommen. Dieses erste Seiten Layout wird dich f\u00fchlen lassen, dass du willkommen bist und du wirst <a href='https:\/\/www.thepornlist.net\/de\/image-gallery-sites\/snbabes\/' class='excerpt-more'>[&#8230;]<\/a><\/p>\n","protected":false},"author":1,"featured_media":0,"parent":9763,"menu_order":27670,"comment_status":"closed","ping_status":"closed","template":"0-autofill-tpl-template.php","meta":{"_acf_changed":false,"footnotes":""},"tags":[],"acf":[],"aioseo_notices":[],"_links":{"self":[{"href":"https:\/\/www.thepornlist.net\/de\/wp-json\/wp\/v2\/pages\/10186"}],"collection":[{"href":"https:\/\/www.thepornlist.net\/de\/wp-json\/wp\/v2\/pages"}],"about":[{"href":"https:\/\/www.thepornlist.net\/de\/wp-json\/wp\/v2\/types\/page"}],"author":[{"embeddable":true,"href":"https:\/\/www.thepornlist.net\/de\/wp-json\/wp\/v2\/users\/1"}],"replies":[{"embeddable":true,"href":"https:\/\/www.thepornlist.net\/de\/wp-json\/wp\/v2\/comments?post=10186"}],"version-history":[{"count":0,"href":"https:\/\/www.thepornlist.net\/de\/wp-json\/wp\/v2\/pages\/10186\/revisions"}],"up":[{"embeddable":true,"href":"https:\/\/www.thepornlist.net\/de\/wp-json\/wp\/v2\/pages\/9763"}],"wp:attachment":[{"href":"https:\/\/www.thepornlist.net\/de\/wp-json\/wp\/v2\/media?parent=10186"}],"wp:term":[{"taxonomy":"post_tag","embeddable":true,"href":"https:\/\/www.thepornlist.net\/de\/wp-json\/wp\/v2\/tags?post=10186"}],"curies":[{"name":"wp","href":"https:\/\/api.w.org\/{rel}","templated":true}]}}