{"id":10192,"date":"2015-09-12T08:28:04","date_gmt":"2015-09-12T08:28:04","guid":{"rendered":"https:\/\/www.thepornlist.net\/de\/image-gallery-sites\/iplayboy\/"},"modified":"2019-05-07T10:18:49","modified_gmt":"2019-05-07T10:18:49","slug":"iplayboy","status":"publish","type":"page","link":"https:\/\/www.thepornlist.net\/de\/image-gallery-sites\/iplayboy\/","title":{"rendered":"iplayboy.com"},"content":{"rendered":"<div class=\"pb\">\n<div class=\"hd\">\n<a href=\"https:\/\/www.thepornlist.net\/de\/\" base target=\"_self\">Zur\u00fcck zur Startseite<\/a>\n<\/div>\n<div class=\"hd2\">\n<span style=\"font-style:normal;font-weight:bold;\">Seitenbewertung<\/span>\n<\/div>\n<\/div>\n<div style=\"width:100%; margin-left:auto; margin-right:auto; clear:both;z-index:1; padding-top:5px; border-radius: 2px;\">\n<div class=\"reviewimg\">\n<p><a href=\"http:\/\/join.i.playboy.com\/track\/MTAwMTU4Ni4xNS4xMDM1LjExNTkuMC4wLjAuMC4w\" rel=\"nofollow\" base target=\"_self\"><img decoding=\"async\" src=\"https:\/\/www.thepornlist.net\/wp-content\/uploads\/2015\/review\/iplayboy.jpg\" width=\"500\" height=\"500\" alt=\"Porn Tube\"><\/a><\/p>\n<\/div>\n<div class=\"reviewtitle\">\n<h1 style=\"font-family:Arial;font-size:56px;font-style:normal;font-weight:bold;color:#FF1F78;\">iplayboy<\/h1>\n<\/div>\n<div class=\"reviewsub\">\n<h2 style=\"font-size:14px;font-style:normal;font-weight:bold;\">iplayboy.com<\/H2>\n<\/div>\n<div class=\"reviewtext\">\n<span style=\"font-size:16px;font-style:normal;\">Willkommen zum Playboy Paradies! Nein, ich habe mich nicht in dem riesigen ber\u00fchmten Schloss verlaufen, aber bei dieser Webseite f\u00fchlt es sich so an, als ob man dort w\u00e4re. IPlayboy.com ist der Ort an dem du wirklich jedes Thema dieses Magazins findest, das bisher ver\u00f6ffentlicht wurde! Alle hei\u00dfen Bilder, jede faszinierende Geschichte, jedes Playmate, Interview, genau hier sind die ber\u00fchmten Personen, auf dieser fantastischen Webseite!<\/br><\/p>\n<p>Schau dir die erstaunlichen Vorteile an, die du hast, wenn du dich auf Iplayboy.com anmeldest: unbegrenzten Zugang zu allen Themen des Magazins, Updates mit jedem neuen Thema sobald es ver\u00f6ffentlicht wird, beste Optimierung wenn du auf diese Seite von deinem Tablet aus zugreifen willst, 128 Bit verschl\u00fcsselte Transaktionen! Mehr als 700 Themen aus dem Magazin werden dir zur Verf\u00fcgung stehen, mehr als 100.000 Fotos k\u00f6nnen wann immer du willst von dir bewundert werden und mehr als 4.000 Models. Die dein Leben so viel gl\u00fccklicher machen werden!<\/br>  <\/p>\n<p>Um dich selbst davon \u00fcberzeugen zu k\u00f6nnen, dass die Webseite jeden einzelnen Cent wert ist, bekommst du eine freie Vorschau. Nach dieser Vorschau ist alles, was du tun musst den \u201ejetzt anmelden\u201c Schalter zu klicken und deine bevorzugte Zahlungsart aus den 3 Optionen auszusuchen, alle sind sehr attraktiv!<\/br><\/p>\n<p>Melde dich jetzt bei IPlayboy an und spiele wenn du magst!<br \/>\n<\/span>\n<\/div>\n<div class=\"reviewsiteurl\">\n<a href=\"http:\/\/join.i.playboy.com\/track\/MTAwMTU4Ni4xNS4xMDM1LjExNTkuMC4wLjAuMC4w\" rel=\"nofollow\" base target=\"_self\"><span style=\"font-size:32px;font-style:normal;font-weight:bold;text-decoration:underline;\">Hier klicken, um die webseite zu besuchen <\/span><\/a>\n<\/div>\n<\/div>\n","protected":false},"excerpt":{"rendered":"<p>Zur\u00fcck zur Startseite Seitenbewertung iplayboy iplayboy.com Willkommen zum Playboy Paradies! Nein, ich habe mich nicht in dem riesigen ber\u00fchmten Schloss verlaufen, aber bei dieser Webseite f\u00fchlt es sich so an, als ob man dort w\u00e4re. IPlayboy.com ist der Ort an dem du wirklich jedes Thema dieses Magazins findest, das bisher ver\u00f6ffentlicht wurde! Alle hei\u00dfen Bilder, <a href='https:\/\/www.thepornlist.net\/de\/image-gallery-sites\/iplayboy\/' class='excerpt-more'>[&#8230;]<\/a><\/p>\n","protected":false},"author":1,"featured_media":0,"parent":9763,"menu_order":32550,"comment_status":"closed","ping_status":"closed","template":"0-autofill-tpl-template.php","meta":{"_acf_changed":false,"footnotes":""},"tags":[],"acf":[],"aioseo_notices":[],"_links":{"self":[{"href":"https:\/\/www.thepornlist.net\/de\/wp-json\/wp\/v2\/pages\/10192"}],"collection":[{"href":"https:\/\/www.thepornlist.net\/de\/wp-json\/wp\/v2\/pages"}],"about":[{"href":"https:\/\/www.thepornlist.net\/de\/wp-json\/wp\/v2\/types\/page"}],"author":[{"embeddable":true,"href":"https:\/\/www.thepornlist.net\/de\/wp-json\/wp\/v2\/users\/1"}],"replies":[{"embeddable":true,"href":"https:\/\/www.thepornlist.net\/de\/wp-json\/wp\/v2\/comments?post=10192"}],"version-history":[{"count":0,"href":"https:\/\/www.thepornlist.net\/de\/wp-json\/wp\/v2\/pages\/10192\/revisions"}],"up":[{"embeddable":true,"href":"https:\/\/www.thepornlist.net\/de\/wp-json\/wp\/v2\/pages\/9763"}],"wp:attachment":[{"href":"https:\/\/www.thepornlist.net\/de\/wp-json\/wp\/v2\/media?parent=10192"}],"wp:term":[{"taxonomy":"post_tag","embeddable":true,"href":"https:\/\/www.thepornlist.net\/de\/wp-json\/wp\/v2\/tags?post=10192"}],"curies":[{"name":"wp","href":"https:\/\/api.w.org\/{rel}","templated":true}]}}