{"id":10196,"date":"2015-09-10T17:00:03","date_gmt":"2015-09-10T17:00:03","guid":{"rendered":"https:\/\/www.thepornlist.net\/de\/thebootybasement\/"},"modified":"2019-05-23T10:20:10","modified_gmt":"2019-05-23T10:20:10","slug":"thebootybasement","status":"publish","type":"page","link":"https:\/\/www.thepornlist.net\/de\/porn-blog-sites\/thebootybasement\/","title":{"rendered":"thebootybasement"},"content":{"rendered":"<div class=\"pb\">\n<div class=\"hd\">\n<a href=\"https:\/\/www.thepornlist.net\/de\/\" base target=\"_self\">Zur\u00fcck zur Startseite<\/a>\n<\/div>\n<div class=\"hd2\">\n<span style=\"font-style:normal;font-weight:bold;\">Seitenbewertung<\/span>\n<\/div>\n<\/div>\n<div style=\"width:100%; margin-left:auto; margin-right:auto; clear:both;z-index:1; padding-top:5px; border-radius: 2px;\">\n<div class=\"reviewimg\">\n<p><a href=\"http:\/\/www.thebootybasement.net\/\" rel=\"nofollow\" base target=\"_self\"><img decoding=\"async\" src=\"https:\/\/www.thepornlist.net\/wp-content\/uploads\/2015\/review\/thebootybasement.jpg\" width=\"500\" height=\"500\" alt=\"Porn Tube\"><\/a><\/p>\n<\/div>\n<div class=\"reviewtitle\">\n<h1 style=\"font-family:Arial;font-size:56px;font-style:normal;font-weight:bold;color:#FF1F78;\">thebootybasement<\/h1>\n<\/div>\n<div class=\"revienetub\">\n<h2 style=\"font-size:14px;font-style:normal;font-weight:bold;\">thebootybasement.net<\/H2>\n<\/div>\n<div class=\"reviewtext\">\n<span style=\"font-size:16px;font-style:normal;\">Ein Arsch, die beste Sache auf der ganzen Welt und thebootybasement.net wird dir jede Menge davon geben! Prachtvolle Luder tun das, was sie am besten mit ihrem Hintern tun k\u00f6nnen. Das Design der Webseite ist ganz akzeptabel und klar. <\/br><br \/>\nDie Hauptseite wird dir gro\u00dfe Vorschaubilder zeigen, manchmal animiert und manchmal statisch. Aber egal, du wirst sofort sp\u00fcren, dass du mehr sehen willst, glaub mir! Zuerst wirst du denken, das w\u00e4re eine angeheftete Seite, wenigstens sieht sie wie eine aus. Aber ganz unten wirst du das Ende sehen und die n\u00e4chsten Seiten. In jedem Post wirst du mehr Screenshots finden und ein Bild mit kleinen Vorschaubildern aus dem Video. Du wirst mit den Download Links versorgt werden denn sie hosten keine einzige Datei. Alles wird auf externen Servern gehostet. Sie nutzen externe Hosting Anbieter wie Deposit Files, File Factory oder RapidGator. Du wirst \u00fcberrascht sein von all diesen verr\u00fcckten \u00c4rschen und den besonderen Talenten dieser Ladies aber um es dir anzuschauen musst du warten bis dein Download beendet ist. Es sei denn, du willst mehr Geschwindigkeit aber dann musst du etwas Geld f\u00fcr Premium Accounts ausgeben. Aber selbst wenn du f\u00fcr diese Plattformen bezahlst, sie sind es ohne Frage wert. Schau vorbei und besuche sie!<\/span>\n<\/div>\n<div class=\"reviewsiteurl\">\n<a href=\"http:\/\/www.thebootybasement.net\/\" rel=\"nofollow\" base target=\"_self\"><span style=\"font-size:32px;font-style:normal;font-weight:bold;text-decoration:underline;\">Hier klicken, um die webseite zu besuchen <\/span><\/a>\n<\/div>\n<\/div>\n","protected":false},"excerpt":{"rendered":"<p>Zur\u00fcck zur Startseite Seitenbewertung thebootybasement thebootybasement.net Ein Arsch, die beste Sache auf der ganzen Welt und thebootybasement.net wird dir jede Menge davon geben! Prachtvolle Luder tun das, was sie am besten mit ihrem Hintern tun k\u00f6nnen. Das Design der Webseite ist ganz akzeptabel und klar. Die Hauptseite wird dir gro\u00dfe Vorschaubilder zeigen, manchmal animiert und <a href='https:\/\/www.thepornlist.net\/de\/porn-blog-sites\/thebootybasement\/' class='excerpt-more'>[&#8230;]<\/a><\/p>\n","protected":false},"author":1,"featured_media":0,"parent":10476,"menu_order":44710,"comment_status":"closed","ping_status":"closed","template":"0-autofill-tpl-template.php","meta":{"_acf_changed":false,"footnotes":""},"tags":[],"acf":[],"aioseo_notices":[],"_links":{"self":[{"href":"https:\/\/www.thepornlist.net\/de\/wp-json\/wp\/v2\/pages\/10196"}],"collection":[{"href":"https:\/\/www.thepornlist.net\/de\/wp-json\/wp\/v2\/pages"}],"about":[{"href":"https:\/\/www.thepornlist.net\/de\/wp-json\/wp\/v2\/types\/page"}],"author":[{"embeddable":true,"href":"https:\/\/www.thepornlist.net\/de\/wp-json\/wp\/v2\/users\/1"}],"replies":[{"embeddable":true,"href":"https:\/\/www.thepornlist.net\/de\/wp-json\/wp\/v2\/comments?post=10196"}],"version-history":[{"count":0,"href":"https:\/\/www.thepornlist.net\/de\/wp-json\/wp\/v2\/pages\/10196\/revisions"}],"up":[{"embeddable":true,"href":"https:\/\/www.thepornlist.net\/de\/wp-json\/wp\/v2\/pages\/10476"}],"wp:attachment":[{"href":"https:\/\/www.thepornlist.net\/de\/wp-json\/wp\/v2\/media?parent=10196"}],"wp:term":[{"taxonomy":"post_tag","embeddable":true,"href":"https:\/\/www.thepornlist.net\/de\/wp-json\/wp\/v2\/tags?post=10196"}],"curies":[{"name":"wp","href":"https:\/\/api.w.org\/{rel}","templated":true}]}}