{"id":10202,"date":"2015-09-10T16:55:42","date_gmt":"2015-09-10T16:55:42","guid":{"rendered":"https:\/\/www.thepornlist.net\/de\/sweetporn\/"},"modified":"2019-05-23T10:19:35","modified_gmt":"2019-05-23T10:19:35","slug":"sweetporn","status":"publish","type":"page","link":"https:\/\/www.thepornlist.net\/de\/porn-blog-sites\/sweetporn\/","title":{"rendered":"sweetporn"},"content":{"rendered":"<div class=\"pb\">\n<div class=\"hd\">\n<a href=\"https:\/\/www.thepornlist.net\/de\/\" base target=\"_self\">Zur\u00fcck zur Startseite<\/a>\n<\/div>\n<div class=\"hd2\">\n<span style=\"font-style:normal;font-weight:bold;\">Seitenbewertung<\/span>\n<\/div>\n<\/div>\n<div style=\"width:100%; margin-left:auto; margin-right:auto; clear:both;z-index:1; padding-top:5px; border-radius: 2px;\">\n<div class=\"reviewimg\">\n<p><a href=\"http:\/\/www.sweetporn.org\/\" rel=\"nofollow\" base target=\"_self\"><img decoding=\"async\" src=\"https:\/\/www.thepornlist.net\/wp-content\/uploads\/2015\/review\/sweetporn.jpg\" width=\"500\" height=\"500\" alt=\"Porn Tube\"><\/a><\/p>\n<\/div>\n<div class=\"reviewtitle\">\n<h1 style=\"font-family:Arial;font-size:56px;font-style:normal;font-weight:bold;color:#FF1F78;\">sweetporn<\/h1>\n<\/div>\n<div class=\"revieorgub\">\n<h2 style=\"font-size:14px;font-style:normal;font-weight:bold;\">sweetporn.org<\/H2>\n<\/div>\n<div class=\"reviewtext\">\n<span style=\"font-size:16px;font-style:normal;\">sweetporn.org, oh ja! S\u00fc\u00dfe Pornos mit Seiten Rips, was kann man sich noch mehr w\u00fcnschen? Tonnen von Pornos und kostenlos! Ganze Webseiten, die darauf warten heruntergeladen zu werden und alles, was du tun musst, ist einen Link zu klicken! Du solltest wissen, dass sie keine einzige Datei auf ihrem Server hosten. Daher ist der einzige Weg um Inhalte herunterzuladen es bei DepFile zu tun, einer Plattform zum Teilen auf der du Dinger downloaden kannst. <\/br><br \/>\nDiese Webseite liefert dir alles. Sie teilen wirklich akzeptable Inhalte aber die schlechte Nachricht ist, dass du Geld ausgeben musst um deine verr\u00fcckte Dosis an Pornos zu bekommen. Soweit ich sehen konnte, musst du Premium Mitglied sei um diese Dateien herunterladen zu k\u00f6nnen. Aber das ist agr nicht so schlecht denn du wirst nicht f\u00fcr die Inhalte zahlen, du musst nur ein paar Euro ausgeben um ein bisschen Spa\u00df zu haben. Wie sie sagen, decken sie alles an Pornos f\u00fcr jeden Geschmack ab und du kannst herausfinden ob das stimmt indem du bei ihnen vorbei schaust. Du wirst dort Zeug aus Nischen wie Asiatinnen, Ebonys, Extrem, Fetisch, Amateure Webcams und andere Leckerbissen herunterladen k\u00f6nnen Wenn du willst, kannst du Kommentare hinterlassen aber daf\u00fcr m\u00fcsstest du dich kostenlos anmelden.<br \/>\n<\/span>\n<\/div>\n<div class=\"reviewsiteurl\">\n<a href=\"http:\/\/www.sweetporn.org\/\" rel=\"nofollow\" base target=\"_self\"><span style=\"font-size:32px;font-style:normal;font-weight:bold;text-decoration:underline;\">Hier klicken, um die webseite zu besuchen <\/span><\/a>\n<\/div>\n<\/div>\n","protected":false},"excerpt":{"rendered":"<p>Zur\u00fcck zur Startseite Seitenbewertung sweetporn sweetporn.org sweetporn.org, oh ja! S\u00fc\u00dfe Pornos mit Seiten Rips, was kann man sich noch mehr w\u00fcnschen? Tonnen von Pornos und kostenlos! Ganze Webseiten, die darauf warten heruntergeladen zu werden und alles, was du tun musst, ist einen Link zu klicken! Du solltest wissen, dass sie keine einzige Datei auf ihrem <a href='https:\/\/www.thepornlist.net\/de\/porn-blog-sites\/sweetporn\/' class='excerpt-more'>[&#8230;]<\/a><\/p>\n","protected":false},"author":1,"featured_media":0,"parent":10476,"menu_order":44530,"comment_status":"closed","ping_status":"closed","template":"0-autofill-tpl-template.php","meta":{"_acf_changed":false,"footnotes":""},"tags":[],"acf":[],"aioseo_notices":[],"_links":{"self":[{"href":"https:\/\/www.thepornlist.net\/de\/wp-json\/wp\/v2\/pages\/10202"}],"collection":[{"href":"https:\/\/www.thepornlist.net\/de\/wp-json\/wp\/v2\/pages"}],"about":[{"href":"https:\/\/www.thepornlist.net\/de\/wp-json\/wp\/v2\/types\/page"}],"author":[{"embeddable":true,"href":"https:\/\/www.thepornlist.net\/de\/wp-json\/wp\/v2\/users\/1"}],"replies":[{"embeddable":true,"href":"https:\/\/www.thepornlist.net\/de\/wp-json\/wp\/v2\/comments?post=10202"}],"version-history":[{"count":0,"href":"https:\/\/www.thepornlist.net\/de\/wp-json\/wp\/v2\/pages\/10202\/revisions"}],"up":[{"embeddable":true,"href":"https:\/\/www.thepornlist.net\/de\/wp-json\/wp\/v2\/pages\/10476"}],"wp:attachment":[{"href":"https:\/\/www.thepornlist.net\/de\/wp-json\/wp\/v2\/media?parent=10202"}],"wp:term":[{"taxonomy":"post_tag","embeddable":true,"href":"https:\/\/www.thepornlist.net\/de\/wp-json\/wp\/v2\/tags?post=10202"}],"curies":[{"name":"wp","href":"https:\/\/api.w.org\/{rel}","templated":true}]}}