{"id":10204,"date":"2015-09-10T16:54:31","date_gmt":"2015-09-10T16:54:31","guid":{"rendered":"https:\/\/www.thepornlist.net\/de\/porno-rips\/"},"modified":"2019-05-23T10:18:40","modified_gmt":"2019-05-23T10:18:40","slug":"porno-rips","status":"publish","type":"page","link":"https:\/\/www.thepornlist.net\/de\/porn-blog-sites\/porno-rips\/","title":{"rendered":"porno-rips"},"content":{"rendered":"<div class=\"pb\">\n<div class=\"hd\">\n<a href=\"https:\/\/www.thepornlist.net\/de\/\" base target=\"_self\">Zur\u00fcck zur Startseite<\/a>\n<\/div>\n<div class=\"hd2\">\n<span style=\"font-style:normal;font-weight:bold;\">Seitenbewertung<\/span>\n<\/div>\n<\/div>\n<div style=\"width:100%; margin-left:auto; margin-right:auto; clear:both;z-index:1; padding-top:5px; border-radius: 2px;\">\n<div class=\"reviewimg\">\n<p><a href=\"http:\/\/www.porno-rips.com\/\" rel=\"nofollow\" base target=\"_self\"><img decoding=\"async\" src=\"https:\/\/www.thepornlist.net\/wp-content\/uploads\/2015\/review\/porno-rips.jpg\" width=\"500\" height=\"500\" alt=\"Porn Tube\"><\/a><\/p>\n<\/div>\n<div class=\"reviewtitle\">\n<h1 style=\"font-family:Arial;font-size:56px;font-style:normal;font-weight:bold;color:#FF1F78;\">porno-rips<\/h1>\n<\/div>\n<div class=\"reviecomub\">\n<h2 style=\"font-size:14px;font-style:normal;font-weight:bold;\">porno-rips.com<\/H2>\n<\/div>\n<div class=\"reviewtext\">\n<span style=\"font-size:16px;font-style:normal;\">Wenn du es satt hast nach einer Seite mit Videos von Pornostars und Seiten Rips zu suchen, weil nur das dich total befriedigen kann, dann habe ich gute Nachrichten f\u00fcr dich! Porno-Rips.com ist eine wahre Schatztruhe voller Seiten Rips! <\/br><\/p>\n<p>Willkommen bei Porno-Rips! Hier kannst du \u00fcber 420 Seiten von Pornostars und Seiten Rips genie\u00dfen! Es gibt 3 Hauptkategorien auf dieser Webseite: My Dirty Hobby, Porno Seiten Rips und Pornostar Videos. Das Gebiet, das durch diese Kategorien abgedeckt wird, ist wirklich riesig: Facials, Orgasmen, unter dem Rock, 18 Inch Schmerzen, nur Girls, interracial, Jungfrauen Sex, nat\u00fcrlich, Fu\u00dfkunst, Schwarze mit Blondinen, zwei Luder und ein Schwanz, Solos, Porno Action, wow Filme, \u00f6ffentliche Action, missbrauchte Pornostars, hinrei\u00dfende Beine, Amateur 18, ver\u00e4nderte Arschl\u00f6cher, Abenteuer nach der Schule und noch viele andere! Auf der echten Seite der Seite kannst du die Liste aller Seiten Rips sehen und auch die Liste der Videos mit Pornostars. <\/br><\/p>\n<p>Wenn du auf irgendeine dieser Seiten mit Pornostars oder Seiten Rps klickt, f\u00fchrt dich das zu einer neuen Seite auf der du mehr Informationen \u00fcber den Pornostar bekommst (so wie: ihr Name, Land Geburtstag, Gr\u00f6\u00dfe, Gewicht, K\u00f6rbchengr\u00f6\u00dfe und mehr). Direkt unter diesen Details findest du eine lange Liste mit Links zum kostenlosen Download des Inhalts. <\/br><br \/>\nBesuche Porno-Rips.com und beginne gleich das Downloaden!<br \/>\n<\/span>\n<\/div>\n<div class=\"reviewsiteurl\">\n<a href=\"http:\/\/www.porno-rips.com\/\" rel=\"nofollow\" base target=\"_self\"><span style=\"font-size:32px;font-style:normal;font-weight:bold;text-decoration:underline;\">Hier klicken, um die webseite zu besuchen <\/span><\/a>\n<\/div>\n<\/div>\n","protected":false},"excerpt":{"rendered":"<p>Zur\u00fcck zur Startseite Seitenbewertung porno-rips porno-rips.com Wenn du es satt hast nach einer Seite mit Videos von Pornostars und Seiten Rips zu suchen, weil nur das dich total befriedigen kann, dann habe ich gute Nachrichten f\u00fcr dich! Porno-Rips.com ist eine wahre Schatztruhe voller Seiten Rips! Willkommen bei Porno-Rips! Hier kannst du \u00fcber 420 Seiten von <a href='https:\/\/www.thepornlist.net\/de\/porn-blog-sites\/porno-rips\/' class='excerpt-more'>[&#8230;]<\/a><\/p>\n","protected":false},"author":1,"featured_media":0,"parent":10476,"menu_order":44490,"comment_status":"closed","ping_status":"closed","template":"0-autofill-tpl-template.php","meta":{"_acf_changed":false,"footnotes":""},"tags":[],"acf":[],"aioseo_notices":[],"_links":{"self":[{"href":"https:\/\/www.thepornlist.net\/de\/wp-json\/wp\/v2\/pages\/10204"}],"collection":[{"href":"https:\/\/www.thepornlist.net\/de\/wp-json\/wp\/v2\/pages"}],"about":[{"href":"https:\/\/www.thepornlist.net\/de\/wp-json\/wp\/v2\/types\/page"}],"author":[{"embeddable":true,"href":"https:\/\/www.thepornlist.net\/de\/wp-json\/wp\/v2\/users\/1"}],"replies":[{"embeddable":true,"href":"https:\/\/www.thepornlist.net\/de\/wp-json\/wp\/v2\/comments?post=10204"}],"version-history":[{"count":0,"href":"https:\/\/www.thepornlist.net\/de\/wp-json\/wp\/v2\/pages\/10204\/revisions"}],"up":[{"embeddable":true,"href":"https:\/\/www.thepornlist.net\/de\/wp-json\/wp\/v2\/pages\/10476"}],"wp:attachment":[{"href":"https:\/\/www.thepornlist.net\/de\/wp-json\/wp\/v2\/media?parent=10204"}],"wp:term":[{"taxonomy":"post_tag","embeddable":true,"href":"https:\/\/www.thepornlist.net\/de\/wp-json\/wp\/v2\/tags?post=10204"}],"curies":[{"name":"wp","href":"https:\/\/api.w.org\/{rel}","templated":true}]}}