{"id":10208,"date":"2015-09-10T16:52:07","date_gmt":"2015-09-10T16:52:07","guid":{"rendered":"https:\/\/www.thepornlist.net\/de\/serakon\/"},"modified":"2019-05-23T10:24:50","modified_gmt":"2019-05-23T10:24:50","slug":"serakon","status":"publish","type":"page","link":"https:\/\/www.thepornlist.net\/de\/porn-blog-sites\/serakon\/","title":{"rendered":"serakon"},"content":{"rendered":"<div class=\"pb\">\n<div class=\"hd\">\n<a href=\"https:\/\/www.thepornlist.net\/de\/\" base target=\"_self\">Zur\u00fcck zur Startseite<\/a>\n<\/div>\n<div class=\"hd2\">\n<span style=\"font-style:normal;font-weight:bold;\">Seitenbewertung<\/span>\n<\/div>\n<\/div>\n<div style=\"width:100%; margin-left:auto; margin-right:auto; clear:both;z-index:1; padding-top:5px; border-radius: 2px;\">\n<div class=\"reviewimg\">\n<p><a href=\"http:\/\/www.serakon.com\/\" rel=\"nofollow\" base target=\"_self\"><img decoding=\"async\" src=\"https:\/\/www.thepornlist.net\/wp-content\/uploads\/2015\/review\/serakon.jpg\" width=\"500\" height=\"500\" alt=\"Porn Tube\"><\/a><\/p>\n<\/div>\n<div class=\"reviewtitle\">\n<h1 style=\"font-family:Arial;font-size:56px;font-style:normal;font-weight:bold;color:#FF1F78;\">serakon<\/h1>\n<\/div>\n<div class=\"reviecomub\">\n<h2 style=\"font-size:14px;font-style:normal;font-weight:bold;\">serakon.com<\/H2>\n<\/div>\n<div class=\"reviewtext\">\n<span style=\"font-size:16px;font-style:normal;\">serakon.com ist eine Porno Webseite, wer h\u00e4tte das erraten? Ich wei\u00df auch nicht, aber bestimmt nicht wegen des Namens! Ich mag das Design, es ist gro\u00dfartig. Aber du musst wissen, dass die Seite nicht auf englisch ist. Die Sprache dieser coolen Webseite ist spanisch. Aber die Sprache ist wohl kein Problem wenn es um Pornos geht. Diese Webseite teilt ganze DVDs. Und ja, eine Menge Leute schauen sich auch heutzutage noch DVDs an. Diese Webseite deckt viele Kategorien ab so wie Creampie, anal, Amateur, Gangbangs und andere Dinge, die dir sicher gefallen werden. Ich empfehle dir die Webseite wirklich. <\/br><br \/>\nUm den Inhalt herunterzuladen musst du zu verschiedenen Hosting Plattformen denn sie hosten selbst keine Inhalte auf ihrem Server. Du hast die M\u00f6glichkeit kostenlose Hosting Anbieter wie uploaded.net oder bigfile.to zu verwenden. Der Nachteil dieser Plattformen ist, dass du geduldig sein und warten musst da die Bandbreite limitiert ist. Du kannst schlie\u00dflich nicht alles haben. Der Inhalt ist kostenlos, wenn du ihn also schnell herunterladen musst, solltest du dich f\u00fcr einen Premium Account bei diesen Webseiten anmelden. Meiner Meinung nach ist das jeden Cent wert, den du dort ausgibst. <\/br><br \/>\nSetze jetzt ein Lesezeichen bei dieser Seite und genie\u00dfe sie sp\u00e4ter!<br \/>\n<\/span>\n<\/div>\n<div class=\"reviewsiteurl\">\n<a href=\"http:\/\/www.serakon.com\/\" rel=\"nofollow\" base target=\"_self\"><span style=\"font-size:32px;font-style:normal;font-weight:bold;text-decoration:underline;\">Hier klicken, um die webseite zu besuchen <\/span><\/a>\n<\/div>\n<\/div>\n","protected":false},"excerpt":{"rendered":"<p>Zur\u00fcck zur Startseite Seitenbewertung serakon serakon.com serakon.com ist eine Porno Webseite, wer h\u00e4tte das erraten? Ich wei\u00df auch nicht, aber bestimmt nicht wegen des Namens! Ich mag das Design, es ist gro\u00dfartig. Aber du musst wissen, dass die Seite nicht auf englisch ist. Die Sprache dieser coolen Webseite ist spanisch. Aber die Sprache ist wohl <a href='https:\/\/www.thepornlist.net\/de\/porn-blog-sites\/serakon\/' class='excerpt-more'>[&#8230;]<\/a><\/p>\n","protected":false},"author":1,"featured_media":0,"parent":10476,"menu_order":44230,"comment_status":"closed","ping_status":"closed","template":"0-autofill-tpl-template.php","meta":{"_acf_changed":false,"footnotes":""},"tags":[],"acf":[],"aioseo_notices":[],"_links":{"self":[{"href":"https:\/\/www.thepornlist.net\/de\/wp-json\/wp\/v2\/pages\/10208"}],"collection":[{"href":"https:\/\/www.thepornlist.net\/de\/wp-json\/wp\/v2\/pages"}],"about":[{"href":"https:\/\/www.thepornlist.net\/de\/wp-json\/wp\/v2\/types\/page"}],"author":[{"embeddable":true,"href":"https:\/\/www.thepornlist.net\/de\/wp-json\/wp\/v2\/users\/1"}],"replies":[{"embeddable":true,"href":"https:\/\/www.thepornlist.net\/de\/wp-json\/wp\/v2\/comments?post=10208"}],"version-history":[{"count":0,"href":"https:\/\/www.thepornlist.net\/de\/wp-json\/wp\/v2\/pages\/10208\/revisions"}],"up":[{"embeddable":true,"href":"https:\/\/www.thepornlist.net\/de\/wp-json\/wp\/v2\/pages\/10476"}],"wp:attachment":[{"href":"https:\/\/www.thepornlist.net\/de\/wp-json\/wp\/v2\/media?parent=10208"}],"wp:term":[{"taxonomy":"post_tag","embeddable":true,"href":"https:\/\/www.thepornlist.net\/de\/wp-json\/wp\/v2\/tags?post=10208"}],"curies":[{"name":"wp","href":"https:\/\/api.w.org\/{rel}","templated":true}]}}