{"id":10211,"date":"2015-09-10T16:49:48","date_gmt":"2015-09-10T16:49:48","guid":{"rendered":"https:\/\/www.thepornlist.net\/de\/traxxxa\/"},"modified":"2019-05-23T10:23:41","modified_gmt":"2019-05-23T10:23:41","slug":"traxxxa","status":"publish","type":"page","link":"https:\/\/www.thepornlist.net\/de\/porn-blog-sites\/traxxxa\/","title":{"rendered":"Traxxxa"},"content":{"rendered":"<div class=\"pb\">\n<div class=\"hd\">\n<a href=\"https:\/\/www.thepornlist.net\" base target=\"_self\">Zur\u00fcck zur Startseite<\/a>\n<\/div>\n<div class=\"hd2\">\n<span style=\"font-style:normal;font-weight:bold;\">Site Review<\/span>\n<\/div>\n<\/div>\n<div style=\"width:100%; margin-left:auto; margin-right:auto; clear:both;z-index:1; padding-top:5px; border-radius: 2px;\">\n<div class=\"reviewimg\">\n<p><a href=\"http:\/\/www.traxxxa.com\/\" rel=\"nofollow\" base target=\"_self\"><img decoding=\"async\" src=\"https:\/\/www.thepornlist.net\/wp-content\/uploads\/2015\/review\/traxxxa.jpg\" width=\"500\" height=\"500\" alt=\"Porn Tube\"><\/a><\/p>\n<\/div>\n<div class=\"reviewtitle\">\n<h1 style=\"font-family:Arial;font-size:56px;font-style:normal;font-weight:bold;color:#FF1F78;\">traxxxa<\/h1>\n<\/div>\n<div class=\"reviecomub\">\n<h2 style=\"font-size:14px;font-style:normal;font-weight:bold;\">traxxxa.com<\/H2>\n<\/div>\n<div class=\"reviewtext\">\n<span style=\"font-size:16px;font-style:normal;\"><br \/>\nTraxxxa.com ist ein guter Ort und ich will euch jetzt auch sagen warum. Wenn du darauf stehst ganze DVDs in deine Finger zu bekommen, dann mein lieber Freund wirst du dies Webseite lieben. Ihr Design ist ziemlich annehmbar und es gibt sie schon seit \u00fcber 5 Jahren. Das bedeutet, dass sie alles richtig machen m\u00fcssen. Sie teilen Inhalte in 720p und 1080p, alles ist von bester Qualit\u00e4t und alles was du tun musst um deine richtige Dosis an Pornos zu bekommen, ist sie herunterzuladen. Um das zu tun musst du deine Dateien von einem Hosting Anbieter downloaden, kostenlos aber mit geringer Bandbreite. Um das zu vermeiden musst du eine Anmeldung f\u00fcr einen Premium Account kaufen. <\/br><br \/>\nAber glaub mir, wenn du einen Premium Account bei Keep 2 Share anmeldest, wirst du merken, dass du dein Geld gut angelegt hast. Die Inhalte in Top Qualit\u00e4t sind jeden Cent wert, den du daf\u00fcr ausgibst. Ich wei\u00df nicht wie sie diese iNhalte in Top Qualit\u00e4t kostenlos zur Verf\u00fcgung stellen k\u00f6nnen, und vielleicht ist es auch besser das nicht zu wissen aber es ist gutes Zeug und nichts anderes z\u00e4hlt. Dies ist eine der Webseiten bei denen es ein Muss ist ein Lesezeichen zu setzen, also mach es gleich!<br \/>\n<\/span>\n<\/div>\n<div class=\"reviewsiteurl\">\n<a href=\"http:\/\/www.traxxxa.com\/\" rel=\"nofollow\" base target=\"_self\"><span style=\"font-size:32px;font-style:normal;font-weight:bold;text-decoration:underline;\">Click Here To Visit traxxxa<\/span><\/a>\n<\/div>\n<\/div>\n","protected":false},"excerpt":{"rendered":"<p>Zur\u00fcck zur Startseite Site Review traxxxa traxxxa.com Traxxxa.com ist ein guter Ort und ich will euch jetzt auch sagen warum. Wenn du darauf stehst ganze DVDs in deine Finger zu bekommen, dann mein lieber Freund wirst du dies Webseite lieben. Ihr Design ist ziemlich annehmbar und es gibt sie schon seit \u00fcber 5 Jahren. Das <a href='https:\/\/www.thepornlist.net\/de\/porn-blog-sites\/traxxxa\/' class='excerpt-more'>[&#8230;]<\/a><\/p>\n","protected":false},"author":1,"featured_media":0,"parent":10476,"menu_order":44090,"comment_status":"closed","ping_status":"closed","template":"0-autofill-tpl-template.php","meta":{"_acf_changed":false,"footnotes":""},"tags":[],"acf":[],"aioseo_notices":[],"_links":{"self":[{"href":"https:\/\/www.thepornlist.net\/de\/wp-json\/wp\/v2\/pages\/10211"}],"collection":[{"href":"https:\/\/www.thepornlist.net\/de\/wp-json\/wp\/v2\/pages"}],"about":[{"href":"https:\/\/www.thepornlist.net\/de\/wp-json\/wp\/v2\/types\/page"}],"author":[{"embeddable":true,"href":"https:\/\/www.thepornlist.net\/de\/wp-json\/wp\/v2\/users\/1"}],"replies":[{"embeddable":true,"href":"https:\/\/www.thepornlist.net\/de\/wp-json\/wp\/v2\/comments?post=10211"}],"version-history":[{"count":0,"href":"https:\/\/www.thepornlist.net\/de\/wp-json\/wp\/v2\/pages\/10211\/revisions"}],"up":[{"embeddable":true,"href":"https:\/\/www.thepornlist.net\/de\/wp-json\/wp\/v2\/pages\/10476"}],"wp:attachment":[{"href":"https:\/\/www.thepornlist.net\/de\/wp-json\/wp\/v2\/media?parent=10211"}],"wp:term":[{"taxonomy":"post_tag","embeddable":true,"href":"https:\/\/www.thepornlist.net\/de\/wp-json\/wp\/v2\/tags?post=10211"}],"curies":[{"name":"wp","href":"https:\/\/api.w.org\/{rel}","templated":true}]}}