{"id":10220,"date":"2015-09-10T16:43:52","date_gmt":"2015-09-10T16:43:52","guid":{"rendered":"https:\/\/www.thepornlist.net\/de\/teenmushi\/"},"modified":"2019-05-23T10:22:21","modified_gmt":"2019-05-23T10:22:21","slug":"teenmushi","status":"publish","type":"page","link":"https:\/\/www.thepornlist.net\/de\/porn-blog-sites\/teenmushi\/","title":{"rendered":"Teenmushi"},"content":{"rendered":"<div class=\"pb\">\n<div class=\"hd\">\n<a href=\"https:\/\/www.thepornlist.net\" base target=\"_self\">Zur\u00fcck zur Startseite<\/a>\n<\/div>\n<div class=\"hd2\">\n<span style=\"font-style:normal;font-weight:bold;\">Site Review<\/span>\n<\/div>\n<\/div>\n<div style=\"width:100%; margin-left:auto; margin-right:auto; clear:both;z-index:1; padding-top:5px; border-radius: 2px;\">\n<div class=\"reviewimg\">\n<p><a href=\"http:\/\/www.teenmushi.org\/\" rel=\"nofollow\" base target=\"_self\"><img decoding=\"async\" src=\"https:\/\/www.thepornlist.net\/wp-content\/uploads\/2015\/review\/teenmushi.jpg\" width=\"500\" height=\"500\" alt=\"Porn Tube\"><\/a><\/p>\n<\/div>\n<div class=\"reviewtitle\">\n<h1 style=\"font-family:Arial;font-size:56px;font-style:normal;font-weight:bold;color:#FF1F78;\">teenmushi<\/h1>\n<\/div>\n<div class=\"revieorgub\">\n<h2 style=\"font-size:14px;font-style:normal;font-weight:bold;\">teenmushi.org<\/H2>\n<\/div>\n<div class=\"reviewtext\">\n<span style=\"font-size:16px;font-style:normal;\"><br \/>\nIch will euch teenmushi pr\u00e4sentieren, einen Blog, der Teens die Pornos drehen in den Mittelpunkt stellt. Es sind qualitativ hochwertige Inhalte, die man hier finden kann. Ihre Ver\u00f6ffentlichungen werden nicht viele Worte auf den Inhalt verschwenden, du bekommst nur den Titel und ein paar W\u00f6rter falls du wissen willst welche Action dich erwarten wird. <\/br><br \/>\nAber das ist nicht das einzige denn der beste Weg um etwas herauszufinden ist, dich auf die Vorschaubilder zu konzentrieren. Ja, die Vorschaubilder werden dir zeigen, dass es sich um Qualit\u00e4tssachen handelt. Sie haben keine Dateien auf ihrem Server, also ist der einzige Weg f\u00fcr dich um etwas herunterzuladen, einen kostenlosen Hosting Anbieter zu verwenden. Keep2Share ist ganz annehmbar aber wenn du deine Dosis an kostenlosen Pornos herunterladen willst, dann musst du warten und geduldig sein denn der Service ist begrenzt. Der einzige Weg um die Dinge zu beschleunigen ist dich f\u00fcr einen Premium Account anzumelden. Meiner Meinung nach ist es ein guter Blog f\u00fcr ein Lesezeichen. Aber pa\u00df auf deine Frau auf, wenn sie es herausfindet, hast du ein Problem. Also los, klicke und besuche diesen Ort der S\u00fcnde, genie\u00dfe es und hab Spa\u00df! <\/br><br \/>\n<\/span>\n<\/div>\n<div class=\"reviewsiteurl\">\n<a href=\"http:\/\/www.teenmushi.org\/\" rel=\"nofollow\" base target=\"_self\"><span style=\"font-size:32px;font-style:normal;font-weight:bold;text-decoration:underline;\">Click Here To Visit teenmushi<\/span><\/a>\n<\/div>\n<\/div>\n","protected":false},"excerpt":{"rendered":"<p>Zur\u00fcck zur Startseite Site Review teenmushi teenmushi.org Ich will euch teenmushi pr\u00e4sentieren, einen Blog, der Teens die Pornos drehen in den Mittelpunkt stellt. Es sind qualitativ hochwertige Inhalte, die man hier finden kann. Ihre Ver\u00f6ffentlichungen werden nicht viele Worte auf den Inhalt verschwenden, du bekommst nur den Titel und ein paar W\u00f6rter falls du wissen <a href='https:\/\/www.thepornlist.net\/de\/porn-blog-sites\/teenmushi\/' class='excerpt-more'>[&#8230;]<\/a><\/p>\n","protected":false},"author":1,"featured_media":0,"parent":10476,"menu_order":43410,"comment_status":"closed","ping_status":"closed","template":"0-autofill-tpl-template.php","meta":{"_acf_changed":false,"footnotes":""},"tags":[],"acf":[],"aioseo_notices":[],"_links":{"self":[{"href":"https:\/\/www.thepornlist.net\/de\/wp-json\/wp\/v2\/pages\/10220"}],"collection":[{"href":"https:\/\/www.thepornlist.net\/de\/wp-json\/wp\/v2\/pages"}],"about":[{"href":"https:\/\/www.thepornlist.net\/de\/wp-json\/wp\/v2\/types\/page"}],"author":[{"embeddable":true,"href":"https:\/\/www.thepornlist.net\/de\/wp-json\/wp\/v2\/users\/1"}],"replies":[{"embeddable":true,"href":"https:\/\/www.thepornlist.net\/de\/wp-json\/wp\/v2\/comments?post=10220"}],"version-history":[{"count":0,"href":"https:\/\/www.thepornlist.net\/de\/wp-json\/wp\/v2\/pages\/10220\/revisions"}],"up":[{"embeddable":true,"href":"https:\/\/www.thepornlist.net\/de\/wp-json\/wp\/v2\/pages\/10476"}],"wp:attachment":[{"href":"https:\/\/www.thepornlist.net\/de\/wp-json\/wp\/v2\/media?parent=10220"}],"wp:term":[{"taxonomy":"post_tag","embeddable":true,"href":"https:\/\/www.thepornlist.net\/de\/wp-json\/wp\/v2\/tags?post=10220"}],"curies":[{"name":"wp","href":"https:\/\/api.w.org\/{rel}","templated":true}]}}