{"id":10230,"date":"2015-09-10T16:37:54","date_gmt":"2015-09-10T16:37:54","guid":{"rendered":"https:\/\/www.thepornlist.net\/de\/piratxxx\/"},"modified":"2019-05-23T10:20:52","modified_gmt":"2019-05-23T10:20:52","slug":"piratxxx","status":"publish","type":"page","link":"https:\/\/www.thepornlist.net\/de\/porn-blog-sites\/piratxxx\/","title":{"rendered":"Piratxxx"},"content":{"rendered":"<div class=\"pb\">\n<div class=\"hd\">\n<a href=\"https:\/\/www.thepornlist.net\/de\/\" base target=\"_self\">Zur\u00fcck zur Startseite<\/a>\n<\/div>\n<div class=\"hd2\">\n<span style=\"font-style:normal;font-weight:bold;\">Seitenbewertung<\/span>\n<\/div>\n<\/div>\n<div style=\"width:100%; margin-left:auto; margin-right:auto; clear:both;z-index:1; padding-top:5px; border-radius: 2px;\">\n<div class=\"reviewimg\">\n<p><a href=\"http:\/\/www.piratxxx.net\/\" rel=\"nofollow\" base target=\"_self\"><img decoding=\"async\" src=\"https:\/\/www.thepornlist.net\/wp-content\/uploads\/2015\/review\/piratxxx.jpg\" width=\"500\" height=\"500\" alt=\"Porn Tube\"><\/a><\/p>\n<\/div>\n<div class=\"reviewtitle\">\n<h1 style=\"font-family:Arial;font-size:56px;font-style:normal;font-weight:bold;color:#FF1F78;\">piratxxx<\/h1>\n<\/div>\n<div class=\"revienetub\">\n<h2 style=\"font-size:14px;font-style:normal;font-weight:bold;\">piratxxx.net<\/H2>\n<\/div>\n<div class=\"reviewtext\">\n<span style=\"font-size:16px;font-style:normal;\">PiratXXX.net ist der Ort an dem du kostenlose Porno Videos und XXX Filme in voller L\u00e4nge downloaden kannst und zwar aus Nischen wie Amateur, asiatisch, gro\u00dfe M\u00f6pse, schwarz, Fetisch, Gruppensex, Lesben, Milf, Teen Vintage, BBW, fett, BDSM, Femdom, klassisch,HD Pornos, Latex, Nylon, F\u00fc\u00dfe, Gilf, reif, rauchen, Teens und mehr. Du wirst auch in der Lage sein dort Inhalte f\u00fcr Erwachsene aus verschiedenen Magazinen herunterzuladen oder Zugang zu Hentais und Spielen bekommen und Bilder sehen. <\/br><\/p>\n<p>Es funktioniert wie bei jeder anderen Plattform dieser Art: du kannst alles, was du willst kostenlos downloaden doch das wird mit langsamer Geschwindigkeit geschehen. Wenn du besondere Angebote und eine schnellere Download Geschwindigkeit m\u00f6chtest, musst du dich zu einer bezahlten Mitgliedschaft bei ihren Partner Hosting Plattformen anmelden: RapidGator oder DaoFile. <\/br><\/p>\n<p>Es scheint, dass PiratXXX einen News Bereich hat, wo du den neuesten Klatsch und Tratsch von und \u00fcber die Porno Industrie entdecken kannst falls du in der Stimmung zum lesen bist. Oder nicht \u2013 denn es gibt nur eine gro\u00dfe Fehlermeldung nachdem du auf den News Schalter geklickt hast. Lasst uns hoffen, dass sie dieses Problem so bald wie m\u00f6glich beheben. <\/br><\/p>\n<p>Falls du Shemale Pornos oder schwule Materialien willst, dann hat PiratXXX andere Webseiten, die dir genau das liefern, wonach du suchst.<br \/>\n<\/span>\n<\/div>\n<div class=\"reviewsiteurl\">\n<a href=\"http:\/\/www.piratxxx.net\/\" rel=\"nofollow\" base target=\"_self\"><span style=\"font-size:32px;font-style:normal;font-weight:bold;text-decoration:underline;\">Hier klicken, um die webseite zu besuchen <\/span><\/a>\n<\/div>\n<\/div>\n","protected":false},"excerpt":{"rendered":"<p>Zur\u00fcck zur Startseite Seitenbewertung piratxxx piratxxx.net PiratXXX.net ist der Ort an dem du kostenlose Porno Videos und XXX Filme in voller L\u00e4nge downloaden kannst und zwar aus Nischen wie Amateur, asiatisch, gro\u00dfe M\u00f6pse, schwarz, Fetisch, Gruppensex, Lesben, Milf, Teen Vintage, BBW, fett, BDSM, Femdom, klassisch,HD Pornos, Latex, Nylon, F\u00fc\u00dfe, Gilf, reif, rauchen, Teens und mehr. <a href='https:\/\/www.thepornlist.net\/de\/porn-blog-sites\/piratxxx\/' class='excerpt-more'>[&#8230;]<\/a><\/p>\n","protected":false},"author":1,"featured_media":0,"parent":10476,"menu_order":42990,"comment_status":"closed","ping_status":"closed","template":"0-autofill-tpl-template.php","meta":{"_acf_changed":false,"footnotes":""},"tags":[],"acf":[],"aioseo_notices":[],"_links":{"self":[{"href":"https:\/\/www.thepornlist.net\/de\/wp-json\/wp\/v2\/pages\/10230"}],"collection":[{"href":"https:\/\/www.thepornlist.net\/de\/wp-json\/wp\/v2\/pages"}],"about":[{"href":"https:\/\/www.thepornlist.net\/de\/wp-json\/wp\/v2\/types\/page"}],"author":[{"embeddable":true,"href":"https:\/\/www.thepornlist.net\/de\/wp-json\/wp\/v2\/users\/1"}],"replies":[{"embeddable":true,"href":"https:\/\/www.thepornlist.net\/de\/wp-json\/wp\/v2\/comments?post=10230"}],"version-history":[{"count":0,"href":"https:\/\/www.thepornlist.net\/de\/wp-json\/wp\/v2\/pages\/10230\/revisions"}],"up":[{"embeddable":true,"href":"https:\/\/www.thepornlist.net\/de\/wp-json\/wp\/v2\/pages\/10476"}],"wp:attachment":[{"href":"https:\/\/www.thepornlist.net\/de\/wp-json\/wp\/v2\/media?parent=10230"}],"wp:term":[{"taxonomy":"post_tag","embeddable":true,"href":"https:\/\/www.thepornlist.net\/de\/wp-json\/wp\/v2\/tags?post=10230"}],"curies":[{"name":"wp","href":"https:\/\/api.w.org\/{rel}","templated":true}]}}