{"id":10231,"date":"2015-09-10T16:37:18","date_gmt":"2015-09-10T16:37:18","guid":{"rendered":"https:\/\/www.thepornlist.net\/de\/megabusty\/"},"modified":"2019-10-17T11:58:06","modified_gmt":"2019-10-17T11:58:06","slug":"megabusty","status":"publish","type":"page","link":"https:\/\/www.thepornlist.net\/de\/big-boobs-porn-sites\/megabusty\/","title":{"rendered":"Megabusty"},"content":{"rendered":"<div class=\"pb\">\n<div class=\"hd\">\n<a href=\"https:\/\/www.thepornlist.net\/de\/\" base target=\"_self\" rel=\"noopener noreferrer\">Zur\u00fcck zur Startseite<\/a>\n<\/div>\n<div class=\"hd2\">\n<span style=\"font-style:normal;font-weight:bold;\">Seitenbewertung<\/span>\n<\/div>\n<\/div>\n<div style=\"width:100%; margin-left:auto; margin-right:auto; clear:both;z-index:1; padding-top:5px; border-radius: 2px;\">\n<div class=\"reviewimg\">\n<p><a href=\"http:\/\/www.megabusty.tv\/\" rel=\"nofollow noopener noreferrer\" base target=\"_self\"><img decoding=\"async\" src=\"https:\/\/www.thepornlist.net\/wp-content\/uploads\/2015\/review\/megabusty.jpg\" width=\"500\" height=\"500\" alt=\"Porn Tube\"><\/a><\/p>\n<\/div>\n<div class=\"reviewtitle\">\n<h1 style=\"font-family:Arial;font-size:56px;font-style:normal;font-weight:bold;color:#FF1F78;\">megabusty<\/h1>\n<\/div>\n<div class=\"revietvub\">\n<h2 style=\"font-size:14px;font-style:normal;font-weight:bold;\">megabusty.tv<\/H2>\n<\/div>\n<div class=\"reviewtext\">\n<span style=\"font-size:16px;font-style:normal;\">Ich liebe gro\u00dfe Melonen! Du k\u00f6nntest jetzt denken, dass meine Leidenschaft dem Sommer Obst gilt, den Fr\u00fcchten die man Wassermelonen nennt. Dieses Obst schmeckt gut aber was ich wirklich liebe, das sind die gr\u00f6\u00dften M\u00f6pse! Ausladende Titten, riesige Oberweiten, Riesentitten, das ist es, was du auf  MegaBusty.tv sehen kannst! <\/br><\/p>\n<p>Willkommen bei  MegaBusty.tv, dem Ort an dem du richtig viele riesige M\u00f6pse in verschiedenen Aktionen sehen kannst wie zum Beispiel wie sie: Schw\u00e4nze bekommen, Sperma bekommen, beim harten Fick wackeln, geknetet werden usw. ! Die vollbusigen Frauen auf diesen Fotos sind sehr stolz auf ihre Riesenbr\u00fcste und gl\u00fccklich uns ihre beiden Sch\u00f6nheiten zeigen zu k\u00f6nnen. Jede Foto Galerie hat eine Geschichte, die auch die Meinung beinhaltet, die jede dieser vollbusigen Ladys \u00fcber ihre Riesenm\u00f6pse hat. Unter der Foto Galerie sind die beiden Download Schaltfl\u00e4chen, die du benutzen kannst falls du die Fotos auf deinem Computer haben willst. Die Webseite bietet eine Anleitung, wie du die Bilder entpacken und downloaden kannst. In der linken Seitenleiste kannst du  Pornostars mit Megabusen sehen und das sind sicher die Frauen mit den gr\u00f6\u00dften M\u00f6psen, die du jemals sehen wirst! Andere Kategorien sind: gro\u00dfe Titten, vollbusige Hentai, top vollbusige Webcam oder BBW mit gro\u00dfen Titten. <\/br><\/p>\n<p>Um diese riesigen M\u00f6pse in all ihrer Pracht bewundern zu k\u00f6nnen, gehe jetzt gleich zu  MegaBusty.tv!<br \/>\n<\/span>\n<\/div>\n<div class=\"reviewsiteurl\">\n<a href=\"http:\/\/www.megabusty.tv\/\" rel=\"nofollow noopener noreferrer\" base target=\"_self\"><span style=\"font-size:32px;font-style:normal;font-weight:bold;text-decoration:underline;\">Hier klicken, um die webseite zu besuchen <\/span><\/a>\n<\/div>\n<\/div>\n","protected":false},"excerpt":{"rendered":"<p>Zur\u00fcck zur Startseite Seitenbewertung megabusty megabusty.tv Ich liebe gro\u00dfe Melonen! Du k\u00f6nntest jetzt denken, dass meine Leidenschaft dem Sommer Obst gilt, den Fr\u00fcchten die man Wassermelonen nennt. Dieses Obst schmeckt gut aber was ich wirklich liebe, das sind die gr\u00f6\u00dften M\u00f6pse! Ausladende Titten, riesige Oberweiten, Riesentitten, das ist es, was du auf MegaBusty.tv sehen kannst! <a href='https:\/\/www.thepornlist.net\/de\/big-boobs-porn-sites\/megabusty\/' class='excerpt-more'>[&#8230;]<\/a><\/p>\n","protected":false},"author":1,"featured_media":0,"parent":38512,"menu_order":46630,"comment_status":"closed","ping_status":"closed","template":"0-autofill-tpl-template.php","meta":{"_acf_changed":false,"footnotes":""},"tags":[],"acf":[],"aioseo_notices":[],"_links":{"self":[{"href":"https:\/\/www.thepornlist.net\/de\/wp-json\/wp\/v2\/pages\/10231"}],"collection":[{"href":"https:\/\/www.thepornlist.net\/de\/wp-json\/wp\/v2\/pages"}],"about":[{"href":"https:\/\/www.thepornlist.net\/de\/wp-json\/wp\/v2\/types\/page"}],"author":[{"embeddable":true,"href":"https:\/\/www.thepornlist.net\/de\/wp-json\/wp\/v2\/users\/1"}],"replies":[{"embeddable":true,"href":"https:\/\/www.thepornlist.net\/de\/wp-json\/wp\/v2\/comments?post=10231"}],"version-history":[{"count":0,"href":"https:\/\/www.thepornlist.net\/de\/wp-json\/wp\/v2\/pages\/10231\/revisions"}],"up":[{"embeddable":true,"href":"https:\/\/www.thepornlist.net\/de\/wp-json\/wp\/v2\/pages\/38512"}],"wp:attachment":[{"href":"https:\/\/www.thepornlist.net\/de\/wp-json\/wp\/v2\/media?parent=10231"}],"wp:term":[{"taxonomy":"post_tag","embeddable":true,"href":"https:\/\/www.thepornlist.net\/de\/wp-json\/wp\/v2\/tags?post=10231"}],"curies":[{"name":"wp","href":"https:\/\/api.w.org\/{rel}","templated":true}]}}