{"id":10246,"date":"2015-09-10T16:27:45","date_gmt":"2015-09-10T16:27:45","guid":{"rendered":"https:\/\/www.thepornlist.net\/de\/0xxx\/"},"modified":"2022-06-30T10:04:38","modified_gmt":"2022-06-30T10:04:38","slug":"0xxx","status":"publish","type":"page","link":"https:\/\/www.thepornlist.net\/de\/porn-blog-sites\/0xxx\/","title":{"rendered":"0xxx"},"content":{"rendered":"<div class=\"pb\">\n<div class=\"hd\">\n<a href=\"https:\/\/www.thepornlist.net\/de\/\" base target=\"_self\" rel=\"noopener noreferrer\">Zur\u00fcck zur Startseite<\/a>\n<\/div>\n<div class=\"hd2\">\n<span style=\"font-style:normal;font-weight:bold;\">Seitenbewertung<\/span>\n<\/div>\n<\/div>\n<div style=\"width:100%; margin-left:auto; margin-right:auto; clear:both;z-index:1; padding-top:5px; border-radius: 2px;\">\n<div class=\"reviewimg\">\n<p><a href=\"http:\/\/www.0xxx.ws\/\" rel=\"nofollow noopener noreferrer\" base target=\"_self\"><img decoding=\"async\" src=\"https:\/\/www.thepornlist.net\/wp-content\/uploads\/2015\/review\/0xxx.jpg\" width=\"500\" height=\"500\" alt=\"Porn Tube\"><\/a><\/p>\n<\/div>\n<div class=\"reviewtitle\">\n<h1 style=\"font-family:Arial;font-size:56px;font-style:normal;font-weight:bold;color:#FF1F78;\">0xxx<\/h1>\n<\/div>\n<div class=\"revieinub\">\n<h2 style=\"font-size:14px;font-style:normal;font-weight:bold;\">0xxx.in<\/H2>\n<\/div>\n<div class=\"reviewtext\">\n<span style=\"font-size:16px;font-style:normal;\">Ich hoffe mal, dass du stark genug bist um deinen Blick von der Webseite abzuwenden und diese Zeilen zu lesen. Keine Sorge, ich verstehe dich total! Ich kann selbst kaum glauben wie wundersch\u00f6n und erotisch dieses Girl auf dem Cover ist! Aber wei\u00dft du was? Sobald du 0xxx.ws betrittst wirst du dich f\u00fchlen wie ein Kind in einem Freizeitpark. Vom ersten bis zum letzten Film ist diese Webseite eine erstaunliche Reise durch die geilsten Videos mit den geilsten Girls, die du dir \u00fcberhaupt nur vorstellen kannst! <\/br><\/p>\n<p>Willkommen bei 0xxx.ws! Diese Webseite ist eingeteilt in Alles, Szenen, Filme, Bilder Sets und Pakete, je nachdem, was du am liebsten siehst. Alle Filme sind in HD Qualit\u00e4t, die Qualit\u00e4t des Films wird dir in dem Kategorie Bereich angezeigt. Der Katalog Bereich verschafft dir einen Eindruck vom Film und wenn du deine Maus auf die Titel bewegst, kannst du ein geiles Bild aus dem Video sehen. Die Webseite zeigt dir auch die Gr\u00f6\u00dfe jedes Films und das Datum wann er zur Seite hinzugef\u00fcgt wurde. <\/br><\/p>\n<p>Die Girls in diesen Videos sind so hei\u00df, willig zu blasen und Schw\u00e4nze zu reiten, dieser geilen Aktion kann man nur schwer widerstehen. 0xxx ist dazu bereit dich gl\u00fccklich zu machen!<br \/>\n<\/span>\n<\/div>\n<div class=\"reviewsiteurl\">\n<a href=\"http:\/\/www.0xxx.ws\/\" rel=\"nofollow noopener noreferrer\" base target=\"_self\"><span style=\"font-size:32px;font-style:normal;font-weight:bold;text-decoration:underline;\">Hier klicken, um die webseite zu besuchen <\/span><\/a>\n<\/div>\n<\/div>\n","protected":false},"excerpt":{"rendered":"<p>Zur\u00fcck zur Startseite Seitenbewertung 0xxx 0xxx.in Ich hoffe mal, dass du stark genug bist um deinen Blick von der Webseite abzuwenden und diese Zeilen zu lesen. Keine Sorge, ich verstehe dich total! Ich kann selbst kaum glauben wie wundersch\u00f6n und erotisch dieses Girl auf dem Cover ist! Aber wei\u00dft du was? Sobald du 0xxx.ws betrittst <a href='https:\/\/www.thepornlist.net\/de\/porn-blog-sites\/0xxx\/' class='excerpt-more'>[&#8230;]<\/a><\/p>\n","protected":false},"author":1,"featured_media":0,"parent":10476,"menu_order":42270,"comment_status":"closed","ping_status":"closed","template":"0-autofill-tpl-template.php","meta":{"_acf_changed":false,"footnotes":""},"tags":[],"acf":[],"aioseo_notices":[],"_links":{"self":[{"href":"https:\/\/www.thepornlist.net\/de\/wp-json\/wp\/v2\/pages\/10246"}],"collection":[{"href":"https:\/\/www.thepornlist.net\/de\/wp-json\/wp\/v2\/pages"}],"about":[{"href":"https:\/\/www.thepornlist.net\/de\/wp-json\/wp\/v2\/types\/page"}],"author":[{"embeddable":true,"href":"https:\/\/www.thepornlist.net\/de\/wp-json\/wp\/v2\/users\/1"}],"replies":[{"embeddable":true,"href":"https:\/\/www.thepornlist.net\/de\/wp-json\/wp\/v2\/comments?post=10246"}],"version-history":[{"count":0,"href":"https:\/\/www.thepornlist.net\/de\/wp-json\/wp\/v2\/pages\/10246\/revisions"}],"up":[{"embeddable":true,"href":"https:\/\/www.thepornlist.net\/de\/wp-json\/wp\/v2\/pages\/10476"}],"wp:attachment":[{"href":"https:\/\/www.thepornlist.net\/de\/wp-json\/wp\/v2\/media?parent=10246"}],"wp:term":[{"taxonomy":"post_tag","embeddable":true,"href":"https:\/\/www.thepornlist.net\/de\/wp-json\/wp\/v2\/tags?post=10246"}],"curies":[{"name":"wp","href":"https:\/\/api.w.org\/{rel}","templated":true}]}}