{"id":10254,"date":"2015-09-10T16:22:59","date_gmt":"2015-09-10T16:22:59","guid":{"rendered":"https:\/\/www.thepornlist.net\/de\/wetholefans\/"},"modified":"2019-06-06T12:55:42","modified_gmt":"2019-06-06T12:55:42","slug":"wetholefans","status":"publish","type":"page","link":"https:\/\/www.thepornlist.net\/de\/porn-blog-sites\/wetholefans\/","title":{"rendered":"wetholefans"},"content":{"rendered":"<div class=\"pb\">\n<div class=\"hd\">\n<a href=\"https:\/\/www.thepornlist.net\/de\/\" base target=\"_self\">Zur\u00fcck zur Startseite<\/a>\n<\/div>\n<div class=\"hd2\">\n<span style=\"font-style:normal;font-weight:bold;\">Seitenbewertung<\/span>\n<\/div>\n<\/div>\n<div style=\"width:100%; margin-left:auto; margin-right:auto; clear:both;z-index:1; padding-top:5px; border-radius: 2px;\">\n<div class=\"reviewimg\">\n<p><a href=\"http:\/\/www.wetholefans.com\/\" rel=\"nofollow\" base target=\"_self\"><img decoding=\"async\" src=\"https:\/\/www.thepornlist.net\/wp-content\/uploads\/2015\/review\/wetholefans.jpg\" width=\"500\" height=\"500\" alt=\"Porn Tube\"><\/a><\/p>\n<\/div>\n<div class=\"reviewtitle\">\n<h1 style=\"font-family:Arial;font-size:56px;font-style:normal;font-weight:bold;color:#FF1F78;\">wetholefans<\/h1>\n<\/div>\n<div class=\"reviecomub\">\n<h2 style=\"font-size:14px;font-style:normal;font-weight:bold;\">wetholefans.com<\/H2>\n<\/div>\n<div class=\"reviewtext\">\n<span style=\"font-size:16px;font-style:normal;\">Lass uns mal mit ihren eigenen Worten anfangen &#8211; \u201eSuchst du qualitativ hochwertige Porno Clips und Filme? Dann ist Wetholefans genau das, was du brauchst! Hier kannst d die neuesten XXX Videos von ber\u00fchmten Studios herunterladen wie zum Beispiel: AssHoleFever, BraZZers, BangBros, RealityKings, NaughtyAmerica, DDFProd, EvilAngel, Mofos, 21sextury und viele andere\u201d. Alles klar, nun machen wir mal mit meinen Worten weiter&#8230; <\/br><\/p>\n<p>WetholeFans.com ist ein Porno Blog mit einer Menge Material f\u00fcr Erwachsene, bei dem es sich genauso verh\u00e4lt wie bei allen anderen Porno Blogs \u2013 lade alles was du willst kostenlos mit langsamen Geschwindigkeiten und Wartezeit herunter oder lade es schnell, ohne Wartezeit und mit der M\u00f6glichkeit von unbegrenzten parallelen Downloads herunter indem du einen Premium Account bei einem ihrer Hosting Unternehmen anlegst mit dem sie zusammenarbeiten wie Uploaded, RapidGator, Netload, DepositFiles oder Keep2Share. <\/br><\/p>\n<p>Das sind die verf\u00fcgbaren Kategorien: Clips, Filme, jeder Sex, Amateur, anal, asiatisch, gro\u00dfe \u00c4rsche, gro\u00dfe Titten, blonde, Blowjob, Bondage und BDSM, br\u00fcnett, Fetisch, Gruppensex und Gangbang, interracial, Lesben, Milf, pinkeln, rothaarig, Solosex, Teens, Spielzeuge, Magazine, Photos f\u00fcr Erwachsene und die einzigartige, exquisite orientalische Hentai. Die rechte Seitenleiste wird dir eine Auswahl der beliebtesten Videos zeigen. <\/br><\/p>\n<p>WetholeFans.net ist eine Porno Welt, die noch in Ordnung ist und ich sehe keine wirklichen Probleme!<br \/>\n<\/span>\n<\/div>\n<div class=\"reviewsiteurl\">\n<a href=\"http:\/\/www.wetholefans.com\/\" rel=\"nofollow\" base target=\"_self\"><span style=\"font-size:32px;font-style:normal;font-weight:bold;text-decoration:underline;\">Hier klicken, um die webseite zu besuchen <\/span><\/a>\n<\/div>\n<\/div>\n","protected":false},"excerpt":{"rendered":"<p>Zur\u00fcck zur Startseite Seitenbewertung wetholefans wetholefans.com Lass uns mal mit ihren eigenen Worten anfangen &#8211; \u201eSuchst du qualitativ hochwertige Porno Clips und Filme? Dann ist Wetholefans genau das, was du brauchst! Hier kannst d die neuesten XXX Videos von ber\u00fchmten Studios herunterladen wie zum Beispiel: AssHoleFever, BraZZers, BangBros, RealityKings, NaughtyAmerica, DDFProd, EvilAngel, Mofos, 21sextury und <a href='https:\/\/www.thepornlist.net\/de\/porn-blog-sites\/wetholefans\/' class='excerpt-more'>[&#8230;]<\/a><\/p>\n","protected":false},"author":1,"featured_media":0,"parent":10476,"menu_order":41750,"comment_status":"closed","ping_status":"closed","template":"0-autofill-tpl-template.php","meta":{"_acf_changed":false,"footnotes":""},"tags":[],"acf":[],"aioseo_notices":[],"_links":{"self":[{"href":"https:\/\/www.thepornlist.net\/de\/wp-json\/wp\/v2\/pages\/10254"}],"collection":[{"href":"https:\/\/www.thepornlist.net\/de\/wp-json\/wp\/v2\/pages"}],"about":[{"href":"https:\/\/www.thepornlist.net\/de\/wp-json\/wp\/v2\/types\/page"}],"author":[{"embeddable":true,"href":"https:\/\/www.thepornlist.net\/de\/wp-json\/wp\/v2\/users\/1"}],"replies":[{"embeddable":true,"href":"https:\/\/www.thepornlist.net\/de\/wp-json\/wp\/v2\/comments?post=10254"}],"version-history":[{"count":0,"href":"https:\/\/www.thepornlist.net\/de\/wp-json\/wp\/v2\/pages\/10254\/revisions"}],"up":[{"embeddable":true,"href":"https:\/\/www.thepornlist.net\/de\/wp-json\/wp\/v2\/pages\/10476"}],"wp:attachment":[{"href":"https:\/\/www.thepornlist.net\/de\/wp-json\/wp\/v2\/media?parent=10254"}],"wp:term":[{"taxonomy":"post_tag","embeddable":true,"href":"https:\/\/www.thepornlist.net\/de\/wp-json\/wp\/v2\/tags?post=10254"}],"curies":[{"name":"wp","href":"https:\/\/api.w.org\/{rel}","templated":true}]}}