{"id":10255,"date":"2015-09-10T16:22:23","date_gmt":"2015-09-10T16:22:23","guid":{"rendered":"https:\/\/www.thepornlist.net\/de\/lustex\/"},"modified":"2019-05-24T11:23:17","modified_gmt":"2019-05-24T11:23:17","slug":"lustex","status":"publish","type":"page","link":"https:\/\/www.thepornlist.net\/de\/porn-blog-sites\/lustex\/","title":{"rendered":"lustex"},"content":{"rendered":"<div class=\"pb\">\n<div class=\"hd\">\n<a href=\"https:\/\/www.thepornlist.net\/de\/\" base target=\"_self\">Zur\u00fcck zur Startseite<\/a>\n<\/div>\n<div class=\"hd2\">\n<span style=\"font-style:normal;font-weight:bold;\">Seitenbewertung<\/span>\n<\/div>\n<\/div>\n<div style=\"width:100%; margin-left:auto; margin-right:auto; clear:both;z-index:1; padding-top:5px; border-radius: 2px;\">\n<div class=\"reviewimg\">\n<p><a href=\"http:\/\/www.lustex.net\/\" rel=\"nofollow\" base target=\"_self\"><img decoding=\"async\" src=\"https:\/\/www.thepornlist.net\/wp-content\/uploads\/2015\/review\/lustex.jpg\" width=\"500\" height=\"500\" alt=\"Porn Tube\"><\/a><\/p>\n<\/div>\n<div class=\"reviewtitle\">\n<h1 style=\"font-family:Arial;font-size:56px;font-style:normal;font-weight:bold;color:#FF1F78;\">lustex<\/h1>\n<\/div>\n<div class=\"revienetub\">\n<h2 style=\"font-size:14px;font-style:normal;font-weight:bold;\">lustex.net<\/H2>\n<\/div>\n<div class=\"reviewtext\">\n<span style=\"font-size:16px;font-style:normal;\">Lustex.net ist ein Porno Blog wo du alle Arten von Pornos finden wirst \u2013 das sind nicht meine Worte! Aber schauen wir mal \u2013 Amateure, anal, Badezimmer, BBW, gro\u00dfe \u00c4rsche, gro\u00dfe Titten, Blondinen, Blowjobs, Br\u00fcnette, Zickenkrieg, Ber\u00fchmtheiten, CFNM, Cheerleader, klassischer Sex, Nahaufnahmen, Studentinnen, Creampies, Cuckolds, Cumshots, deepthroat, betrunken, Facials, Fisting und Dildo, Fu\u00df Fetisch, Fickmaschinen, ganze Filme, gothic, Gruppensex, behaart, Handjobs, selbstgedreht, interracial, Milch spritzen, Latex, Latinas, Lesben, Masturbation, reif, Milf, Muskeln, Nylon, alt und jung und viele andere! Ja, es scheint tats\u00e4chlich so, als ob sie jede Art von Porno haben. <\/br><\/p>\n<p>Und das ist noch nicht alles \u2013 nicht nur f\u00fcr die oben aufgef\u00fchrten Kategorien wirst du sehen k\u00f6nnen, wie viele Ver\u00f6ffentlichungen bereits gemacht wurden. Du wirst im wahrsten Sinn des Wortes Zehntausende von Porno Videos sehen k\u00f6nnen, die du dir mit nur ein paar Klicks ansehen kannst. Es ist wirklich \u00fcberfl\u00fcssig dir noch mal zu erkl\u00e4ren, wie die Dinge auf den Porno Blogs funktionieren. Ich bin sicher, dass du schon wei\u00dft, was du tun musst, wo du es tun musst und all das Zeugs. <\/br><\/p>\n<p>Wenn du dich so f\u00fchlst als ob du bei Google w\u00e4rst, dann schau dir die rechte Seitenleiste an und klicke zuf\u00e4llig auf irgendeine Ver\u00f6ffentlichung. Ich mag Lustex.net \u2013 besuche die Seite und setz ein Lesezeichen f\u00fcr heute Nacht!<br \/>\n<\/span>\n<\/div>\n<div class=\"reviewsiteurl\">\n<a href=\"http:\/\/www.lustex.net\/\" rel=\"nofollow\" base target=\"_self\"><span style=\"font-size:32px;font-style:normal;font-weight:bold;text-decoration:underline;\">Hier klicken, um die webseite zu besuchen <\/span><\/a>\n<\/div>\n<\/div>\n","protected":false},"excerpt":{"rendered":"<p>Zur\u00fcck zur Startseite Seitenbewertung lustex lustex.net Lustex.net ist ein Porno Blog wo du alle Arten von Pornos finden wirst \u2013 das sind nicht meine Worte! Aber schauen wir mal \u2013 Amateure, anal, Badezimmer, BBW, gro\u00dfe \u00c4rsche, gro\u00dfe Titten, Blondinen, Blowjobs, Br\u00fcnette, Zickenkrieg, Ber\u00fchmtheiten, CFNM, Cheerleader, klassischer Sex, Nahaufnahmen, Studentinnen, Creampies, Cuckolds, Cumshots, deepthroat, betrunken, Facials, <a href='https:\/\/www.thepornlist.net\/de\/porn-blog-sites\/lustex\/' class='excerpt-more'>[&#8230;]<\/a><\/p>\n","protected":false},"author":1,"featured_media":0,"parent":10476,"menu_order":41670,"comment_status":"closed","ping_status":"closed","template":"0-autofill-tpl-template.php","meta":{"_acf_changed":false,"footnotes":""},"tags":[],"acf":[],"aioseo_notices":[],"_links":{"self":[{"href":"https:\/\/www.thepornlist.net\/de\/wp-json\/wp\/v2\/pages\/10255"}],"collection":[{"href":"https:\/\/www.thepornlist.net\/de\/wp-json\/wp\/v2\/pages"}],"about":[{"href":"https:\/\/www.thepornlist.net\/de\/wp-json\/wp\/v2\/types\/page"}],"author":[{"embeddable":true,"href":"https:\/\/www.thepornlist.net\/de\/wp-json\/wp\/v2\/users\/1"}],"replies":[{"embeddable":true,"href":"https:\/\/www.thepornlist.net\/de\/wp-json\/wp\/v2\/comments?post=10255"}],"version-history":[{"count":0,"href":"https:\/\/www.thepornlist.net\/de\/wp-json\/wp\/v2\/pages\/10255\/revisions"}],"up":[{"embeddable":true,"href":"https:\/\/www.thepornlist.net\/de\/wp-json\/wp\/v2\/pages\/10476"}],"wp:attachment":[{"href":"https:\/\/www.thepornlist.net\/de\/wp-json\/wp\/v2\/media?parent=10255"}],"wp:term":[{"taxonomy":"post_tag","embeddable":true,"href":"https:\/\/www.thepornlist.net\/de\/wp-json\/wp\/v2\/tags?post=10255"}],"curies":[{"name":"wp","href":"https:\/\/api.w.org\/{rel}","templated":true}]}}