{"id":10256,"date":"2015-09-10T16:21:47","date_gmt":"2015-09-10T16:21:47","guid":{"rendered":"https:\/\/www.thepornlist.net\/de\/vintagescene\/"},"modified":"2019-06-21T13:34:19","modified_gmt":"2019-06-21T13:34:19","slug":"vintagescene","status":"publish","type":"page","link":"https:\/\/www.thepornlist.net\/de\/porn-blog-sites\/vintagescene\/","title":{"rendered":"vintagescene.org"},"content":{"rendered":"<div class=\"pb\">\n<div class=\"hd\">\n<a href=\"https:\/\/www.thepornlist.net\/de\/\" base target=\"_self\">Zur\u00fcck zur Startseite<\/a>\n<\/div>\n<div class=\"hd2\">\n<span style=\"font-style:normal;font-weight:bold;\">Seitenbewertung<\/span>\n<\/div>\n<\/div>\n<div style=\"width:100%; margin-left:auto; margin-right:auto; clear:both;z-index:1; padding-top:5px; border-radius: 2px;\">\n<div class=\"reviewimg\">\n<p><a href=\"http:\/\/www.vintagescene.org\/\" rel=\"nofollow\" base target=\"_self\"><img decoding=\"async\" src=\"https:\/\/www.thepornlist.net\/wp-content\/uploads\/2015\/review\/vintagescene.jpg\" width=\"500\" height=\"500\" alt=\"Porn Tube\"><\/a><\/p>\n<\/div>\n<div class=\"reviewtitle\">\n<h1 style=\"font-family:Arial;font-size:56px;font-style:normal;font-weight:bold;color:#FF1F78;\">vintagescene<\/h1>\n<\/div>\n<div class=\"revieorgub\">\n<h2 style=\"font-size:14px;font-style:normal;font-weight:bold;\">vintagescene.org<\/H2>\n<\/div>\n<div class=\"reviewtext\">\n<span style=\"font-size:16px;font-style:normal;\">Ich mag Vintage Pornos und habe sie schon immer gemocht. Diese Art der Retro Unterhaltung f\u00fcr Erwachsene ist einmalig und Pornostars wie Kay Parker sind zwar alt aber immer noch gut. <\/br><\/p>\n<p>Willkommen bei VintageScene.org, dem Ort f\u00fcr die besten Vintage Porno Videos im ganzen Internet. Ich erz\u00e4hle dir mal ein paar interessante Details: es gibt hier Filme von 1920 bis 1969, 1970 bis 1979, von 1980 bis 1989 und von 2000 \u2013 2010. Es gibt auch DVD Ver\u00f6ffentlichungen, erotische Filme, Fisting und Dildo Clips und es gibt sogar Porno Filme, die nach L\u00e4ndern sortiert sind: brasilianisch, d\u00e4nisch, franz\u00f6sisch, deutsch, griechisch, holl\u00e4ndisch, italienisch, japanisch, lateinamerikanisch, spanisch, schwedisch und nat\u00fcrlich aus den USA. Wenn du meinen Rat willst, dann schau mal in die italienische Kategorie \u2013 die wussten damals wirklich schon wie man Pornos macht. <\/br><\/p>\n<p>Es werden dort t\u00e4gliche Updates gemacht und alles wird im Blog Stil gepostet. Klicke auf den Rest der Neuzug\u00e4nge lesen und du bekommst Zugang zu allen verf\u00fcgbaren Details f\u00fcr diesen speziellen Film, den du dir ansehen m\u00f6chtest wie das Jahr, Land, Genre, L\u00e4nge, Sprache, Regisseur, Studio, eine Beschreibung und nat\u00fcrlich die Download Links. Die Art ist klassisch \u2013 viele externe Hosting Links wo du dir den Film kostenlos herunterladen kannst.<br \/>\n<\/span>\n<\/div>\n<div class=\"reviewsiteurl\">\n<a href=\"http:\/\/www.vintagescene.org\/\" rel=\"nofollow\" base target=\"_self\"><span style=\"font-size:32px;font-style:normal;font-weight:bold;text-decoration:underline;\">Hier klicken, um die webseite zu besuchen <\/span><\/a>\n<\/div>\n<\/div>\n","protected":false},"excerpt":{"rendered":"<p>Zur\u00fcck zur Startseite Seitenbewertung vintagescene vintagescene.org Ich mag Vintage Pornos und habe sie schon immer gemocht. Diese Art der Retro Unterhaltung f\u00fcr Erwachsene ist einmalig und Pornostars wie Kay Parker sind zwar alt aber immer noch gut. Willkommen bei VintageScene.org, dem Ort f\u00fcr die besten Vintage Porno Videos im ganzen Internet. Ich erz\u00e4hle dir mal <a href='https:\/\/www.thepornlist.net\/de\/porn-blog-sites\/vintagescene\/' class='excerpt-more'>[&#8230;]<\/a><\/p>\n","protected":false},"author":1,"featured_media":0,"parent":10476,"menu_order":41630,"comment_status":"closed","ping_status":"closed","template":"0-autofill-tpl-template.php","meta":{"_acf_changed":false,"footnotes":""},"tags":[],"acf":[],"aioseo_notices":[],"_links":{"self":[{"href":"https:\/\/www.thepornlist.net\/de\/wp-json\/wp\/v2\/pages\/10256"}],"collection":[{"href":"https:\/\/www.thepornlist.net\/de\/wp-json\/wp\/v2\/pages"}],"about":[{"href":"https:\/\/www.thepornlist.net\/de\/wp-json\/wp\/v2\/types\/page"}],"author":[{"embeddable":true,"href":"https:\/\/www.thepornlist.net\/de\/wp-json\/wp\/v2\/users\/1"}],"replies":[{"embeddable":true,"href":"https:\/\/www.thepornlist.net\/de\/wp-json\/wp\/v2\/comments?post=10256"}],"version-history":[{"count":0,"href":"https:\/\/www.thepornlist.net\/de\/wp-json\/wp\/v2\/pages\/10256\/revisions"}],"up":[{"embeddable":true,"href":"https:\/\/www.thepornlist.net\/de\/wp-json\/wp\/v2\/pages\/10476"}],"wp:attachment":[{"href":"https:\/\/www.thepornlist.net\/de\/wp-json\/wp\/v2\/media?parent=10256"}],"wp:term":[{"taxonomy":"post_tag","embeddable":true,"href":"https:\/\/www.thepornlist.net\/de\/wp-json\/wp\/v2\/tags?post=10256"}],"curies":[{"name":"wp","href":"https:\/\/api.w.org\/{rel}","templated":true}]}}