{"id":10268,"date":"2015-09-10T16:14:38","date_gmt":"2015-09-10T16:14:38","guid":{"rendered":"https:\/\/www.thepornlist.net\/de\/porn2dl\/"},"modified":"2019-05-23T10:12:14","modified_gmt":"2019-05-23T10:12:14","slug":"porn2dl","status":"publish","type":"page","link":"https:\/\/www.thepornlist.net\/de\/porn-blog-sites\/porn2dl\/","title":{"rendered":"porn2dl"},"content":{"rendered":"<div class=\"pb\">\n<div class=\"hd\">\n<a href=\"https:\/\/www.thepornlist.net\/de\/\" base target=\"_self\">Zur\u00fcck zur Startseite<\/a>\n<\/div>\n<div class=\"hd2\">\n<span style=\"font-style:normal;font-weight:bold;\">Seitenbewertung<\/span>\n<\/div>\n<\/div>\n<div style=\"width:100%; margin-left:auto; margin-right:auto; clear:both;z-index:1; padding-top:5px; border-radius: 2px;\">\n<div class=\"reviewimg\">\n<p><a href=\"http:\/\/www.porn2dl.net\/\" rel=\"nofollow\" base target=\"_self\"><img decoding=\"async\" src=\"https:\/\/www.thepornlist.net\/wp-content\/uploads\/2015\/review\/porn2dl.jpg\" width=\"500\" height=\"500\" alt=\"Porn Tube\"><\/a><\/p>\n<\/div>\n<div class=\"reviewtitle\">\n<h1 style=\"font-family:Arial;font-size:56px;font-style:normal;font-weight:bold;color:#FF1F78;\">porn2dl<\/h1>\n<\/div>\n<div class=\"revienetub\">\n<h2 style=\"font-size:14px;font-style:normal;font-weight:bold;\">porn2dl.net<\/H2>\n<\/div>\n<div class=\"reviewtext\">\n<span style=\"font-size:16px;font-style:normal;\">Porn2Dl.net ist ein Name, den du vielleicht nicht von Anfang an verstehst aber es ist eigentlich ganz leicht \u2013 Porno zum Downloaden. Woher? Aus dem InterNET. <\/br><\/p>\n<p>Willkommen bei Porn2Dl.net \u2013 sollte englisch nicht deine bevorzugte Sprache sein, dann \u00e4ndere sie doch einfach in deutsch. Nat\u00fcrlich ist mir klar, dass ich in diesem Fall diese W\u00f6rter umsonst auf englisch schreibe denn du wirst kein Wort davon lesen k\u00f6nnen. <\/br><br \/>\nDie Homepage hat ein eigenartiges Layout aber du wirst das sofort vergessen sobald du den ersten Abschnitt siehst: neue Ver\u00f6ffentlichung \u2013 Porno Tag 0. Wenn du nicht wei\u00dft, was das bedeutet, erkl\u00e4re ich es dir mal! Es bedeutet, dass sie neue Sachen f\u00fcr Erwachsene genau an dem Tag ver\u00f6ffentlichen an dem sie erscheinen. <\/br><\/p>\n<p>Seitenanrisse, \u00f6ffentlich, anal, JAV, Blowjob, Handjob, Cumshot, wichsen, Erniedrigung, interracial, Teen, Creampie, Milf, Pov, Massage, Gangbang, Sammlungen, Casting, gro\u00dfe Titten, gro\u00dfe Hintern, und mehr \u2013 dies sind die Kategorien, die du hier finden wirst. Zu jeder Ver\u00f6ffentlichung wirst du Details wie L\u00e4nge, Aufl\u00f6sung, Screenshots, Format, Gr\u00f6\u00dfe und die Download Links finden. F\u00fcr weitere Details wie du die Inhalte herunterl\u00e4dst und andere Infos musst du deinen Besuch mit ihnen teilen. Ich warte auf dein Feedback!<br \/>\n<\/span>\n<\/div>\n<div class=\"reviewsiteurl\">\n<a href=\"http:\/\/www.porn2dl.net\/\" rel=\"nofollow\" base target=\"_self\"><span style=\"font-size:32px;font-style:normal;font-weight:bold;text-decoration:underline;\">Hier klicken, um die webseite zu besuchen <\/span><\/a>\n<\/div>\n<\/div>\n","protected":false},"excerpt":{"rendered":"<p>Zur\u00fcck zur Startseite Seitenbewertung porn2dl porn2dl.net Porn2Dl.net ist ein Name, den du vielleicht nicht von Anfang an verstehst aber es ist eigentlich ganz leicht \u2013 Porno zum Downloaden. Woher? Aus dem InterNET. Willkommen bei Porn2Dl.net \u2013 sollte englisch nicht deine bevorzugte Sprache sein, dann \u00e4ndere sie doch einfach in deutsch. Nat\u00fcrlich ist mir klar, dass <a href='https:\/\/www.thepornlist.net\/de\/porn-blog-sites\/porn2dl\/' class='excerpt-more'>[&#8230;]<\/a><\/p>\n","protected":false},"author":1,"featured_media":0,"parent":10476,"menu_order":38870,"comment_status":"closed","ping_status":"closed","template":"0-autofill-tpl-template.php","meta":{"_acf_changed":false,"footnotes":""},"tags":[],"acf":[],"aioseo_notices":[],"_links":{"self":[{"href":"https:\/\/www.thepornlist.net\/de\/wp-json\/wp\/v2\/pages\/10268"}],"collection":[{"href":"https:\/\/www.thepornlist.net\/de\/wp-json\/wp\/v2\/pages"}],"about":[{"href":"https:\/\/www.thepornlist.net\/de\/wp-json\/wp\/v2\/types\/page"}],"author":[{"embeddable":true,"href":"https:\/\/www.thepornlist.net\/de\/wp-json\/wp\/v2\/users\/1"}],"replies":[{"embeddable":true,"href":"https:\/\/www.thepornlist.net\/de\/wp-json\/wp\/v2\/comments?post=10268"}],"version-history":[{"count":0,"href":"https:\/\/www.thepornlist.net\/de\/wp-json\/wp\/v2\/pages\/10268\/revisions"}],"up":[{"embeddable":true,"href":"https:\/\/www.thepornlist.net\/de\/wp-json\/wp\/v2\/pages\/10476"}],"wp:attachment":[{"href":"https:\/\/www.thepornlist.net\/de\/wp-json\/wp\/v2\/media?parent=10268"}],"wp:term":[{"taxonomy":"post_tag","embeddable":true,"href":"https:\/\/www.thepornlist.net\/de\/wp-json\/wp\/v2\/tags?post=10268"}],"curies":[{"name":"wp","href":"https:\/\/api.w.org\/{rel}","templated":true}]}}