{"id":10271,"date":"2015-09-10T16:11:52","date_gmt":"2015-09-10T16:11:52","guid":{"rendered":"https:\/\/www.thepornlist.net\/de\/pornoh\/"},"modified":"2019-05-23T10:12:08","modified_gmt":"2019-05-23T10:12:08","slug":"pornoh","status":"publish","type":"page","link":"https:\/\/www.thepornlist.net\/de\/porn-blog-sites\/pornoh\/","title":{"rendered":"pornoh"},"content":{"rendered":"<div class=\"pb\">\n<div class=\"hd\">\n<a href=\"https:\/\/www.thepornlist.net\/de\/\" base target=\"_self\">Zur\u00fcck zur Startseite<\/a>\n<\/div>\n<div class=\"hd2\">\n<span style=\"font-style:normal;font-weight:bold;\">Seitenbewertung<\/span>\n<\/div>\n<\/div>\n<div style=\"width:100%; margin-left:auto; margin-right:auto; clear:both;z-index:1; padding-top:5px; border-radius: 2px;\">\n<div class=\"reviewimg\">\n<p><a href=\"http:\/\/www.pornoh.info\/\" rel=\"nofollow\" base target=\"_self\"><img decoding=\"async\" src=\"https:\/\/www.thepornlist.net\/wp-content\/uploads\/2015\/review\/pornoh.jpg\" width=\"500\" height=\"500\" alt=\"Porn Tube\"><\/a><\/p>\n<\/div>\n<div class=\"reviewtitle\">\n<h1 style=\"font-family:Arial;font-size:56px;font-style:normal;font-weight:bold;color:#FF1F78;\">pornoh<\/h1>\n<\/div>\n<div class=\"revieinfoub\">\n<h2 style=\"font-size:14px;font-style:normal;font-weight:bold;\">pornoh.info<\/H2>\n<\/div>\n<div class=\"reviewtext\">\n<span style=\"font-size:16px;font-style:normal;\">PornOh.info ist ein Porno Blog auf dem du eigentlich all das findest, was du auf allen Porno Blogs dieser Art findest \u2013 eine Menge kostenlose Pornos, die via dritter Webhosting Unternehmen wie Uploaded, RapidGator usw. heruntergeladen werden k\u00f6nnen. Ja, wenn du interessante Optionen und  schnelle \u00dcbertragungsgeschwindigkeiten m\u00f6chtest, musst du dich f\u00fcr einen Premium Account anmelden. Das kannst du, musst es aber nicht tun denn es ist nicht zwingend n\u00f6tig. <\/br><\/p>\n<p>Man findet die Lidte mit den Kategorien in der Navigationsleiste und es ist die gleiche f\u00fcr normale Clips, Porno Filme und filme in HD . Amateur, BBW, CFNM, Creampies, Fetisch, Handjobs, Latina, Milf, Teens, anal, BDSM, klassisch, hardcore, Lesben, nackter Sport, Pov, Spielzeuge, Zeichentrick, gro\u00dfe Hintern, Blowjobs, Sammlungen, interracial, Dessous, oral, Realit\u00e4t, virtueller Sex, asiatisch, Paare, Latex, Masturbation, softcore, Voyeur und noch viele andere. <\/br><\/p>\n<p>Das Layout ist schlicht, einfach zu benutzen und ist nahe an dem speziellen Layout eines Blogs, oder besser gesagt eines Porno Blogs. Wenn du willst kannst du dir ein Konto einrichten, das ist kostenlos und wird dich nur einige Sekunden deiner kostbaren Zeit kosten. Probiere es einfach und schau dir PornOh.info an! Ich pers\u00f6nlich mag es.<br \/>\n<\/span>\n<\/div>\n<div class=\"reviewsiteurl\">\n<a href=\"http:\/\/www.pornoh.info\/\" rel=\"nofollow\" base target=\"_self\"><span style=\"font-size:32px;font-style:normal;font-weight:bold;text-decoration:underline;\">Hier klicken, um die webseite zu besuchen <\/span><\/a>\n<\/div>\n<\/div>\n","protected":false},"excerpt":{"rendered":"<p>Zur\u00fcck zur Startseite Seitenbewertung pornoh pornoh.info PornOh.info ist ein Porno Blog auf dem du eigentlich all das findest, was du auf allen Porno Blogs dieser Art findest \u2013 eine Menge kostenlose Pornos, die via dritter Webhosting Unternehmen wie Uploaded, RapidGator usw. heruntergeladen werden k\u00f6nnen. Ja, wenn du interessante Optionen und schnelle \u00dcbertragungsgeschwindigkeiten m\u00f6chtest, musst du <a href='https:\/\/www.thepornlist.net\/de\/porn-blog-sites\/pornoh\/' class='excerpt-more'>[&#8230;]<\/a><\/p>\n","protected":false},"author":1,"featured_media":0,"parent":10476,"menu_order":35230,"comment_status":"closed","ping_status":"closed","template":"0-autofill-tpl-template.php","meta":{"_acf_changed":false,"footnotes":""},"tags":[],"acf":[],"aioseo_notices":[],"_links":{"self":[{"href":"https:\/\/www.thepornlist.net\/de\/wp-json\/wp\/v2\/pages\/10271"}],"collection":[{"href":"https:\/\/www.thepornlist.net\/de\/wp-json\/wp\/v2\/pages"}],"about":[{"href":"https:\/\/www.thepornlist.net\/de\/wp-json\/wp\/v2\/types\/page"}],"author":[{"embeddable":true,"href":"https:\/\/www.thepornlist.net\/de\/wp-json\/wp\/v2\/users\/1"}],"replies":[{"embeddable":true,"href":"https:\/\/www.thepornlist.net\/de\/wp-json\/wp\/v2\/comments?post=10271"}],"version-history":[{"count":0,"href":"https:\/\/www.thepornlist.net\/de\/wp-json\/wp\/v2\/pages\/10271\/revisions"}],"up":[{"embeddable":true,"href":"https:\/\/www.thepornlist.net\/de\/wp-json\/wp\/v2\/pages\/10476"}],"wp:attachment":[{"href":"https:\/\/www.thepornlist.net\/de\/wp-json\/wp\/v2\/media?parent=10271"}],"wp:term":[{"taxonomy":"post_tag","embeddable":true,"href":"https:\/\/www.thepornlist.net\/de\/wp-json\/wp\/v2\/tags?post=10271"}],"curies":[{"name":"wp","href":"https:\/\/api.w.org\/{rel}","templated":true}]}}