{"id":10272,"date":"2015-09-10T16:11:15","date_gmt":"2015-09-10T16:11:15","guid":{"rendered":"https:\/\/www.thepornlist.net\/de\/sexo18\/"},"modified":"2020-02-06T14:32:18","modified_gmt":"2020-02-06T14:32:18","slug":"sexo18","status":"publish","type":"page","link":"https:\/\/www.thepornlist.net\/de\/porn-blog-sites\/sexo18\/","title":{"rendered":"sexo18"},"content":{"rendered":"<div class=\"pb\">\n<div class=\"hd\">\n<a href=\"https:\/\/www.thepornlist.net\/de\/\" base target=\"_self\" rel=\"noopener noreferrer\">Zur\u00fcck zur Startseite<\/a>\n<\/div>\n<div class=\"hd2\">\n<span style=\"font-style:normal;font-weight:bold;\">Seitenbewertung<\/span>\n<\/div>\n<\/div>\n<div style=\"width:100%; margin-left:auto; margin-right:auto; clear:both;z-index:1; padding-top:5px; border-radius: 2px;\">\n<div class=\"reviewimg\">\n<p><a href=\"https:\/\/sexo18.net\/\" rel=\"nofollow noopener noreferrer\" base target=\"_self\"><img decoding=\"async\" src=\"https:\/\/www.thepornlist.net\/wp-content\/uploads\/2015\/review\/sexo18.jpg\" width=\"500\" height=\"500\" alt=\"Porn Tube\"><\/a><\/p>\n<\/div>\n<div class=\"reviewtitle\">\n<h1 style=\"font-family:Arial;font-size:56px;font-style:normal;font-weight:bold;color:#FF1F78;\">sexo18<\/h1>\n<\/div>\n<div class=\"revienetub\">\n<h2 style=\"font-size:14px;font-style:normal;font-weight:bold;\">sexo18.net<\/H2>\n<\/div>\n<div class=\"reviewtext\">\n<span style=\"font-size:16px;font-style:normal;\">Sexo18.net ist eine Porno Webseite, die t\u00e4gliche Updates mit Bildergalerien f\u00fcr Erwachsene und mit Porno Videos bekommt. Das Layout der Webseite ist hervorragend und wird dir ein gutes Gef\u00fchl geben sobald du einen Fu\u00df auf die Seite setzt. <\/br><\/p>\n<p>Wor\u00fcber ich mich bei Sexo18.net freue, ist die Tatsache, dass sie wich jeden Tag neues Porno Material ver\u00f6ffentlichen. Es gibt ein Drop Down Men\u00fc f\u00fcr die Liste mit den Kategorien, das du in der Navigationsleiste finden kannst \u2013 alles, BBW, Blondinen, Ber\u00fchmtheiten, Euro, Gangbang, japanisch, Milf, Pov, kleine Titten, Uniformen, Dildo, doggystyle, winzig, europ\u00e4isch, haarig, Selfie, drinnen, Amateur, gro\u00dfer Arsch, Blowjob, Collage, exklusiv, Handjob, Latina, Cumshot, selbstgedreht, sportlich, F\u00fc\u00dfe, anal, Fetisch, oral, B\u00fcro, rothaarig, lange Beine, Strumpfhosen, asiatisch, gro\u00dfe Titten, Doppelpenetration, Masturbation, Party, harter Sex, schlucken, Babe, bisexuell, Bukkake, rasiert, Dessous und viele andere. <\/br><\/p>\n<p>Sexo18 wir kleine Ausschnitte aus den Pornofilmen zeigen und wird dir raten auf einen speziellen Link zu klicken um den Film in ganzer L\u00e4nge zu sehen. Es ist nicht die erste Webseite dieser Art und es wird auch nicht die letzte sein \u2013 der Unterschied ist die Art wie sie es machen und auch wenn ich mich wiederhole: diese Webseite sieht gro\u00dfartig aus!<br \/>\n<\/span>\n<\/div>\n<div class=\"reviewsiteurl\">\n<a href=\"https:\/\/sexo18.net\/\" rel=\"nofollow noopener noreferrer\" base target=\"_self\"><span style=\"font-size:32px;font-style:normal;font-weight:bold;text-decoration:underline;\">Hier klicken, um die webseite zu besuchen <\/span><\/a>\n<\/div>\n<\/div>\n","protected":false},"excerpt":{"rendered":"<p>Zur\u00fcck zur Startseite Seitenbewertung sexo18 sexo18.net Sexo18.net ist eine Porno Webseite, die t\u00e4gliche Updates mit Bildergalerien f\u00fcr Erwachsene und mit Porno Videos bekommt. Das Layout der Webseite ist hervorragend und wird dir ein gutes Gef\u00fchl geben sobald du einen Fu\u00df auf die Seite setzt. Wor\u00fcber ich mich bei Sexo18.net freue, ist die Tatsache, dass sie <a href='https:\/\/www.thepornlist.net\/de\/porn-blog-sites\/sexo18\/' class='excerpt-more'>[&#8230;]<\/a><\/p>\n","protected":false},"author":1,"featured_media":0,"parent":10476,"menu_order":35050,"comment_status":"closed","ping_status":"closed","template":"0-autofill-tpl-template.php","meta":{"_acf_changed":false,"footnotes":""},"tags":[],"acf":[],"aioseo_notices":[],"_links":{"self":[{"href":"https:\/\/www.thepornlist.net\/de\/wp-json\/wp\/v2\/pages\/10272"}],"collection":[{"href":"https:\/\/www.thepornlist.net\/de\/wp-json\/wp\/v2\/pages"}],"about":[{"href":"https:\/\/www.thepornlist.net\/de\/wp-json\/wp\/v2\/types\/page"}],"author":[{"embeddable":true,"href":"https:\/\/www.thepornlist.net\/de\/wp-json\/wp\/v2\/users\/1"}],"replies":[{"embeddable":true,"href":"https:\/\/www.thepornlist.net\/de\/wp-json\/wp\/v2\/comments?post=10272"}],"version-history":[{"count":0,"href":"https:\/\/www.thepornlist.net\/de\/wp-json\/wp\/v2\/pages\/10272\/revisions"}],"up":[{"embeddable":true,"href":"https:\/\/www.thepornlist.net\/de\/wp-json\/wp\/v2\/pages\/10476"}],"wp:attachment":[{"href":"https:\/\/www.thepornlist.net\/de\/wp-json\/wp\/v2\/media?parent=10272"}],"wp:term":[{"taxonomy":"post_tag","embeddable":true,"href":"https:\/\/www.thepornlist.net\/de\/wp-json\/wp\/v2\/tags?post=10272"}],"curies":[{"name":"wp","href":"https:\/\/api.w.org\/{rel}","templated":true}]}}