{"id":10274,"date":"2015-09-10T16:09:25","date_gmt":"2015-09-10T16:09:25","guid":{"rendered":"https:\/\/www.thepornlist.net\/de\/hotpornfile\/"},"modified":"2019-05-23T10:11:24","modified_gmt":"2019-05-23T10:11:24","slug":"hotpornfile","status":"publish","type":"page","link":"https:\/\/www.thepornlist.net\/de\/porn-blog-sites\/hotpornfile\/","title":{"rendered":"hotpornfile"},"content":{"rendered":"<div class=\"pb\">\n<div class=\"hd\">\n<a href=\"https:\/\/www.thepornlist.net\/de\/\" base target=\"_self\">Zur\u00fcck zur Startseite<\/a>\n<\/div>\n<div class=\"hd2\">\n<span style=\"font-style:normal;font-weight:bold;\">Seitenbewertung<\/span>\n<\/div>\n<\/div>\n<div style=\"width:100%; margin-left:auto; margin-right:auto; clear:both;z-index:1; padding-top:5px; border-radius: 2px;\">\n<div class=\"reviewimg\">\n<p><a href=\"http:\/\/www.hotpornfile.org\/\" rel=\"nofollow\" base target=\"_self\"><img decoding=\"async\" src=\"https:\/\/www.thepornlist.net\/wp-content\/uploads\/2015\/review\/hotpornfile.jpg\" width=\"500\" height=\"500\" alt=\"Porn Tube\"><\/a><\/p>\n<\/div>\n<div class=\"reviewtitle\">\n<h1 style=\"font-family:Arial;font-size:56px;font-style:normal;font-weight:bold;color:#FF1F78;\">hotpornfile<\/h1>\n<\/div>\n<div class=\"revieorgub\">\n<h2 style=\"font-size:14px;font-style:normal;font-weight:bold;\">hotpornfile.org<\/H2>\n<\/div>\n<div class=\"reviewtext\">\n<span style=\"font-size:16px;font-style:normal;\">Was brauchst du? Willst du dir jede Menge Pornos herunterladen um deine eigene kleine private Sammlung an Unterhaltung f\u00fcr Erwachsene anzulegen, die du irgendwann an deine Kinder weitergeben kannst? Dann bist du jetzt genau da, wo du sein solltest \u2013 HotPornFile.org, eine Porno Webseite wo du jede Menge Porno Produktionen herunterladen kannst. <\/br><\/p>\n<p>HotPornFile.org hat ein ungew\u00f6hnliches Layout aber wenn du es erst einmal verstanden hast, wird es dir gefallen. Die Homepage zeigt dir verschiedene Vorschaubilder aus denen du erkennen kannst worum es in der Szene und im aktuellen Film gehen wird. Es scheint, dass du dir die Clips entweder herunterladen kannst oder, dass du sie \u00fcber online Streaming ansehen kannst. Alles ist auf Webseiten von externen dritten Anbietern gehostet und diese Plattformen erlauben dir alles kostenlos zu sehen, was du m\u00f6chtest. Nat\u00fcrlich wird das mit einer niedrigen \u00dcbertragungsgeschwindigkeit passieren, aber keine Angst denn wenn du Pornos in hoher Geschwindigkeit downloaden m\u00f6chtest oder wenn du eine unbegrenzte Anzahl an gleichzeitigen Downloads durchf\u00fchren m\u00f6chtest, kannst du dir einen Premium Account zulegen. Das wird nicht viel kosten und als Porno Sammler wirst du merken, dass du dir das Beste gekauft hast, das man mit Geld bezahlen kann.<br \/>\n<\/span>\n<\/div>\n<div class=\"reviewsiteurl\">\n<a href=\"http:\/\/www.hotpornfile.org\/\" rel=\"nofollow\" base target=\"_self\"><span style=\"font-size:32px;font-style:normal;font-weight:bold;text-decoration:underline;\">Hier klicken, um die webseite zu besuchen <\/span><\/a>\n<\/div>\n<\/div>\n","protected":false},"excerpt":{"rendered":"<p>Zur\u00fcck zur Startseite Seitenbewertung hotpornfile hotpornfile.org Was brauchst du? Willst du dir jede Menge Pornos herunterladen um deine eigene kleine private Sammlung an Unterhaltung f\u00fcr Erwachsene anzulegen, die du irgendwann an deine Kinder weitergeben kannst? Dann bist du jetzt genau da, wo du sein solltest \u2013 HotPornFile.org, eine Porno Webseite wo du jede Menge Porno <a href='https:\/\/www.thepornlist.net\/de\/porn-blog-sites\/hotpornfile\/' class='excerpt-more'>[&#8230;]<\/a><\/p>\n","protected":false},"author":1,"featured_media":0,"parent":10476,"menu_order":34190,"comment_status":"closed","ping_status":"closed","template":"0-autofill-tpl-template.php","meta":{"_acf_changed":false,"footnotes":""},"tags":[],"acf":[],"aioseo_notices":[],"_links":{"self":[{"href":"https:\/\/www.thepornlist.net\/de\/wp-json\/wp\/v2\/pages\/10274"}],"collection":[{"href":"https:\/\/www.thepornlist.net\/de\/wp-json\/wp\/v2\/pages"}],"about":[{"href":"https:\/\/www.thepornlist.net\/de\/wp-json\/wp\/v2\/types\/page"}],"author":[{"embeddable":true,"href":"https:\/\/www.thepornlist.net\/de\/wp-json\/wp\/v2\/users\/1"}],"replies":[{"embeddable":true,"href":"https:\/\/www.thepornlist.net\/de\/wp-json\/wp\/v2\/comments?post=10274"}],"version-history":[{"count":0,"href":"https:\/\/www.thepornlist.net\/de\/wp-json\/wp\/v2\/pages\/10274\/revisions"}],"up":[{"embeddable":true,"href":"https:\/\/www.thepornlist.net\/de\/wp-json\/wp\/v2\/pages\/10476"}],"wp:attachment":[{"href":"https:\/\/www.thepornlist.net\/de\/wp-json\/wp\/v2\/media?parent=10274"}],"wp:term":[{"taxonomy":"post_tag","embeddable":true,"href":"https:\/\/www.thepornlist.net\/de\/wp-json\/wp\/v2\/tags?post=10274"}],"curies":[{"name":"wp","href":"https:\/\/api.w.org\/{rel}","templated":true}]}}