{"id":10276,"date":"2015-09-10T15:54:02","date_gmt":"2015-09-10T15:54:02","guid":{"rendered":"https:\/\/www.thepornlist.net\/de\/hidefporn\/"},"modified":"2019-05-23T10:11:08","modified_gmt":"2019-05-23T10:11:08","slug":"hidefporn","status":"publish","type":"page","link":"https:\/\/www.thepornlist.net\/de\/porn-blog-sites\/hidefporn\/","title":{"rendered":"hidefporn.ws"},"content":{"rendered":"<div class=\"pb\">\n<div class=\"hd\">\n<a href=\"https:\/\/www.thepornlist.net\/de\/\" base target=\"_self\">Zur\u00fcck zur Startseite<\/a>\n<\/div>\n<div class=\"hd2\">\n<span style=\"font-style:normal;font-weight:bold;\">Seitenbewertung<\/span>\n<\/div>\n<\/div>\n<div style=\"width:100%; margin-left:auto; margin-right:auto; clear:both;z-index:1; padding-top:5px; border-radius: 2px;\">\n<div class=\"reviewimg\">\n<p><a href=\"http:\/\/www.hidefporn.ws\/\" rel=\"nofollow\" base target=\"_self\"><img decoding=\"async\" src=\"https:\/\/www.thepornlist.net\/wp-content\/uploads\/2015\/review\/hidefporn.jpg\" width=\"500\" height=\"500\" alt=\"Porn Tube\"><\/a><\/p>\n<\/div>\n<div class=\"reviewtitle\">\n<h1 style=\"font-family:Arial;font-size:56px;font-style:normal;font-weight:bold;color:#FF1F78;\">hidefporn<\/h1>\n<\/div>\n<div class=\"reviewsub\">\n<h2 style=\"font-size:14px;font-style:normal;font-weight:bold;\">hidefporn.ws<\/H2>\n<\/div>\n<div class=\"reviewtext\">\n<span style=\"font-size:16px;font-style:normal;\">Lasst es mich mal so sagen \u2013 Blu-Ray, HD-DVD, HD Seiten, interracial Sex, japanische XXX Filme, Amateur Pornos, Filme in voller L\u00e4nge, Teens, Lesben, Softcore, Solo, Masturbation, Erotik und vieles andere! Alles klar, hab ich deine Aufmerksamkeit, dann machen wir mal weiter! <\/br><\/p>\n<p>Willkommen bei HiDefPorn.ws, deinem Porno Ziel wenn du ein paar hei\u00dfe Produktionen f\u00fcr Erwachsene in hoher Qualit\u00e4t herunterladen willst. Nun, du kennst den Deal \u2013 du bekommst alles, was du willst, kostenlos aber mit einer geringen \u00dcbertragungsgeschwindigkeit. F\u00fcr h\u00f6here Geschwindigkeiten musst du zahlen und kannst damit einige gro\u00dfartige Angebote von dem externen Hosting Unternehmen, mit dem sie arbeiten, bekommen. Bevor du deinen Download startest, sieh dich erst mal auf der Seite mit den aktuellen Ver\u00f6ffentlichungen um denn dort kannst du Details wie Namen, Erscheinungsdatum, die urspr\u00fcngliche Seite, Genre, Name der Schauspielerin, Zeit, Qualit\u00e4t, Video Format, Video, Audio, Gr\u00f6\u00dfe und einige Vorschaubilder der Szenen sehen. <\/br><\/p>\n<p>HiDefPorn ist einer der Orte an denen du garantiert all das finden kannst, was du suchst. Jedes Porno Genre, das du sehen willst, Szenen aus gro\u00dfartigen Porno Produktion Studios und sogar die besten Pornostars, die w\u00e4hrend ihrer versauten Aktivit\u00e4ten \u00fcber deinen Bildschirm h\u00fcpfen werden. Schau vorbei!<br \/>\n<\/span>\n<\/div>\n<div class=\"reviewsiteurl\">\n<a href=\"http:\/\/www.hidefporn.ws\/\" rel=\"nofollow\" base target=\"_self\"><span style=\"font-size:32px;font-style:normal;font-weight:bold;text-decoration:underline;\">Hier klicken, um die webseite zu besuchen <\/span><\/a>\n<\/div>\n<\/div>\n","protected":false},"excerpt":{"rendered":"<p>Zur\u00fcck zur Startseite Seitenbewertung hidefporn hidefporn.ws Lasst es mich mal so sagen \u2013 Blu-Ray, HD-DVD, HD Seiten, interracial Sex, japanische XXX Filme, Amateur Pornos, Filme in voller L\u00e4nge, Teens, Lesben, Softcore, Solo, Masturbation, Erotik und vieles andere! Alles klar, hab ich deine Aufmerksamkeit, dann machen wir mal weiter! Willkommen bei HiDefPorn.ws, deinem Porno Ziel wenn <a href='https:\/\/www.thepornlist.net\/de\/porn-blog-sites\/hidefporn\/' class='excerpt-more'>[&#8230;]<\/a><\/p>\n","protected":false},"author":1,"featured_media":0,"parent":10476,"menu_order":18030,"comment_status":"closed","ping_status":"closed","template":"0-autofill-tpl-template.php","meta":{"_acf_changed":false,"footnotes":""},"tags":[],"acf":[],"aioseo_notices":[],"_links":{"self":[{"href":"https:\/\/www.thepornlist.net\/de\/wp-json\/wp\/v2\/pages\/10276"}],"collection":[{"href":"https:\/\/www.thepornlist.net\/de\/wp-json\/wp\/v2\/pages"}],"about":[{"href":"https:\/\/www.thepornlist.net\/de\/wp-json\/wp\/v2\/types\/page"}],"author":[{"embeddable":true,"href":"https:\/\/www.thepornlist.net\/de\/wp-json\/wp\/v2\/users\/1"}],"replies":[{"embeddable":true,"href":"https:\/\/www.thepornlist.net\/de\/wp-json\/wp\/v2\/comments?post=10276"}],"version-history":[{"count":0,"href":"https:\/\/www.thepornlist.net\/de\/wp-json\/wp\/v2\/pages\/10276\/revisions"}],"up":[{"embeddable":true,"href":"https:\/\/www.thepornlist.net\/de\/wp-json\/wp\/v2\/pages\/10476"}],"wp:attachment":[{"href":"https:\/\/www.thepornlist.net\/de\/wp-json\/wp\/v2\/media?parent=10276"}],"wp:term":[{"taxonomy":"post_tag","embeddable":true,"href":"https:\/\/www.thepornlist.net\/de\/wp-json\/wp\/v2\/tags?post=10276"}],"curies":[{"name":"wp","href":"https:\/\/api.w.org\/{rel}","templated":true}]}}