{"id":10279,"date":"2015-09-10T14:35:21","date_gmt":"2015-09-10T14:35:21","guid":{"rendered":"https:\/\/www.thepornlist.net\/de\/fetish-porn-sites\/gapeland\/"},"modified":"2019-06-06T12:39:46","modified_gmt":"2019-06-06T12:39:46","slug":"gapeland","status":"publish","type":"page","link":"https:\/\/www.thepornlist.net\/de\/fetish-porn-sites\/gapeland\/","title":{"rendered":"gapeland.com"},"content":{"rendered":"<div class=\"pb\">\n<div class=\"hd\">\n<a href=\"https:\/\/www.thepornlist.net\/de\/\" base target=\"_self\">Zur\u00fcck zur Startseite<\/a>\n<\/div>\n<div class=\"hd2\">\n<span style=\"font-style:normal;font-weight:bold;\">Seitenbewertung<\/span>\n<\/div>\n<\/div>\n<div style=\"width:100%; margin-left:auto; margin-right:auto; clear:both;z-index:1; padding-top:5px; border-radius: 2px;\">\n<div class=\"reviewimg\">\n<p><a href=\"http:\/\/www.iyalc.com\/21sextury\/go.php?pr=8&#038;su=2&#038;si=207&#038;ad=209520&#038;cs=gapeland&#038;ar=&#038;campaign=299326&#038;buffer=\" rel=\"nofollow\" base target=\"_self\"><img decoding=\"async\" src=\"https:\/\/www.thepornlist.net\/wp-content\/uploads\/2015\/review\/gapeland.jpg\" width=\"500\" height=\"500\" alt=\"Porn Tube\"><\/a><\/p>\n<\/div>\n<div class=\"reviewtitle\">\n<h1 style=\"font-family:Arial;font-size:56px;font-style:normal;font-weight:bold;color:#FF1F78;\">gapeland<\/h1>\n<\/div>\n<div class=\"reviewsub\">\n<h2 style=\"font-size:14px;font-style:normal;font-weight:bold;\">gapeland.com<\/H2>\n<\/div>\n<div class=\"reviewtext\">\n<span style=\"font-size:16px;font-style:normal;\">Anal besessene Babes bei intensiver Action f\u00fcrs Hintert\u00fcrchen? Hah, sicher, das kannst du auf Gapeland.com finden. Dieses Netzwerk wei\u00df, wie man eine gro\u00dfartige Premium Webseite abliefert. Du solltest also diese Bewertung lesen und danach solltest du sie wirklich besuchen um selbst zu sehen, wor\u00fcber ich spreche.<\/br> <\/p>\n<p>Da sie h\u00e4ufige Updates mit Fotos und Videos mit exklusiven Inhalten bekommt, k\u00f6nnen wir \u00fcber Gapeland.21Sextury.com sagen, dass sie ein stolzes Mitglied des 21Sextury Netzwerkes ist, nicht wahr?<\/br><\/p>\n<p>Die Homepage wird dich mit einer Menge glamour\u00f6ser Vorschaubilder begr\u00fc\u00dfen und mit einer Menge exquisiter Pornos, die deine Augen wie bei einem Hauptgewinn zum strahlen bringen werden. Gehe weiter nach unten und du bekommst mehr und mehr, ein unendliches Scroll System. Wenn du einen Tag lang alles was sie anbieten erleben willst, dann zahle 1 $ f\u00fcr eine Test Mitgliedschaft. Ich bin mir ziemlich sicher, dass du dich danach f\u00fcr 1 Monat, 3 Monate oder 12 Monate anmelden wirst denn du wirst sicherlich nicht genug davon bekommen k\u00f6nnen.<\/br> <\/p>\n<p>Das einzig Schlechte an diesem Porno Netzwerk ist die Tatsache, dass sie es dir nicht gestatten Vorschauen oder Trailer zu sehen au\u00dfer den Vorschaubildern im Gif oder Foto Stil auf der Startseite. Besuch sie!<br \/>\n<\/span>\n<\/div>\n<div class=\"reviewsiteurl\">\n<a href=\"http:\/\/www.iyalc.com\/21sextury\/go.php?pr=8&#038;su=2&#038;si=207&#038;ad=209520&#038;cs=gapeland&#038;ar=&#038;campaign=299326&#038;buffer=\" rel=\"nofollow\" base target=\"_self\"><span style=\"font-size:32px;font-style:normal;font-weight:bold;text-decoration:underline;\">Hier klicken, um die webseite zu besuchen <\/span><\/a>\n<\/div>\n<\/div>\n","protected":false},"excerpt":{"rendered":"<p>Zur\u00fcck zur Startseite Seitenbewertung gapeland gapeland.com Anal besessene Babes bei intensiver Action f\u00fcrs Hintert\u00fcrchen? Hah, sicher, das kannst du auf Gapeland.com finden. Dieses Netzwerk wei\u00df, wie man eine gro\u00dfartige Premium Webseite abliefert. Du solltest also diese Bewertung lesen und danach solltest du sie wirklich besuchen um selbst zu sehen, wor\u00fcber ich spreche. Da sie h\u00e4ufige <a href='https:\/\/www.thepornlist.net\/de\/fetish-porn-sites\/gapeland\/' class='excerpt-more'>[&#8230;]<\/a><\/p>\n","protected":false},"author":1,"featured_media":0,"parent":9773,"menu_order":27650,"comment_status":"closed","ping_status":"closed","template":"0-autofill-tpl-template.php","meta":{"_acf_changed":false,"footnotes":""},"tags":[],"acf":[],"aioseo_notices":[],"_links":{"self":[{"href":"https:\/\/www.thepornlist.net\/de\/wp-json\/wp\/v2\/pages\/10279"}],"collection":[{"href":"https:\/\/www.thepornlist.net\/de\/wp-json\/wp\/v2\/pages"}],"about":[{"href":"https:\/\/www.thepornlist.net\/de\/wp-json\/wp\/v2\/types\/page"}],"author":[{"embeddable":true,"href":"https:\/\/www.thepornlist.net\/de\/wp-json\/wp\/v2\/users\/1"}],"replies":[{"embeddable":true,"href":"https:\/\/www.thepornlist.net\/de\/wp-json\/wp\/v2\/comments?post=10279"}],"version-history":[{"count":0,"href":"https:\/\/www.thepornlist.net\/de\/wp-json\/wp\/v2\/pages\/10279\/revisions"}],"up":[{"embeddable":true,"href":"https:\/\/www.thepornlist.net\/de\/wp-json\/wp\/v2\/pages\/9773"}],"wp:attachment":[{"href":"https:\/\/www.thepornlist.net\/de\/wp-json\/wp\/v2\/media?parent=10279"}],"wp:term":[{"taxonomy":"post_tag","embeddable":true,"href":"https:\/\/www.thepornlist.net\/de\/wp-json\/wp\/v2\/tags?post=10279"}],"curies":[{"name":"wp","href":"https:\/\/api.w.org\/{rel}","templated":true}]}}