{"id":10280,"date":"2015-09-10T14:34:38","date_gmt":"2015-09-10T14:34:38","guid":{"rendered":"https:\/\/www.thepornlist.net\/de\/fetish-porn-sites\/footsiebabes\/"},"modified":"2021-11-05T16:06:44","modified_gmt":"2021-11-05T16:06:44","slug":"footsiebabes","status":"publish","type":"page","link":"https:\/\/www.thepornlist.net\/de\/fetish-porn-sites\/footsiebabes\/","title":{"rendered":"footsiebabes.com"},"content":{"rendered":"<div class=\"pb\">\n<div class=\"hd\">\n<a href=\"https:\/\/www.thepornlist.net\/de\/\" base target=\"_self\" rel=\"noopener noreferrer\">Zur\u00fcck zur Startseite<\/a>\n<\/div>\n<div class=\"hd2\">\n<span style=\"font-style:normal;font-weight:bold;\">Seitenbewertung<\/span>\n<\/div>\n<\/div>\n<div style=\"width:100%; margin-left:auto; margin-right:auto; clear:both;z-index:1; padding-top:5px; border-radius: 2px;\">\n<div class=\"reviewimg\">\n<p><a href=\"http:\/\/www.iyalc.com\/21sextury\/go.php?pr=8&#038;su=2&#038;si=207&#038;ad=209520&#038;cs=footsiebabes&#038;ar=&#038;campaign=299327&#038;buffer=\" rel=\"nofollow noopener noreferrer\" base target=\"_self\"><img decoding=\"async\" src=\"https:\/\/www.thepornlist.net\/wp-content\/uploads\/2015\/review\/footsiebabes.jpg\" width=\"500\" height=\"500\" alt=\"Porn Tube\"><\/a><\/p>\n<\/div>\n<div class=\"reviewtitle\">\n<h1 style=\"font-family:Arial;font-size:56px;font-style:normal;font-weight:bold;color:#FF1F78;\">footsiebabes<\/h1>\n<\/div>\n<div class=\"reviewsub\">\n<h2 style=\"font-size:14px;font-style:normal;font-weight:bold;\">footsiebabes.com<\/H2>\n<\/div>\n<div class=\"reviewtext\">\n<span style=\"font-size:16px;font-style:normal;\">Willkommen bei Footsiebabes.com, dem einzigen Ort an dem du verdammt gut aussehende Versuchungen mit den sexy F\u00fc\u00dfen sehen kannst! Die Seite ist XBIZ Award Gewinner als beste Seite f\u00fcr Erwachsene des Jahres \u2013 sei erstaunt, sie wird dir gefallen!<\/br><\/p>\n<p>FootsieBabes ist eine Premium Webseite voller exklusiver Inhalte \u2013 t\u00e4gliche Updates mit Fotos und Videos. Als Teil des 21Sextury Netzwerks, wird dieser Porno Ort dir die besten HD Videos garantieren, die in dieser Nische verf\u00fcgbar sind und er wird dir auch die Gelegenheit bieten ihr Angebot zu testen indem du dich f\u00fcr eine Testmitgliedschaft f\u00fcr 1 Tag entscheidest, die dich nur 1 $ kosten wird. Wenn du danach feststellen wirst, dass das genau das ist, was du suchst (meiner Meinung nach ist es das) kannst du dich f\u00fcr eine Anmeldung f\u00fcr 1 Monat, 3 Monate oder 12 Monate entscheiden. Was soll ich noch sagen? Melde dich an und du kannst Hunderte von hardcore Aktionen mit den wundersch\u00f6nsten Babes anschauen.<\/br> <\/p>\n<p>Die Homepage ist gef\u00fcllt mit Vorschaubildern und wenn du nach unten scrollst bekommst du immer mehr und mehr. Sie funktioniert wunderbar auf allen mobilen Endger\u00e4ten, wenn du also ein paar gute Pornos im Zug genie\u00dfen willst, ist alles was du brauchst Wi-Fi! Los!<br \/>\n<\/span>\n<\/div>\n<div class=\"reviewsiteurl\">\n<a href=\"http:\/\/www.iyalc.com\/21sextury\/go.php?pr=8&#038;su=2&#038;si=207&#038;ad=209520&#038;cs=footsiebabes&#038;ar=&#038;campaign=299327&#038;buffer=\" rel=\"nofollow noopener noreferrer\" base target=\"_self\"><span style=\"font-size:32px;font-style:normal;font-weight:bold;text-decoration:underline;\">Hier klicken, um die webseite zu besuchen <\/span><\/a>\n<\/div>\n<\/div>\n","protected":false},"excerpt":{"rendered":"<p>Zur\u00fcck zur Startseite Seitenbewertung footsiebabes footsiebabes.com Willkommen bei Footsiebabes.com, dem einzigen Ort an dem du verdammt gut aussehende Versuchungen mit den sexy F\u00fc\u00dfen sehen kannst! Die Seite ist XBIZ Award Gewinner als beste Seite f\u00fcr Erwachsene des Jahres \u2013 sei erstaunt, sie wird dir gefallen! FootsieBabes ist eine Premium Webseite voller exklusiver Inhalte \u2013 t\u00e4gliche <a href='https:\/\/www.thepornlist.net\/de\/fetish-porn-sites\/footsiebabes\/' class='excerpt-more'>[&#8230;]<\/a><\/p>\n","protected":false},"author":1,"featured_media":0,"parent":9773,"menu_order":12310,"comment_status":"closed","ping_status":"closed","template":"0-autofill-tpl-template.php","meta":{"_acf_changed":false,"footnotes":""},"tags":[],"acf":[],"aioseo_notices":[],"_links":{"self":[{"href":"https:\/\/www.thepornlist.net\/de\/wp-json\/wp\/v2\/pages\/10280"}],"collection":[{"href":"https:\/\/www.thepornlist.net\/de\/wp-json\/wp\/v2\/pages"}],"about":[{"href":"https:\/\/www.thepornlist.net\/de\/wp-json\/wp\/v2\/types\/page"}],"author":[{"embeddable":true,"href":"https:\/\/www.thepornlist.net\/de\/wp-json\/wp\/v2\/users\/1"}],"replies":[{"embeddable":true,"href":"https:\/\/www.thepornlist.net\/de\/wp-json\/wp\/v2\/comments?post=10280"}],"version-history":[{"count":0,"href":"https:\/\/www.thepornlist.net\/de\/wp-json\/wp\/v2\/pages\/10280\/revisions"}],"up":[{"embeddable":true,"href":"https:\/\/www.thepornlist.net\/de\/wp-json\/wp\/v2\/pages\/9773"}],"wp:attachment":[{"href":"https:\/\/www.thepornlist.net\/de\/wp-json\/wp\/v2\/media?parent=10280"}],"wp:term":[{"taxonomy":"post_tag","embeddable":true,"href":"https:\/\/www.thepornlist.net\/de\/wp-json\/wp\/v2\/tags?post=10280"}],"curies":[{"name":"wp","href":"https:\/\/api.w.org\/{rel}","templated":true}]}}