{"id":10282,"date":"2015-09-10T14:33:13","date_gmt":"2015-09-10T14:33:13","guid":{"rendered":"https:\/\/www.thepornlist.net\/de\/fetish-porn-sites\/dominatedgirls\/"},"modified":"2019-05-18T10:55:01","modified_gmt":"2019-05-18T10:55:01","slug":"dominatedgirls","status":"publish","type":"page","link":"https:\/\/www.thepornlist.net\/de\/fetish-porn-sites\/dominatedgirls\/","title":{"rendered":"dominatedgirls.com"},"content":{"rendered":"<div class=\"pb\">\n<div class=\"hd\">\n<a href=\"https:\/\/www.thepornlist.net\/de\/\" base target=\"_self\">Zur\u00fcck zur Startseite<\/a>\n<\/div>\n<div class=\"hd2\">\n<span style=\"font-style:normal;font-weight:bold;\">Seitenbewertung<\/span>\n<\/div>\n<\/div>\n<div style=\"width:100%; margin-left:auto; margin-right:auto; clear:both;z-index:1; padding-top:5px; border-radius: 2px;\">\n<div class=\"reviewimg\">\n<p><a href=\"http:\/\/www.iyalc.com\/21sextreme\/go.php?pr=8&#038;su=2&#038;si=208&#038;ad=209520&#038;cs=dominatedgirls&#038;ar=&#038;campaign=299325&#038;buffer=\" rel=\"nofollow\" base target=\"_self\"><img decoding=\"async\" src=\"https:\/\/www.thepornlist.net\/wp-content\/uploads\/2015\/review\/dominatedgirls.jpg\" width=\"500\" height=\"500\" alt=\"Porn Tube\"><\/a><\/p>\n<\/div>\n<div class=\"reviewtitle\">\n<h1 style=\"font-family:Arial;font-size:56px;font-style:normal;font-weight:bold;color:#FF1F78;\">dominatedgirls<\/h1>\n<\/div>\n<div class=\"reviewsub\">\n<h2 style=\"font-size:14px;font-style:normal;font-weight:bold;\">dominatedgirls.com<\/H2>\n<\/div>\n<div class=\"reviewtext\">\n<span style=\"font-size:16px;font-style:normal;\">Willst du unschuldig aussehende Girls sehen, die nach dem Vergn\u00fcgen verlangen dominiert zu werden? Sag nichts mehr, ich habe genau das, was du brauchst bei DominatedGirls.21Sextreme.com. Die Seite bekommt h\u00e4ufige Updates mit Fotos und Videos und hat exklusive Inhalte. Es ist auch Premium, also wirst du nur Produktionen in hoher Qualit\u00e4t aus dem Land der Fetische bekommen.<\/br> <\/p>\n<p>Als Teil des 21Sextreme Netzwerks, das wiederum ein Teil des 21Sextury.com Netzwerks ist, wird dir diese Porno Webseite deine t\u00e4gliche Dosis an Porno und noch viel mehr geben.<\/br><\/p>\n<p>Ihre Homepage ist reich an Inhalten und du wirst einige Vorschauen neben den Vorschaubildern sehen. Exotische Fickschlampen, bezahltes Vergn\u00fcgen mit bezahlten Schmerzen, \u00e4u\u00dferste Dominanz und noch viele andere solche Titel werden dir direkt auf der Homepage begegnen.<\/br><\/p>\n<p>Wenn du einen Blick darauf werfen willst, was auf der heutigen Men\u00fckarte steht, dann melde dich f\u00fcr eine versuchsweise Testmitgliedschaft, die dich 1 $ kosten wird. Nat\u00fcrlich kannst du dich auch f\u00fcr 1 Monat, 3 Monate oder 12 Monate anmelden, aber warum solltest du das tun wenn du noch nicht wei\u00dft ob es dir gef\u00e4llt?<\/br><\/p>\n<p>Bist du ein Fan von Fetisch Pornos? DominatedGirls.com ist sicherlich eine der besten Optionen f\u00fcr dich. Leg los!<br \/>\n<\/span>\n<\/div>\n<div class=\"reviewsiteurl\">\n<a href=\"http:\/\/www.iyalc.com\/21sextreme\/go.php?pr=8&#038;su=2&#038;si=208&#038;ad=209520&#038;cs=dominatedgirls&#038;ar=&#038;campaign=299325&#038;buffer=\" rel=\"nofollow\" base target=\"_self\"><span style=\"font-size:32px;font-style:normal;font-weight:bold;text-decoration:underline;\">Hier klicken, um die webseite zu besuchen <\/span><\/a>\n<\/div>\n<\/div>\n","protected":false},"excerpt":{"rendered":"<p>Zur\u00fcck zur Startseite Seitenbewertung dominatedgirls dominatedgirls.com Willst du unschuldig aussehende Girls sehen, die nach dem Vergn\u00fcgen verlangen dominiert zu werden? Sag nichts mehr, ich habe genau das, was du brauchst bei DominatedGirls.21Sextreme.com. Die Seite bekommt h\u00e4ufige Updates mit Fotos und Videos und hat exklusive Inhalte. Es ist auch Premium, also wirst du nur Produktionen in <a href='https:\/\/www.thepornlist.net\/de\/fetish-porn-sites\/dominatedgirls\/' class='excerpt-more'>[&#8230;]<\/a><\/p>\n","protected":false},"author":1,"featured_media":0,"parent":9773,"menu_order":16990,"comment_status":"closed","ping_status":"closed","template":"0-autofill-tpl-template.php","meta":{"_acf_changed":false,"footnotes":""},"tags":[],"acf":[],"aioseo_notices":[],"_links":{"self":[{"href":"https:\/\/www.thepornlist.net\/de\/wp-json\/wp\/v2\/pages\/10282"}],"collection":[{"href":"https:\/\/www.thepornlist.net\/de\/wp-json\/wp\/v2\/pages"}],"about":[{"href":"https:\/\/www.thepornlist.net\/de\/wp-json\/wp\/v2\/types\/page"}],"author":[{"embeddable":true,"href":"https:\/\/www.thepornlist.net\/de\/wp-json\/wp\/v2\/users\/1"}],"replies":[{"embeddable":true,"href":"https:\/\/www.thepornlist.net\/de\/wp-json\/wp\/v2\/comments?post=10282"}],"version-history":[{"count":0,"href":"https:\/\/www.thepornlist.net\/de\/wp-json\/wp\/v2\/pages\/10282\/revisions"}],"up":[{"embeddable":true,"href":"https:\/\/www.thepornlist.net\/de\/wp-json\/wp\/v2\/pages\/9773"}],"wp:attachment":[{"href":"https:\/\/www.thepornlist.net\/de\/wp-json\/wp\/v2\/media?parent=10282"}],"wp:term":[{"taxonomy":"post_tag","embeddable":true,"href":"https:\/\/www.thepornlist.net\/de\/wp-json\/wp\/v2\/tags?post=10282"}],"curies":[{"name":"wp","href":"https:\/\/api.w.org\/{rel}","templated":true}]}}