{"id":10285,"date":"2015-09-10T14:26:40","date_gmt":"2015-09-10T14:26:40","guid":{"rendered":"https:\/\/www.thepornlist.net\/de\/fetish-porn-sites\/momson\/"},"modified":"2019-05-24T11:24:48","modified_gmt":"2019-05-24T11:24:48","slug":"momson","status":"publish","type":"page","link":"https:\/\/www.thepornlist.net\/de\/fetish-porn-sites\/momson\/","title":{"rendered":"momson"},"content":{"rendered":"<div class=\"pb\">\n<div class=\"hd\">\n<a href=\"https:\/\/www.thepornlist.net\/de\/\" base target=\"_self\">Zur\u00fcck zur Startseite<\/a>\n<\/div>\n<div class=\"hd2\">\n<span style=\"font-style:normal;font-weight:bold;\">Seitenbewertung<\/span>\n<\/div>\n<\/div>\n<div style=\"width:100%; margin-left:auto; margin-right:auto; clear:both;z-index:1; padding-top:5px; border-radius: 2px;\">\n<div class=\"reviewimg\">\n<p><a href=\"http:\/\/www.momson.info\/\" rel=\"nofollow\" base target=\"_self\"><img decoding=\"async\" src=\"https:\/\/www.thepornlist.net\/wp-content\/uploads\/2015\/review\/momson.jpg\" width=\"500\" height=\"500\" alt=\"Porn Tube\"><\/a><\/p>\n<\/div>\n<div class=\"reviewtitle\">\n<h1 style=\"font-family:Arial;font-size:56px;font-style:normal;font-weight:bold;color:#FF1F78;\">momson<\/h1>\n<\/div>\n<div class=\"reviewsub\">\n<h2 style=\"font-size:14px;font-style:normal;font-weight:bold;\">momson.info<\/H2>\n<\/div>\n<div class=\"reviewtext\">\n<span style=\"font-size:16px;font-style:normal;\">Nun, ich denke, dass es offensichtlich ist, was du hinter diesem Namen versteckt finden wirst \u2013 MomSon.info. Als ich meinen Fu\u00df auf diese Webseite gesetzt habe, habe ich das letzte Update und seinen Titel gesehen: \u201e Mutti bleibt zuhause um eine gute Zeit mit ihrem Sohn zu erleben\u201c. Nun, das ist schnell eskaliert!<\/br><\/p>\n<p>MomSon sieht aus und verh\u00e4lt sich wie ein Blog, aber es ist keiner sondern \u2013 eine Porno Plattform wo du eine Menge Inzest Filme und Clips f\u00fcr Erwachsene finden wirst: 60FPS Inzest Pornos, Amateur Inzest Porno Videos, anal mit Mutti, asiatischer Inzest, Audio Inzest, Tante-Neffe, Bruder Schwester, vollbusige Muttis, Sperma in Mutti, Dominanz, Doppelpenetration, Vater Tochter, Mainstream Inzest Filme, Sex Orgien, schwangere Mutti, echter Inzest, Solo (wo ist da der Inzest?) und noch viel mehr.<\/br><\/p>\n<p>Zu jeder Ver\u00f6ffentlichung hast du Screenshots zu deiner Verf\u00fcgung, die du anschauen kannst um herauszufinden, was du bekommst falls du dieses Video herunterl\u00e4dst und nat\u00fcrlich die Download Links. Klicke darauf um zu einer NovaFile Seite weitergeleitet zu werden \u2013 ja, du kannst es kostenlos herunterladen aber es wird mit langsamer Geschwindigkeit passieren. F\u00fcr schnelleren Spa\u00df, melde einen Premium Account an. Nichts Neues \u2013 daran sind wir gew\u00f6hnt!<br \/>\n<\/span>\n<\/div>\n<div class=\"reviewsiteurl\">\n<a href=\"http:\/\/www.momson.info\/\" rel=\"nofollow\" base target=\"_self\"><span style=\"font-size:32px;font-style:normal;font-weight:bold;text-decoration:underline;\">Hier klicken, um die webseite zu besuchen <\/span><\/a>\n<\/div>\n<\/div>\n","protected":false},"excerpt":{"rendered":"<p>Zur\u00fcck zur Startseite Seitenbewertung momson momson.info Nun, ich denke, dass es offensichtlich ist, was du hinter diesem Namen versteckt finden wirst \u2013 MomSon.info. Als ich meinen Fu\u00df auf diese Webseite gesetzt habe, habe ich das letzte Update und seinen Titel gesehen: \u201e Mutti bleibt zuhause um eine gute Zeit mit ihrem Sohn zu erleben\u201c. Nun, <a href='https:\/\/www.thepornlist.net\/de\/fetish-porn-sites\/momson\/' class='excerpt-more'>[&#8230;]<\/a><\/p>\n","protected":false},"author":1,"featured_media":0,"parent":9773,"menu_order":37610,"comment_status":"closed","ping_status":"closed","template":"0-autofill-tpl-template.php","meta":{"_acf_changed":false,"footnotes":""},"tags":[],"acf":[],"aioseo_notices":[],"_links":{"self":[{"href":"https:\/\/www.thepornlist.net\/de\/wp-json\/wp\/v2\/pages\/10285"}],"collection":[{"href":"https:\/\/www.thepornlist.net\/de\/wp-json\/wp\/v2\/pages"}],"about":[{"href":"https:\/\/www.thepornlist.net\/de\/wp-json\/wp\/v2\/types\/page"}],"author":[{"embeddable":true,"href":"https:\/\/www.thepornlist.net\/de\/wp-json\/wp\/v2\/users\/1"}],"replies":[{"embeddable":true,"href":"https:\/\/www.thepornlist.net\/de\/wp-json\/wp\/v2\/comments?post=10285"}],"version-history":[{"count":0,"href":"https:\/\/www.thepornlist.net\/de\/wp-json\/wp\/v2\/pages\/10285\/revisions"}],"up":[{"embeddable":true,"href":"https:\/\/www.thepornlist.net\/de\/wp-json\/wp\/v2\/pages\/9773"}],"wp:attachment":[{"href":"https:\/\/www.thepornlist.net\/de\/wp-json\/wp\/v2\/media?parent=10285"}],"wp:term":[{"taxonomy":"post_tag","embeddable":true,"href":"https:\/\/www.thepornlist.net\/de\/wp-json\/wp\/v2\/tags?post=10285"}],"curies":[{"name":"wp","href":"https:\/\/api.w.org\/{rel}","templated":true}]}}