{"id":10288,"date":"2015-09-10T14:24:32","date_gmt":"2015-09-10T14:24:32","guid":{"rendered":"https:\/\/www.thepornlist.net\/de\/fetish-porn-sites\/fetish-pornbb\/"},"modified":"2019-05-24T11:24:46","modified_gmt":"2019-05-24T11:24:46","slug":"fetish-pornbb","status":"publish","type":"page","link":"https:\/\/www.thepornlist.net\/de\/fetish-porn-sites\/fetish-pornbb\/","title":{"rendered":"fetish.pornbb"},"content":{"rendered":"<div class=\"pb\">\n<div class=\"hd\">\n<a href=\"https:\/\/www.thepornlist.net\/de\/\" base target=\"_self\">Zur\u00fcck zur Startseite<\/a>\n<\/div>\n<div class=\"hd2\">\n<span style=\"font-style:normal;font-weight:bold;\">Seitenbewertung<\/span>\n<\/div>\n<\/div>\n<div style=\"width:100%; margin-left:auto; margin-right:auto; clear:both;z-index:1; padding-top:5px; border-radius: 2px;\">\n<div class=\"reviewimg\">\n<p><a href=\"http:\/\/fetish.pornbb.org\/\" rel=\"nofollow\" base target=\"_self\"><img decoding=\"async\" src=\"https:\/\/www.thepornlist.net\/wp-content\/uploads\/2015\/review\/fetish.pornbb.jpg\" width=\"500\" height=\"500\" alt=\"Porn Tube\"><\/a><\/p>\n<\/div>\n<div class=\"reviewtitle\">\n<h1 style=\"font-family:Arial;font-size:56px;font-style:normal;font-weight:bold;color:#FF1F78;\">fetish.pornbb<\/h1>\n<\/div>\n<div class=\"reviewsub\">\n<h2 style=\"font-size:14px;font-style:normal;font-weight:bold;\">fetish.pornbb.org<\/H2>\n<\/div>\n<div class=\"reviewtext\">\n<span style=\"font-size:16px;font-style:normal;\">Willkommen bei Fetish.PornBB.org \u2013 einem voll funktionierenden Porno Forum, das ein riesiges Archiv an Fetisch Videos, Clips und mehr hat, die du alle genie\u00dfen kannst.<\/br><\/p>\n<p>Da es ein Forum ist, wirst du einen Account registrieren m\u00fcssen um mit der hier gegr\u00fcndeten Gemeinschaft interagieren zu k\u00f6nnen, aber mach dir keine Sorgen \u2013 das ist kostenlos. Du wirst eine Menge an Bereichen bekommen: Bondage \/ BDSM \/ Folter Filme, Blut Filme, Natursekt und Kaviar Videos, Fu\u00df Fetisch Clips, weibliche Dominanz, Umschnalldildo oder Smoking Unterforen und zus\u00e4tzlich noch Bilder f\u00fcr die gleichen Nischen.<\/br> <\/p>\n<p>Es gibt insgesamt 4.200.000 Posts in diesem Moment und mit so viel Inhalt steht Fetish.PornBB.org an der Spitze der Unterhaltung f\u00fcr Erwachsene wenn es um online Fetisch Pornos geht.<\/br> <\/p>\n<p>Auf einen schnellen Blick sieht es so aus als ob du browsen kannst, auf jeden Bereich zugreifen und sogar downloaden kannst ohne einen Account anzumelden solange du dich nicht auf Diskussionen mit anderen Nutzern einlassen willst oder solange du nicht deine eigenen Fetisch Porno Filme zeigen willst. Sie arbeiten mit Keep2Share als ihrem Hosting Unternehmen zusammen, so dass jedes Download \u00fcber sie l\u00e4uft. Ich werde nicht noch einmal erkl\u00e4ren, was das bedeutet denn ich kann wetten, dass du das schon wei\u00dft.<br \/>\n<\/span>\n<\/div>\n<div class=\"reviewsiteurl\">\n<a href=\"http:\/\/fetish.pornbb.org\/\" rel=\"nofollow\" base target=\"_self\"><span style=\"font-size:32px;font-style:normal;font-weight:bold;text-decoration:underline;\">Hier klicken, um die webseite zu besuchen <\/span><\/a>\n<\/div>\n<\/div>\n","protected":false},"excerpt":{"rendered":"<p>Zur\u00fcck zur Startseite Seitenbewertung fetish.pornbb fetish.pornbb.org Willkommen bei Fetish.PornBB.org \u2013 einem voll funktionierenden Porno Forum, das ein riesiges Archiv an Fetisch Videos, Clips und mehr hat, die du alle genie\u00dfen kannst. Da es ein Forum ist, wirst du einen Account registrieren m\u00fcssen um mit der hier gegr\u00fcndeten Gemeinschaft interagieren zu k\u00f6nnen, aber mach dir keine <a href='https:\/\/www.thepornlist.net\/de\/fetish-porn-sites\/fetish-pornbb\/' class='excerpt-more'>[&#8230;]<\/a><\/p>\n","protected":false},"author":1,"featured_media":0,"parent":9773,"menu_order":36490,"comment_status":"closed","ping_status":"closed","template":"0-autofill-tpl-template.php","meta":{"_acf_changed":false,"footnotes":""},"tags":[],"acf":[],"aioseo_notices":[],"_links":{"self":[{"href":"https:\/\/www.thepornlist.net\/de\/wp-json\/wp\/v2\/pages\/10288"}],"collection":[{"href":"https:\/\/www.thepornlist.net\/de\/wp-json\/wp\/v2\/pages"}],"about":[{"href":"https:\/\/www.thepornlist.net\/de\/wp-json\/wp\/v2\/types\/page"}],"author":[{"embeddable":true,"href":"https:\/\/www.thepornlist.net\/de\/wp-json\/wp\/v2\/users\/1"}],"replies":[{"embeddable":true,"href":"https:\/\/www.thepornlist.net\/de\/wp-json\/wp\/v2\/comments?post=10288"}],"version-history":[{"count":0,"href":"https:\/\/www.thepornlist.net\/de\/wp-json\/wp\/v2\/pages\/10288\/revisions"}],"up":[{"embeddable":true,"href":"https:\/\/www.thepornlist.net\/de\/wp-json\/wp\/v2\/pages\/9773"}],"wp:attachment":[{"href":"https:\/\/www.thepornlist.net\/de\/wp-json\/wp\/v2\/media?parent=10288"}],"wp:term":[{"taxonomy":"post_tag","embeddable":true,"href":"https:\/\/www.thepornlist.net\/de\/wp-json\/wp\/v2\/tags?post=10288"}],"curies":[{"name":"wp","href":"https:\/\/api.w.org\/{rel}","templated":true}]}}