{"id":10289,"date":"2015-09-10T14:23:49","date_gmt":"2015-09-10T14:23:49","guid":{"rendered":"https:\/\/www.thepornlist.net\/de\/fetish-porn-sites\/bdsm365\/"},"modified":"2019-05-24T11:24:42","modified_gmt":"2019-05-24T11:24:42","slug":"bdsm365","status":"publish","type":"page","link":"https:\/\/www.thepornlist.net\/de\/fetish-porn-sites\/bdsm365\/","title":{"rendered":"bdsm365"},"content":{"rendered":"<div class=\"pb\">\n<div class=\"hd\">\n<a href=\"https:\/\/www.thepornlist.net\/de\/\" base target=\"_self\">Zur\u00fcck zur Startseite<\/a>\n<\/div>\n<div class=\"hd2\">\n<span style=\"font-style:normal;font-weight:bold;\">Seitenbewertung<\/span>\n<\/div>\n<\/div>\n<div style=\"width:100%; margin-left:auto; margin-right:auto; clear:both;z-index:1; padding-top:5px; border-radius: 2px;\">\n<div class=\"reviewimg\">\n<p><a href=\"http:\/\/www.bdsm365.biz\/\" rel=\"nofollow\" base target=\"_self\"><img decoding=\"async\" src=\"https:\/\/www.thepornlist.net\/wp-content\/uploads\/2015\/review\/bdsm365.jpg\" width=\"500\" height=\"500\" alt=\"Porn Tube\"><\/a><\/p>\n<\/div>\n<div class=\"reviewtitle\">\n<h1 style=\"font-family:Arial;font-size:56px;font-style:normal;font-weight:bold;color:#FF1F78;\">bdsm365<\/h1>\n<\/div>\n<div class=\"reviewsub\">\n<h2 style=\"font-size:14px;font-style:normal;font-weight:bold;\">bdsm365.biz<\/H2>\n<\/div>\n<div class=\"reviewtext\">\n<span style=\"font-size:16px;font-style:normal;\">BDSM365 ist ein klassisches Bondage Porno Archiv, wo du viele extreme Inhalte f\u00fcr Erwachsene finden wirst. Mit t\u00e4glichen Updates und einer Schlagwort Wolke so gro\u00df wie das Empire State Building (Knebel, bizarr, Fetisch, Femdom, Handschellen, hardcore, Erniedrigung, Latex \/ Gummi, Selbstbondage, Kitzeln, Peitschen) hat BDSM 365 das Recht bekommen sich vor jedem Fetisch Begeisterten zu behaupten.<\/br><\/p>\n<p>Du wirst nicht viele Optionen finden um die Inhalte zu filtern, au\u00dfer der Tatsache, dass du einen Kasten mit Suchfunktion in der Seitenleiste hast. Das bedeutet also, dass alles was du tun kannst scrollen ist und von einer Seite auf die n\u00e4chste zu gehen. Jetzt gerade gibt es 54 Seiten. Zu jedem BDSM Porno Film bekommst du ein Vorschaubild, einige Details wie das Erscheinungsjahr, Genre, Beschreibung, Video und Audio Format, andere Fotos und die Download Links. Files Monster ist wieder einmal der einzige und wahre Freund dieser Art von Porno Blogs, also wirst du alles, was du willst, \u00fcber ihre Plattform kostenlos herunterladen k\u00f6nnen. Du hast auch die Option die Updates zu bewerten oder zu kommentieren. In der Seitenleiste befindet sich auch ein Bereich in dem du ein ausgew\u00e4hltes Bild und einige Filme bekommst. Besuche BDSM365 um es dir mit deinen eigenen Augen anzuschauen.<br \/>\n<\/span>\n<\/div>\n<div class=\"reviewsiteurl\">\n<a href=\"http:\/\/www.bdsm365.biz\/\" rel=\"nofollow\" base target=\"_self\"><span style=\"font-size:32px;font-style:normal;font-weight:bold;text-decoration:underline;\">Hier klicken, um die webseite zu besuchen <\/span><\/a>\n<\/div>\n<\/div>\n","protected":false},"excerpt":{"rendered":"<p>Zur\u00fcck zur Startseite Seitenbewertung bdsm365 bdsm365.biz BDSM365 ist ein klassisches Bondage Porno Archiv, wo du viele extreme Inhalte f\u00fcr Erwachsene finden wirst. Mit t\u00e4glichen Updates und einer Schlagwort Wolke so gro\u00df wie das Empire State Building (Knebel, bizarr, Fetisch, Femdom, Handschellen, hardcore, Erniedrigung, Latex \/ Gummi, Selbstbondage, Kitzeln, Peitschen) hat BDSM 365 das Recht bekommen <a href='https:\/\/www.thepornlist.net\/de\/fetish-porn-sites\/bdsm365\/' class='excerpt-more'>[&#8230;]<\/a><\/p>\n","protected":false},"author":1,"featured_media":0,"parent":9773,"menu_order":35690,"comment_status":"closed","ping_status":"closed","template":"0-autofill-tpl-template.php","meta":{"_acf_changed":false,"footnotes":""},"tags":[],"acf":[],"aioseo_notices":[],"_links":{"self":[{"href":"https:\/\/www.thepornlist.net\/de\/wp-json\/wp\/v2\/pages\/10289"}],"collection":[{"href":"https:\/\/www.thepornlist.net\/de\/wp-json\/wp\/v2\/pages"}],"about":[{"href":"https:\/\/www.thepornlist.net\/de\/wp-json\/wp\/v2\/types\/page"}],"author":[{"embeddable":true,"href":"https:\/\/www.thepornlist.net\/de\/wp-json\/wp\/v2\/users\/1"}],"replies":[{"embeddable":true,"href":"https:\/\/www.thepornlist.net\/de\/wp-json\/wp\/v2\/comments?post=10289"}],"version-history":[{"count":0,"href":"https:\/\/www.thepornlist.net\/de\/wp-json\/wp\/v2\/pages\/10289\/revisions"}],"up":[{"embeddable":true,"href":"https:\/\/www.thepornlist.net\/de\/wp-json\/wp\/v2\/pages\/9773"}],"wp:attachment":[{"href":"https:\/\/www.thepornlist.net\/de\/wp-json\/wp\/v2\/media?parent=10289"}],"wp:term":[{"taxonomy":"post_tag","embeddable":true,"href":"https:\/\/www.thepornlist.net\/de\/wp-json\/wp\/v2\/tags?post=10289"}],"curies":[{"name":"wp","href":"https:\/\/api.w.org\/{rel}","templated":true}]}}