{"id":10290,"date":"2015-09-10T14:23:06","date_gmt":"2015-09-10T14:23:06","guid":{"rendered":"https:\/\/www.thepornlist.net\/de\/fetish-porn-sites\/porn-az\/"},"modified":"2019-05-24T11:24:41","modified_gmt":"2019-05-24T11:24:41","slug":"porn-az","status":"publish","type":"page","link":"https:\/\/www.thepornlist.net\/de\/fetish-porn-sites\/porn-az\/","title":{"rendered":"porn-az"},"content":{"rendered":"<div class=\"pb\">\n<div class=\"hd\">\n<a href=\"https:\/\/www.thepornlist.net\/de\/\" base target=\"_self\">Zur\u00fcck zur Startseite<\/a>\n<\/div>\n<div class=\"hd2\">\n<span style=\"font-style:normal;font-weight:bold;\">Seitenbewertung<\/span>\n<\/div>\n<\/div>\n<div style=\"width:100%; margin-left:auto; margin-right:auto; clear:both;z-index:1; padding-top:5px; border-radius: 2px;\">\n<div class=\"reviewimg\">\n<p><a href=\"http:\/\/www.porn-az.com\/\" rel=\"nofollow\" base target=\"_self\"><img decoding=\"async\" src=\"https:\/\/www.thepornlist.net\/wp-content\/uploads\/2015\/review\/porn-az.jpg\" width=\"500\" height=\"500\" alt=\"Porn Tube\"><\/a><\/p>\n<\/div>\n<div class=\"reviewtitle\">\n<h1 style=\"font-family:Arial;font-size:56px;font-style:normal;font-weight:bold;color:#FF1F78;\">porn-az<\/h1>\n<\/div>\n<div class=\"reviewsub\">\n<h2 style=\"font-size:14px;font-style:normal;font-weight:bold;\">porn-az.com<\/H2>\n<\/div>\n<div class=\"reviewtext\">\n<span style=\"font-size:16px;font-style:normal;\">Porn-AZ.com ist dieser eine Ort an dem du kostenlose Porno Sexvideos und Filme f\u00fcr Erwachsene findest, angeordnet in Nischen wie Amateure, Teens, Lesben, Hentai, 3D Pornos und viele andere. Alles was du hier findest wird dir zum Download zur Verf\u00fcgung stehen um  es auf dein eigenes pers\u00f6nliches Laufwerk zu laden.<\/br> <\/p>\n<p>Sie machen t\u00e4gliche Updates und wenn du auf die Seite gehst, sei nicht beunruhigt \u2013 die ersten Posts sind fixiert und deswegen wirst du Daten von vor zwei Jahren sehen. Scrolle nach unten und du gelangst zu den letzten Ver\u00f6ffentlichungen. Du wirst sicherlich froh sein zu sehen, dass es t\u00e4glich Updates gibt und zwar mehr als eins am Tag.<\/br><\/p>\n<p>Nat\u00fcrlich wirst du deine Lieblingspornos kostenlos herunterladen k\u00f6nnen, aber wenn du einen Premium Account auf einer Hosting Plattform wie FilesMonster anmeldest, wirst du eine Menge extra Optionen haben: unbegrenzte Downloads mit hoher Geschwindigkeit, unbegrenzte parallele Downloads, einzelne Links anstatt aus dem Archiv, keine Wartezeiten und Werbung, Unterst\u00fctzung f\u00fcr Beschleuniger und die M\u00f6glichkeit Downloads fortzusetzen. Zu jedem Update wirst du die Schlagw\u00f6rter finden und auf diese Art kannst du deine Porno Suchen filtern um viel schneller das zu finden, was dein junges und ruheloses Herz sich w\u00fcnscht.<br \/>\n<\/span>\n<\/div>\n<div class=\"reviewsiteurl\">\n<a href=\"http:\/\/www.porn-az.com\/\" rel=\"nofollow\" base target=\"_self\"><span style=\"font-size:32px;font-style:normal;font-weight:bold;text-decoration:underline;\">Hier klicken, um die webseite zu besuchen <\/span><\/a>\n<\/div>\n<\/div>\n","protected":false},"excerpt":{"rendered":"<p>Zur\u00fcck zur Startseite Seitenbewertung porn-az porn-az.com Porn-AZ.com ist dieser eine Ort an dem du kostenlose Porno Sexvideos und Filme f\u00fcr Erwachsene findest, angeordnet in Nischen wie Amateure, Teens, Lesben, Hentai, 3D Pornos und viele andere. Alles was du hier findest wird dir zum Download zur Verf\u00fcgung stehen um es auf dein eigenes pers\u00f6nliches Laufwerk zu <a href='https:\/\/www.thepornlist.net\/de\/fetish-porn-sites\/porn-az\/' class='excerpt-more'>[&#8230;]<\/a><\/p>\n","protected":false},"author":1,"featured_media":0,"parent":9773,"menu_order":35030,"comment_status":"closed","ping_status":"closed","template":"0-autofill-tpl-template.php","meta":{"_acf_changed":false,"footnotes":""},"tags":[],"acf":[],"aioseo_notices":[],"_links":{"self":[{"href":"https:\/\/www.thepornlist.net\/de\/wp-json\/wp\/v2\/pages\/10290"}],"collection":[{"href":"https:\/\/www.thepornlist.net\/de\/wp-json\/wp\/v2\/pages"}],"about":[{"href":"https:\/\/www.thepornlist.net\/de\/wp-json\/wp\/v2\/types\/page"}],"author":[{"embeddable":true,"href":"https:\/\/www.thepornlist.net\/de\/wp-json\/wp\/v2\/users\/1"}],"replies":[{"embeddable":true,"href":"https:\/\/www.thepornlist.net\/de\/wp-json\/wp\/v2\/comments?post=10290"}],"version-history":[{"count":0,"href":"https:\/\/www.thepornlist.net\/de\/wp-json\/wp\/v2\/pages\/10290\/revisions"}],"up":[{"embeddable":true,"href":"https:\/\/www.thepornlist.net\/de\/wp-json\/wp\/v2\/pages\/9773"}],"wp:attachment":[{"href":"https:\/\/www.thepornlist.net\/de\/wp-json\/wp\/v2\/media?parent=10290"}],"wp:term":[{"taxonomy":"post_tag","embeddable":true,"href":"https:\/\/www.thepornlist.net\/de\/wp-json\/wp\/v2\/tags?post=10290"}],"curies":[{"name":"wp","href":"https:\/\/api.w.org\/{rel}","templated":true}]}}