{"id":10291,"date":"2015-09-10T14:22:24","date_gmt":"2015-09-10T14:22:24","guid":{"rendered":"https:\/\/www.thepornlist.net\/de\/fetish-porn-sites\/bdsmset\/"},"modified":"2019-05-24T11:24:37","modified_gmt":"2019-05-24T11:24:37","slug":"bdsmset","status":"publish","type":"page","link":"https:\/\/www.thepornlist.net\/de\/fetish-porn-sites\/bdsmset\/","title":{"rendered":"bdsmset"},"content":{"rendered":"<div class=\"pb\">\n<div class=\"hd\">\n<a href=\"https:\/\/www.thepornlist.net\/de\/\" base target=\"_self\">Zur\u00fcck zur Startseite<\/a>\n<\/div>\n<div class=\"hd2\">\n<span style=\"font-style:normal;font-weight:bold;\">Seitenbewertung<\/span>\n<\/div>\n<\/div>\n<div style=\"width:100%; margin-left:auto; margin-right:auto; clear:both;z-index:1; padding-top:5px; border-radius: 2px;\">\n<div class=\"reviewimg\">\n<p><a href=\"http:\/\/www.bdsmset.com\/\" rel=\"nofollow\" base target=\"_self\"><img decoding=\"async\" src=\"https:\/\/www.thepornlist.net\/wp-content\/uploads\/2015\/review\/bdsmset.jpg\" width=\"500\" height=\"500\" alt=\"Porn Tube\"><\/a><\/p>\n<\/div>\n<div class=\"reviewtitle\">\n<h1 style=\"font-family:Arial;font-size:56px;font-style:normal;font-weight:bold;color:#FF1F78;\">bdsmset<\/h1>\n<\/div>\n<div class=\"reviewsub\">\n<h2 style=\"font-size:14px;font-style:normal;font-weight:bold;\">bdsmset.com<\/H2>\n<\/div>\n<div class=\"reviewtext\">\n<span style=\"font-size:16px;font-style:normal;\">BDSMSet ist eine Porno Webseite im Blog Stil wo du kostenlos Videos und Filme f\u00fcr Erwachsene herunterladen kannst, aus Nischen wie BDSM, Bondage, Spanking und anderen. Zum jetzigen Zeitpunkt haben sie 14.035 Seiten. Beeindruckend, oder?<\/br><\/p>\n<p>Sie posten Porno Clips und Filme in voller L\u00e4nge aus BDSM Studios wie AsiaMiracleBDSM, BrutalPunishment, FetishNation BDSM, FuckingDungeon BDSM, KinkyCore Torture, Paintoy Torture oder WhippedWomen Torture.<\/br><\/p>\n<p>Die Navigationsleiste gibt dir Zugriff auf einige Optionen und darunter wirst du die letzten Updates sehen. Wenn dir das was du siehst gef\u00e4llt, klicke auf \u201eWeiterlesen und Download Link\u201c &#8211; die Seite des aktuellen Posts wird laden und du wirst die Beschreibung lesen k\u00f6nnen. Darunter befinden sich die Download Links. Hier gibt es keine \u00dcberraschungen, denn du wei\u00dft ja schon, wie das funktioniert: wenn du Downloads in langsamer Geschwindigkeit willst, kannst du weitermachen und es kostenlos von FilesMonster herunterladen. Wenn du es schneller m\u00f6chtest und andere Optionen, wirst du einen Premium Account ben\u00f6tigen.<\/br><\/p>\n<p>Wenn du zuf\u00e4llig auf Probleme sto\u00dfen solltest wenn du versuchst etwas von BDSMSet herunterzuladen, kannst du gerne auf die \u201eWie herunterladen\u201c Anleitung klicken die du in der rechten oberen Ecke findest, um zu sehen, was du machen musst.<br \/>\n<\/span>\n<\/div>\n<div class=\"reviewsiteurl\">\n<a href=\"http:\/\/www.bdsmset.com\/\" rel=\"nofollow\" base target=\"_self\"><span style=\"font-size:32px;font-style:normal;font-weight:bold;text-decoration:underline;\">Hier klicken, um die webseite zu besuchen <\/span><\/a>\n<\/div>\n<\/div>\n","protected":false},"excerpt":{"rendered":"<p>Zur\u00fcck zur Startseite Seitenbewertung bdsmset bdsmset.com BDSMSet ist eine Porno Webseite im Blog Stil wo du kostenlos Videos und Filme f\u00fcr Erwachsene herunterladen kannst, aus Nischen wie BDSM, Bondage, Spanking und anderen. Zum jetzigen Zeitpunkt haben sie 14.035 Seiten. Beeindruckend, oder? Sie posten Porno Clips und Filme in voller L\u00e4nge aus BDSM Studios wie AsiaMiracleBDSM, <a href='https:\/\/www.thepornlist.net\/de\/fetish-porn-sites\/bdsmset\/' class='excerpt-more'>[&#8230;]<\/a><\/p>\n","protected":false},"author":1,"featured_media":0,"parent":9773,"menu_order":33390,"comment_status":"closed","ping_status":"closed","template":"0-autofill-tpl-template.php","meta":{"_acf_changed":false,"footnotes":""},"tags":[],"acf":[],"aioseo_notices":[],"_links":{"self":[{"href":"https:\/\/www.thepornlist.net\/de\/wp-json\/wp\/v2\/pages\/10291"}],"collection":[{"href":"https:\/\/www.thepornlist.net\/de\/wp-json\/wp\/v2\/pages"}],"about":[{"href":"https:\/\/www.thepornlist.net\/de\/wp-json\/wp\/v2\/types\/page"}],"author":[{"embeddable":true,"href":"https:\/\/www.thepornlist.net\/de\/wp-json\/wp\/v2\/users\/1"}],"replies":[{"embeddable":true,"href":"https:\/\/www.thepornlist.net\/de\/wp-json\/wp\/v2\/comments?post=10291"}],"version-history":[{"count":0,"href":"https:\/\/www.thepornlist.net\/de\/wp-json\/wp\/v2\/pages\/10291\/revisions"}],"up":[{"embeddable":true,"href":"https:\/\/www.thepornlist.net\/de\/wp-json\/wp\/v2\/pages\/9773"}],"wp:attachment":[{"href":"https:\/\/www.thepornlist.net\/de\/wp-json\/wp\/v2\/media?parent=10291"}],"wp:term":[{"taxonomy":"post_tag","embeddable":true,"href":"https:\/\/www.thepornlist.net\/de\/wp-json\/wp\/v2\/tags?post=10291"}],"curies":[{"name":"wp","href":"https:\/\/api.w.org\/{rel}","templated":true}]}}