{"id":10294,"date":"2015-09-10T14:20:13","date_gmt":"2015-09-10T14:20:13","guid":{"rendered":"https:\/\/www.thepornlist.net\/de\/fetish-porn-sites\/freebdsmsexvideos\/"},"modified":"2019-05-18T10:56:00","modified_gmt":"2019-05-18T10:56:00","slug":"freebdsmsexvideos","status":"publish","type":"page","link":"https:\/\/www.thepornlist.net\/de\/fetish-porn-sites\/freebdsmsexvideos\/","title":{"rendered":"freebdsmsexvideos.net"},"content":{"rendered":"<div class=\"pb\">\n<div class=\"hd\">\n<a href=\"https:\/\/www.thepornlist.net\/de\/\" base target=\"_self\">Zur\u00fcck zur Startseite<\/a>\n<\/div>\n<div class=\"hd2\">\n<span style=\"font-style:normal;font-weight:bold;\">Seitenbewertung<\/span>\n<\/div>\n<\/div>\n<div style=\"width:100%; margin-left:auto; margin-right:auto; clear:both;z-index:1; padding-top:5px; border-radius: 2px;\">\n<div class=\"reviewimg\">\n<p><a href=\"http:\/\/www.freebdsmsexvideos.net\/\" rel=\"nofollow\" base target=\"_self\"><img decoding=\"async\" src=\"https:\/\/www.thepornlist.net\/wp-content\/uploads\/2015\/review\/freebdsmsexvideos.jpg\" width=\"500\" height=\"500\" alt=\"Porn Tube\"><\/a><\/p>\n<\/div>\n<div class=\"reviewtitle\">\n<h1 style=\"font-family:Arial;font-size:56px;font-style:normal;font-weight:bold;color:#FF1F78;\">freebdsmsexvideos<\/h1>\n<\/div>\n<div class=\"reviewsub\">\n<h2 style=\"font-size:14px;font-style:normal;font-weight:bold;\">freebdsmsexvideos.net<\/H2>\n<\/div>\n<div class=\"reviewtext\">\n<span style=\"font-size:16px;font-style:normal;\">Wen du kostenlose BDSM Filme downloaden willst, um einmalige Inhalte zu deiner Verf\u00fcgung zu haben, t\u00e4gliche Updates, dann ist FreeBDSMSexVideos.net deine Eintrittskarte dazu.<\/br><\/p>\n<p>Willkommen bei einer netten BDSM Porno Plattform \u2013 es ist ein Blog, wo sich alle BDSM Fans wie zu Hause f\u00fchlen werden. Auf ihrer Homepage wirst du die letzten Updates bekommen und in der linken Seitenleiste wirst du alle verf\u00fcgbaren Kategorien sehen: nur BDSM, asiatischer BDSM, Brust Folter, Elektro Stimulierung, Einlauf, Insex, Verh\u00f6r, Latex, Lesben Dominanz, Mumifizierung, Nadel Spiele, Nippel Folter, Pony Spiele, Gummi, Spanking, Aufh\u00e4ngung, Kitzeln, Wachs Spiele, Peitschen und mehr.<\/br> <\/p>\n<p>Die Navigationsleiste gibt dir Zugang zu allen Arten von Pornos. 3D Hentai Spiele, hei\u00dfe japanische Girls und anderes. Sei nicht sch\u00fcchtern und fange an dich hier umzusehen \u2013 du hast \u00fcber 4.000 Seiten zum browsen. Wenn du entschieden hast, was du sehen willst, dann klicke auf den Schalter \u201eGehe zur Download Seite\u201c. Was haben wir hier? Details wie das Erscheinungsjahr, Besetzung, Genre, Sprache des Videos, eine Beschreibung, Format, Dauer und Screenshots aus der Szene stehen zu deiner Verf\u00fcgung. Es scheint, als ob du dich f\u00fcr jedes Video, das ich pers\u00f6nlich \u00fcberpr\u00fcft habe, f\u00fcr eine Premium Mitgliedschaft bei der Hosting Plattform anmelden musst. Besuch sie und schau es dir an!<br \/>\n<\/span>\n<\/div>\n<div class=\"reviewsiteurl\">\n<a href=\"http:\/\/www.freebdsmsexvideos.net\/\" rel=\"nofollow\" base target=\"_self\"><span style=\"font-size:32px;font-style:normal;font-weight:bold;text-decoration:underline;\">Hier klicken, um die webseite zu besuchen <\/span><\/a>\n<\/div>\n<\/div>\n","protected":false},"excerpt":{"rendered":"<p>Zur\u00fcck zur Startseite Seitenbewertung freebdsmsexvideos freebdsmsexvideos.net Wen du kostenlose BDSM Filme downloaden willst, um einmalige Inhalte zu deiner Verf\u00fcgung zu haben, t\u00e4gliche Updates, dann ist FreeBDSMSexVideos.net deine Eintrittskarte dazu. Willkommen bei einer netten BDSM Porno Plattform \u2013 es ist ein Blog, wo sich alle BDSM Fans wie zu Hause f\u00fchlen werden. Auf ihrer Homepage wirst <a href='https:\/\/www.thepornlist.net\/de\/fetish-porn-sites\/freebdsmsexvideos\/' class='excerpt-more'>[&#8230;]<\/a><\/p>\n","protected":false},"author":1,"featured_media":0,"parent":9773,"menu_order":32530,"comment_status":"closed","ping_status":"closed","template":"0-autofill-tpl-template.php","meta":{"_acf_changed":false,"footnotes":""},"tags":[],"acf":[],"aioseo_notices":[],"_links":{"self":[{"href":"https:\/\/www.thepornlist.net\/de\/wp-json\/wp\/v2\/pages\/10294"}],"collection":[{"href":"https:\/\/www.thepornlist.net\/de\/wp-json\/wp\/v2\/pages"}],"about":[{"href":"https:\/\/www.thepornlist.net\/de\/wp-json\/wp\/v2\/types\/page"}],"author":[{"embeddable":true,"href":"https:\/\/www.thepornlist.net\/de\/wp-json\/wp\/v2\/users\/1"}],"replies":[{"embeddable":true,"href":"https:\/\/www.thepornlist.net\/de\/wp-json\/wp\/v2\/comments?post=10294"}],"version-history":[{"count":0,"href":"https:\/\/www.thepornlist.net\/de\/wp-json\/wp\/v2\/pages\/10294\/revisions"}],"up":[{"embeddable":true,"href":"https:\/\/www.thepornlist.net\/de\/wp-json\/wp\/v2\/pages\/9773"}],"wp:attachment":[{"href":"https:\/\/www.thepornlist.net\/de\/wp-json\/wp\/v2\/media?parent=10294"}],"wp:term":[{"taxonomy":"post_tag","embeddable":true,"href":"https:\/\/www.thepornlist.net\/de\/wp-json\/wp\/v2\/tags?post=10294"}],"curies":[{"name":"wp","href":"https:\/\/api.w.org\/{rel}","templated":true}]}}