{"id":10297,"date":"2015-09-10T14:15:05","date_gmt":"2015-09-10T14:15:05","guid":{"rendered":"https:\/\/www.thepornlist.net\/de\/fetish-porn-sites\/thebestfetishsites\/"},"modified":"2019-05-18T10:57:26","modified_gmt":"2019-05-18T10:57:26","slug":"thebestfetishsites","status":"publish","type":"page","link":"https:\/\/www.thepornlist.net\/de\/fetish-porn-sites\/thebestfetishsites\/","title":{"rendered":"thebestfetishsites.com"},"content":{"rendered":"<div class=\"pb\">\n<div class=\"hd\">\n<a href=\"https:\/\/www.thepornlist.net\/de\/\" base target=\"_self\">Zur\u00fcck zur Startseite<\/a>\n<\/div>\n<div class=\"hd2\">\n<span style=\"font-style:normal;font-weight:bold;\">Seitenbewertung<\/span>\n<\/div>\n<\/div>\n<div style=\"width:100%; margin-left:auto; margin-right:auto; clear:both;z-index:1; padding-top:5px; border-radius: 2px;\">\n<div class=\"reviewimg\">\n<p><a href=\"http:\/\/www.thebestfetishsites.com\/\" rel=\"nofollow\" base target=\"_self\"><img decoding=\"async\" src=\"https:\/\/www.thepornlist.net\/wp-content\/uploads\/2015\/review\/thebestfetishsites.jpg\" width=\"500\" height=\"500\" alt=\"Porn Tube\"><\/a><\/p>\n<\/div>\n<div class=\"reviewtitle\">\n<h1 style=\"font-family:Arial;font-size:56px;font-style:normal;font-weight:bold;color:#FF1F78;\">thebestfetishsites<\/h1>\n<\/div>\n<div class=\"reviewsub\">\n<h2 style=\"font-size:14px;font-style:normal;font-weight:bold;\">thebestfetishsites.com<\/H2>\n<\/div>\n<div class=\"reviewtext\">\n<span style=\"font-size:16px;font-style:normal;\">Ich mag Porno Verzeichnisse. Sie tun, was wir tun sollten um uns das beste Porno Erlebnis genie\u00dfen zu lassen. Wir alle haben unsere Vorlieben wenn es um Unterhaltung f\u00fcr Erwachsene geht und wir alle wollen, dass unsere schmutzigen Fantasien auf die eine oder andere Art in Erf\u00fcllung gehen. Und nat\u00fcrlich m\u00f6gen wir alle unterschiedliche Porno Genres. Und wie viele von uns lieben die b\u00f6se Welt das Fetisch Sex? Fast alle&#8230;<\/br><\/p>\n<p>Willkommen bei TheBestFetishSites.com, einem der besten, wenn nicht sogar das beste Porno Verzeichnis, das im ganzen Internet gefunden werden kann, in dem du Auflistungen von Seiten f\u00fcr Erwachsene, Bondage Pornos, Fu\u00df Fetisch Pornos und noch viele andere finden kannst. Es w\u00e4re wirklich verr\u00fcckt f\u00fcr uns alle m\u00f6glichen Orte dieser Art immer wieder zu suchen und ich bin sicher, dass vorher keiner von uns alle diese Porno Webseiten kannte. Aber hier kennt man sie und es wird aus Liebe zu den Pornos immer weiter im Internet gesurft und gesucht.<\/br><\/p>\n<p>BDSM Fetisch, Fu\u00df Fetisch, Cuckold Fetisch, Fetisch Foren, Fetisch Blogs, erotische Geschichten, arabischer Fetisch, Milf Fetisch, Vintage Porno Fetisch und noch viele andere mehr stehen dir mit ein paar Klicks zur Verf\u00fcgung. Sie verdienen deinen Besuch hier denn sie haben wirklich daf\u00fcr gearbeitet!<br \/>\n<\/span>\n<\/div>\n<div class=\"reviewsiteurl\">\n<a href=\"http:\/\/www.thebestfetishsites.com\/\" rel=\"nofollow\" base target=\"_self\"><span style=\"font-size:32px;font-style:normal;font-weight:bold;text-decoration:underline;\">Hier klicken, um die webseite zu besuchen <\/span><\/a>\n<\/div>\n<\/div>\n","protected":false},"excerpt":{"rendered":"<p>Zur\u00fcck zur Startseite Seitenbewertung thebestfetishsites thebestfetishsites.com Ich mag Porno Verzeichnisse. Sie tun, was wir tun sollten um uns das beste Porno Erlebnis genie\u00dfen zu lassen. Wir alle haben unsere Vorlieben wenn es um Unterhaltung f\u00fcr Erwachsene geht und wir alle wollen, dass unsere schmutzigen Fantasien auf die eine oder andere Art in Erf\u00fcllung gehen. Und <a href='https:\/\/www.thepornlist.net\/de\/fetish-porn-sites\/thebestfetishsites\/' class='excerpt-more'>[&#8230;]<\/a><\/p>\n","protected":false},"author":1,"featured_media":0,"parent":9773,"menu_order":39110,"comment_status":"closed","ping_status":"closed","template":"0-autofill-tpl-template.php","meta":{"_acf_changed":false,"footnotes":""},"tags":[],"acf":[],"aioseo_notices":[],"_links":{"self":[{"href":"https:\/\/www.thepornlist.net\/de\/wp-json\/wp\/v2\/pages\/10297"}],"collection":[{"href":"https:\/\/www.thepornlist.net\/de\/wp-json\/wp\/v2\/pages"}],"about":[{"href":"https:\/\/www.thepornlist.net\/de\/wp-json\/wp\/v2\/types\/page"}],"author":[{"embeddable":true,"href":"https:\/\/www.thepornlist.net\/de\/wp-json\/wp\/v2\/users\/1"}],"replies":[{"embeddable":true,"href":"https:\/\/www.thepornlist.net\/de\/wp-json\/wp\/v2\/comments?post=10297"}],"version-history":[{"count":0,"href":"https:\/\/www.thepornlist.net\/de\/wp-json\/wp\/v2\/pages\/10297\/revisions"}],"up":[{"embeddable":true,"href":"https:\/\/www.thepornlist.net\/de\/wp-json\/wp\/v2\/pages\/9773"}],"wp:attachment":[{"href":"https:\/\/www.thepornlist.net\/de\/wp-json\/wp\/v2\/media?parent=10297"}],"wp:term":[{"taxonomy":"post_tag","embeddable":true,"href":"https:\/\/www.thepornlist.net\/de\/wp-json\/wp\/v2\/tags?post=10297"}],"curies":[{"name":"wp","href":"https:\/\/api.w.org\/{rel}","templated":true}]}}