{"id":10300,"date":"2015-09-10T14:12:57","date_gmt":"2015-09-10T14:12:57","guid":{"rendered":"https:\/\/www.thepornlist.net\/de\/fetish-porn-sites\/matureworld\/"},"modified":"2019-05-18T10:56:50","modified_gmt":"2019-05-18T10:56:50","slug":"matureworld","status":"publish","type":"page","link":"https:\/\/www.thepornlist.net\/de\/fetish-porn-sites\/matureworld\/","title":{"rendered":"matureworld.ws"},"content":{"rendered":"<div class=\"pb\">\n<div class=\"hd\">\n<a href=\"https:\/\/www.thepornlist.net\/de\/\" base target=\"_self\">Zur\u00fcck zur Startseite<\/a>\n<\/div>\n<div class=\"hd2\">\n<span style=\"font-style:normal;font-weight:bold;\">Seitenbewertung<\/span>\n<\/div>\n<\/div>\n<div style=\"width:100%; margin-left:auto; margin-right:auto; clear:both;z-index:1; padding-top:5px; border-radius: 2px;\">\n<div class=\"reviewimg\">\n<p><a href=\"http:\/\/www.matureworld.ws\/\" rel=\"nofollow\" base target=\"_self\"><img decoding=\"async\" src=\"https:\/\/www.thepornlist.net\/wp-content\/uploads\/2015\/review\/matureworld.jpg\" width=\"500\" height=\"500\" alt=\"Porn Tube\"><\/a><\/p>\n<\/div>\n<div class=\"reviewtitle\">\n<h1 style=\"font-family:Arial;font-size:56px;font-style:normal;font-weight:bold;color:#FF1F78;\">matureworld<\/h1>\n<\/div>\n<div class=\"reviewsub\">\n<h2 style=\"font-size:14px;font-style:normal;font-weight:bold;\">matureworld.ws<\/H2>\n<\/div>\n<div class=\"reviewtext\">\n<span style=\"font-size:16px;font-style:normal;\">Amateur, BBW, gro\u00dfe Titte, Klassiker, Omas, Gruppensex, behaart, JAV, pinkeln, schwanger und viele andere Kategorien \u00f6ffnen dir ihre T\u00fcren damit du die besten Porno Videos mit reifen Frauen sehen kannst. Willkommen bei MatureWorld.ws, einem Blog f\u00fcr Erwachsene, voller versauter, alter Schlampen.<\/br><\/p>\n<p>Wenn du glaubst, dass das Kategorie Men\u00fc dir noch nicht ausreicht und du einige spezielle Ver\u00f6ffentlichungen auf MatureWorld sehen willst, dann wirf einen Blick in die Schlagwort Wolke \u2013 Str\u00fcmpfe, Masturbation, japanisch, Spielzeug \/ Dildo, Cumshot \/ oral, Pornostars, italienisch und andere. Es gibt dort t\u00e4gliche Updates und in diesem Moment hast du 954 Seiten, die du durchst\u00f6bern kannst.<\/br><\/p>\n<p>Es gibt nichts anderes hier, wenn es um die Art geht, wie du zu den Inhalten gelangst. Die Homepage wird dir die letzten Ver\u00f6ffentlichungen zeigen und wenn du von einem speziellen Update mehr sehen m\u00f6chtest, dann klicke darauf. Das ist nicht verpflichtend denn was du auf der mit den aktuellen Postings siehst, kannst du auch in der Liste mit den Updates finden, wenn du nach unten scrollst. Genau wie auf jeder anderen Porno Blog Seite dieser Art, wirst du kostenlos Porno Videos \u00fcber externe Hosting Anbieter herunterladen k\u00f6nnen, mit langsamen Geschwindigkeiten und mit etwas Wartezeit. Das kannst du mit einer bezahlten Mitgliedschaft los werden!<br \/>\n<\/span>\n<\/div>\n<div class=\"reviewsiteurl\">\n<a href=\"http:\/\/www.matureworld.ws\/\" rel=\"nofollow\" base target=\"_self\"><span style=\"font-size:32px;font-style:normal;font-weight:bold;text-decoration:underline;\">Hier klicken, um die webseite zu besuchen <\/span><\/a>\n<\/div>\n<\/div>\n","protected":false},"excerpt":{"rendered":"<p>Zur\u00fcck zur Startseite Seitenbewertung matureworld matureworld.ws Amateur, BBW, gro\u00dfe Titte, Klassiker, Omas, Gruppensex, behaart, JAV, pinkeln, schwanger und viele andere Kategorien \u00f6ffnen dir ihre T\u00fcren damit du die besten Porno Videos mit reifen Frauen sehen kannst. Willkommen bei MatureWorld.ws, einem Blog f\u00fcr Erwachsene, voller versauter, alter Schlampen. Wenn du glaubst, dass das Kategorie Men\u00fc dir <a href='https:\/\/www.thepornlist.net\/de\/fetish-porn-sites\/matureworld\/' class='excerpt-more'>[&#8230;]<\/a><\/p>\n","protected":false},"author":1,"featured_media":0,"parent":9773,"menu_order":38650,"comment_status":"closed","ping_status":"closed","template":"0-autofill-tpl-template.php","meta":{"_acf_changed":false,"footnotes":""},"tags":[],"acf":[],"aioseo_notices":[],"_links":{"self":[{"href":"https:\/\/www.thepornlist.net\/de\/wp-json\/wp\/v2\/pages\/10300"}],"collection":[{"href":"https:\/\/www.thepornlist.net\/de\/wp-json\/wp\/v2\/pages"}],"about":[{"href":"https:\/\/www.thepornlist.net\/de\/wp-json\/wp\/v2\/types\/page"}],"author":[{"embeddable":true,"href":"https:\/\/www.thepornlist.net\/de\/wp-json\/wp\/v2\/users\/1"}],"replies":[{"embeddable":true,"href":"https:\/\/www.thepornlist.net\/de\/wp-json\/wp\/v2\/comments?post=10300"}],"version-history":[{"count":0,"href":"https:\/\/www.thepornlist.net\/de\/wp-json\/wp\/v2\/pages\/10300\/revisions"}],"up":[{"embeddable":true,"href":"https:\/\/www.thepornlist.net\/de\/wp-json\/wp\/v2\/pages\/9773"}],"wp:attachment":[{"href":"https:\/\/www.thepornlist.net\/de\/wp-json\/wp\/v2\/media?parent=10300"}],"wp:term":[{"taxonomy":"post_tag","embeddable":true,"href":"https:\/\/www.thepornlist.net\/de\/wp-json\/wp\/v2\/tags?post=10300"}],"curies":[{"name":"wp","href":"https:\/\/api.w.org\/{rel}","templated":true}]}}