{"id":10304,"date":"2015-09-10T14:10:03","date_gmt":"2015-09-10T14:10:03","guid":{"rendered":"https:\/\/www.thepornlist.net\/de\/fetish-porn-sites\/bdsm-club\/"},"modified":"2019-05-18T10:56:45","modified_gmt":"2019-05-18T10:56:45","slug":"bdsm-club","status":"publish","type":"page","link":"https:\/\/www.thepornlist.net\/de\/fetish-porn-sites\/bdsm-club\/","title":{"rendered":"bdsm-club.org"},"content":{"rendered":"<div class=\"pb\">\n<div class=\"hd\">\n<a href=\"https:\/\/www.thepornlist.net\/de\/\" base target=\"_self\">Zur\u00fcck zur Startseite<\/a>\n<\/div>\n<div class=\"hd2\">\n<span style=\"font-style:normal;font-weight:bold;\">Seitenbewertung<\/span>\n<\/div>\n<\/div>\n<div style=\"width:100%; margin-left:auto; margin-right:auto; clear:both;z-index:1; padding-top:5px; border-radius: 2px;\">\n<div class=\"reviewimg\">\n<p><a href=\"http:\/\/www.bdsm-club.org\/\" rel=\"nofollow\" base target=\"_self\"><img decoding=\"async\" src=\"https:\/\/www.thepornlist.net\/wp-content\/uploads\/2015\/review\/bdsm-club.jpg\" width=\"500\" height=\"500\" alt=\"Porn Tube\"><\/a><\/p>\n<\/div>\n<div class=\"reviewtitle\">\n<h1 style=\"font-family:Arial;font-size:56px;font-style:normal;font-weight:bold;color:#FF1F78;\">bdsm-club<\/h1>\n<\/div>\n<div class=\"reviewsub\">\n<h2 style=\"font-size:14px;font-style:normal;font-weight:bold;\">bdsm-club.org<\/H2>\n<\/div>\n<div class=\"reviewtext\">\n<span style=\"font-size:16px;font-style:normal;\">Willkommen in der Welt von Sadismus und Masochismus \u2013 BDSM-Club.org, dein kostenloser BDSM Blog. Es sieht genau wie ein Blog aus und funktioniert auch so und das Layout ist besonders. Ich mag es, du kannst damit ganz leicht auf der Seite browsen.<\/br><\/p>\n<p>Auf der Homepage wirst du auf die letzten Updates zugreifen k\u00f6nnen und es sieht so aus als ob sie t\u00e4gliche Updates machen. Zu jeder Ver\u00f6ffentlichung bekommst du ein Gif Vorschaubild wo du eine Vorschau der Szene sehen kannst, Screenshots, eine Beschreibung, den Download Link und \u00e4hnliche Ver\u00f6ffentlichungen. Sie arbeiten mit RapidGator, was dir kostenlose Downloads mit langsamer Geschwindigkeit gestatten wird. Nat\u00fcrlich kannst du dir immer noch eine Premium Mitgliedschaft zulegen denn dann warten eine Menge an coolen Optionen auf dich: Downloads in hoher Geschwindigkeit, unbegrenzte parallele Downloads, keine Wartezeit und noch mehr.<\/br> <\/p>\n<p>Es gibt sogar einen Chat Raum wo du deine Gedanken, deine Meinungen und deine Ideen mit anderen BDSM Fans teilen kannst. Darunter kannst du deine Inhalte filtern indem du auf irgendeine Kategorie, die du willst, klickst \u2013 anal, Achseln, BDSM, bisexuell, CFNM, Cuckold, Dirty Talk, elektrische Spiele, Sitzen auf Gesicht und K\u00f6rper, Gesichtsdildo, Femdom, Fu\u00dfjobs, Fu\u00df Anbetung, Gruppensex, pinkeln, reiten, rauchen, spucken, Strap-on, kitzeln, trampeln und noch viele andere. <\/p>\n<p><\/span>\n<\/div>\n<div class=\"reviewsiteurl\">\n<a href=\"http:\/\/www.bdsm-club.org\/\" rel=\"nofollow\" base target=\"_self\"><span style=\"font-size:32px;font-style:normal;font-weight:bold;text-decoration:underline;\">Hier klicken, um die webseite zu besuchen <\/span><\/a>\n<\/div>\n<\/div>\n","protected":false},"excerpt":{"rendered":"<p>Zur\u00fcck zur Startseite Seitenbewertung bdsm-club bdsm-club.org Willkommen in der Welt von Sadismus und Masochismus \u2013 BDSM-Club.org, dein kostenloser BDSM Blog. Es sieht genau wie ein Blog aus und funktioniert auch so und das Layout ist besonders. Ich mag es, du kannst damit ganz leicht auf der Seite browsen. Auf der Homepage wirst du auf die <a href='https:\/\/www.thepornlist.net\/de\/fetish-porn-sites\/bdsm-club\/' class='excerpt-more'>[&#8230;]<\/a><\/p>\n","protected":false},"author":1,"featured_media":0,"parent":9773,"menu_order":38250,"comment_status":"closed","ping_status":"closed","template":"0-autofill-tpl-template.php","meta":{"_acf_changed":false,"footnotes":""},"tags":[],"acf":[],"aioseo_notices":[],"_links":{"self":[{"href":"https:\/\/www.thepornlist.net\/de\/wp-json\/wp\/v2\/pages\/10304"}],"collection":[{"href":"https:\/\/www.thepornlist.net\/de\/wp-json\/wp\/v2\/pages"}],"about":[{"href":"https:\/\/www.thepornlist.net\/de\/wp-json\/wp\/v2\/types\/page"}],"author":[{"embeddable":true,"href":"https:\/\/www.thepornlist.net\/de\/wp-json\/wp\/v2\/users\/1"}],"replies":[{"embeddable":true,"href":"https:\/\/www.thepornlist.net\/de\/wp-json\/wp\/v2\/comments?post=10304"}],"version-history":[{"count":0,"href":"https:\/\/www.thepornlist.net\/de\/wp-json\/wp\/v2\/pages\/10304\/revisions"}],"up":[{"embeddable":true,"href":"https:\/\/www.thepornlist.net\/de\/wp-json\/wp\/v2\/pages\/9773"}],"wp:attachment":[{"href":"https:\/\/www.thepornlist.net\/de\/wp-json\/wp\/v2\/media?parent=10304"}],"wp:term":[{"taxonomy":"post_tag","embeddable":true,"href":"https:\/\/www.thepornlist.net\/de\/wp-json\/wp\/v2\/tags?post=10304"}],"curies":[{"name":"wp","href":"https:\/\/api.w.org\/{rel}","templated":true}]}}