{"id":10311,"date":"2015-09-03T16:26:02","date_gmt":"2015-09-03T16:26:02","guid":{"rendered":"https:\/\/www.thepornlist.net\/de\/premium-paysites\/femdomempire\/"},"modified":"2019-05-24T12:23:14","modified_gmt":"2019-05-24T12:23:14","slug":"femdomempire","status":"publish","type":"page","link":"https:\/\/www.thepornlist.net\/de\/premium-paysites\/femdomempire\/","title":{"rendered":"femdomempire.com"},"content":{"rendered":"<div class=\"pb\">\n<div class=\"hd\">\n<a href=\"https:\/\/www.thepornlist.net\/de\/\" base target=\"_self\">Zur\u00fcck zur Startseite<\/a>\n<\/div>\n<div class=\"hd2\">\n<span style=\"font-style:normal;font-weight:bold;\">Seitenbewertung<\/span>\n<\/div>\n<\/div>\n<div style=\"width:100%; margin-left:auto; margin-right:auto; clear:both;z-index:1; padding-top:5px; border-radius: 2px;\">\n<div class=\"reviewimg\">\n<p><a href=\"http:\/\/refer.ccbill.com\/cgi-bin\/clicks.cgi?CA=933697&#038;PA=2445527&#038;HTML=http:\/\/www.femdomempire.com\/tour\/index.php\" base target=\"_self\"><img decoding=\"async\" src=\"https:\/\/www.thepornlist.net\/wp-content\/uploads\/2015\/review\/femdomempire.jpg\" width=\"500\" height=\"500\" alt=\"Porn Tube\"><\/a><\/p>\n<\/div>\n<div class=\"reviewtitle\">\n<h1 style=\"font-family:Arial;font-size:56px;font-style:normal;font-weight:bold;color:#FF1F78;\">femdomempire<\/h1>\n<\/div>\n<div class=\"reviewsub\">\n<h2 style=\"font-size:14px;font-style:normal;font-weight:bold;\">femdomempire.com<\/H2>\n<\/div>\n<div class=\"reviewtext\">\n<span style=\"font-size:16px;font-style:normal;\">FemdomEmpire.com ist eine Premium Porno Webseite, auf der alle deine Fetisch Fantasien auf ein h\u00f6heres Level gehoben werden und Teil deiner t\u00e4glichen Wirklichkeit werden. Sie wird h\u00f6llisch oft upgedatet, hat exklusive Inhalte, die du noch nie zuvor gesehen hast in 1800 HD Videos, alles im 100 % Femdom Format. <\/br><\/p>\n<p>Ihre Homepage gibt dir Zugang zu einigen Trailern und vertrau mir, mein Freund, die HD Qualit\u00e4t ist exquisit. Und die Herrinnen, die du hier sehen wirst, lieber Gott&#8230; ihr l\u00e4ssiges Motto? \u201eDominante Frauen befriedigen ihre sadistisches W\u00fcnsche!\u201c &#8211; genug gesagt! <\/br><\/p>\n<p>Das Men\u00fc mit den Kategorien wird dir Optionen zeigen wie Amazone, anal Spiel, asiatisch, Arsch Verehrung, bisexuell, blond, Bondage, Hintern Verehrung, br\u00fcnett, vollbusig, CBT, Keuschheit, Transvestiten, Cuckold, Sperma essen, Dildo Spiel, schmutzige F\u00fc\u00dfe, Elektro Spiel, Facesitting, Schl\u00e4ge ins Gesicht, Femdom pov, finanzielle Dominanz, Fu\u00df Verehrung, Fu\u00dfjobs, ausl\u00e4ndische Akzente, glamour\u00f6s, Handschuhe, hypnotisieren, Milf, melken, gemischtes Wrestling, Muskel Verehrung, Nippel Spiel, Prostata Massage (moment, was?), Seil Bondage, Gummipuppe, ruinierte Orgasmen und noch viele andere. <\/br><\/p>\n<p>Wenn du einen Blick auf die Pornostars werfen willst, die du in diesen Videos sehen kannst, klicke auf den Dommes Schalter in der Navigationsleiste &#8211; Alix Lynx, Ash Hollywood, Summer Brielle, Skin Diamond und die einmalige Bonnie Rotten.<br \/>\n<\/span>\n<\/div>\n<div class=\"reviewsiteurl\">\n<a href=\"http:\/\/refer.ccbill.com\/cgi-bin\/clicks.cgi?CA=933697&#038;PA=2445527&#038;HTML=http:\/\/www.femdomempire.com\/tour\/index.php\" base target=\"_self\"><span style=\"font-size:32px;font-style:normal;font-weight:bold;text-decoration:underline;\">Hier klicken, um die webseite zu besuchen <\/span><\/a>\n<\/div>\n<\/div>\n","protected":false},"excerpt":{"rendered":"<p>Zur\u00fcck zur Startseite Seitenbewertung femdomempire femdomempire.com FemdomEmpire.com ist eine Premium Porno Webseite, auf der alle deine Fetisch Fantasien auf ein h\u00f6heres Level gehoben werden und Teil deiner t\u00e4glichen Wirklichkeit werden. Sie wird h\u00f6llisch oft upgedatet, hat exklusive Inhalte, die du noch nie zuvor gesehen hast in 1800 HD Videos, alles im 100 % Femdom Format. <a href='https:\/\/www.thepornlist.net\/de\/premium-paysites\/femdomempire\/' class='excerpt-more'>[&#8230;]<\/a><\/p>\n","protected":false},"author":1,"featured_media":0,"parent":9758,"menu_order":41950,"comment_status":"closed","ping_status":"closed","template":"0-autofill-tpl-template.php","meta":{"_acf_changed":false,"footnotes":""},"tags":[],"acf":[],"aioseo_notices":[],"_links":{"self":[{"href":"https:\/\/www.thepornlist.net\/de\/wp-json\/wp\/v2\/pages\/10311"}],"collection":[{"href":"https:\/\/www.thepornlist.net\/de\/wp-json\/wp\/v2\/pages"}],"about":[{"href":"https:\/\/www.thepornlist.net\/de\/wp-json\/wp\/v2\/types\/page"}],"author":[{"embeddable":true,"href":"https:\/\/www.thepornlist.net\/de\/wp-json\/wp\/v2\/users\/1"}],"replies":[{"embeddable":true,"href":"https:\/\/www.thepornlist.net\/de\/wp-json\/wp\/v2\/comments?post=10311"}],"version-history":[{"count":0,"href":"https:\/\/www.thepornlist.net\/de\/wp-json\/wp\/v2\/pages\/10311\/revisions"}],"up":[{"embeddable":true,"href":"https:\/\/www.thepornlist.net\/de\/wp-json\/wp\/v2\/pages\/9758"}],"wp:attachment":[{"href":"https:\/\/www.thepornlist.net\/de\/wp-json\/wp\/v2\/media?parent=10311"}],"wp:term":[{"taxonomy":"post_tag","embeddable":true,"href":"https:\/\/www.thepornlist.net\/de\/wp-json\/wp\/v2\/tags?post=10311"}],"curies":[{"name":"wp","href":"https:\/\/api.w.org\/{rel}","templated":true}]}}