{"id":10313,"date":"2015-09-03T16:24:57","date_gmt":"2015-09-03T16:24:57","guid":{"rendered":"https:\/\/www.thepornlist.net\/de\/premium-paysites\/newsensations\/"},"modified":"2019-05-24T10:59:50","modified_gmt":"2019-05-24T10:59:50","slug":"newsensations","status":"publish","type":"page","link":"https:\/\/www.thepornlist.net\/de\/premium-paysites\/newsensations\/","title":{"rendered":"Newsensations"},"content":{"rendered":"<div class=\"pb\">\n<div class=\"hd\">\n<a href=\"https:\/\/www.thepornlist.net\/de\/\" base target=\"_self\">Zur\u00fcck zur Startseite<\/a>\n<\/div>\n<div class=\"hd2\">\n<span style=\"font-style:normal;font-weight:bold;\">Seitenbewertung<\/span>\n<\/div>\n<\/div>\n<div style=\"width:100%; margin-left:auto; margin-right:auto; clear:both;z-index:1; padding-top:5px; border-radius: 2px;\">\n<div class=\"reviewimg\">\n<p><a href=\"http:\/\/join.newsensations.com\/track\/MTMwMzEwLjEuMi4zLjAuMC4wLjAuMA\" base target=\"_self\"><img decoding=\"async\" src=\"https:\/\/www.thepornlist.net\/wp-content\/uploads\/2015\/review\/newsensations.jpg\" width=\"500\" height=\"500\" alt=\"Porn Tube\"><\/a><\/p>\n<\/div>\n<div class=\"reviewtitle\">\n<h1 style=\"font-family:Arial;font-size:56px;font-style:normal;font-weight:bold;color:#FF1F78;\">newsensations<\/h1>\n<\/div>\n<div class=\"reviewsub\">\n<h2 style=\"font-size:14px;font-style:normal;font-weight:bold;\">newsensations.com<\/H2>\n<\/div>\n<div class=\"reviewtext\">\n<span style=\"font-size:16px;font-style:normal;\">NewSensations.com ist eine Premium Porno Webseite, wo du einige deiner Lieblings Pornostars in gro\u00dfartigen Sex Szenen auftreten sehen kannst. <\/br><\/p>\n<p>Also, was genau passiert hier? NewSensations hat \u00fcber 5.000 exklusive Videos, \u00fcber 1.000 hei\u00dfe Pornostars, unglaubliche HD Qualit\u00e4t, \u00fcber 20 exklusive Seiten, t\u00e4gliche Updates im Netzwerk, unbegrenzte Downloads und Streamings. Du glaubst diese Worte nicht?  Geh los und registriere dich f\u00fcr eine Test Mitgliedschaft die dir 3 Tage f\u00fcr 4,95 Dollar bietet. <\/br><\/p>\n<p>Aber was noch? Anal, anal Creampie, anal Spiel, asiatisch, vom Arsch in den Mund BBW, hinter den Kulissen, gro\u00dfe M\u00f6pse, gro\u00dfe Spielzeuge, schwarze Haare, mit verbundenen Augen, blond, Blowjob, Bondage, br\u00fcnett und noch viel mehr. Wenn du deine Inhalte nicht \u00fcber das Aufklappmen\u00fc f\u00fcr die Kategorien ansehen willst, dann kannst du es nach Pornostars filtern lassen \u2013 Remy LeCroix pr\u00e4sentiert dir die Szene der Woche. Du kannst einen Blick auf die beworbenen DVDs werfen und du kannst einen Blick auf die letzten Ver\u00f6ffentlichungen erhaschen \u2013 die neuesten DVD Erscheinungen. <\/br><\/p>\n<p>Wenn du meine Bewertung nicht \u00fcberzeugend genug findest, schau dir doch alles mit deinen eignen Augen an und teile mir deine Meinung mit. Ich bin ziemlich zuversichtlich, dass dir gefallen wird, was sie dir anbieten.<br \/>\n<\/span>\n<\/div>\n<div class=\"reviewsiteurl\">\n<a href=\"http:\/\/join.newsensations.com\/track\/MTMwMzEwLjEuMi4zLjAuMC4wLjAuMA\" base target=\"_self\"><span style=\"font-size:32px;font-style:normal;font-weight:bold;text-decoration:underline;\">Hier klicken, um die webseite zu besuchen <\/span><\/a>\n<\/div>\n<\/div>\n","protected":false},"excerpt":{"rendered":"<p>Zur\u00fcck zur Startseite Seitenbewertung newsensations newsensations.com NewSensations.com ist eine Premium Porno Webseite, wo du einige deiner Lieblings Pornostars in gro\u00dfartigen Sex Szenen auftreten sehen kannst. Also, was genau passiert hier? NewSensations hat \u00fcber 5.000 exklusive Videos, \u00fcber 1.000 hei\u00dfe Pornostars, unglaubliche HD Qualit\u00e4t, \u00fcber 20 exklusive Seiten, t\u00e4gliche Updates im Netzwerk, unbegrenzte Downloads und Streamings. <a href='https:\/\/www.thepornlist.net\/de\/premium-paysites\/newsensations\/' class='excerpt-more'>[&#8230;]<\/a><\/p>\n","protected":false},"author":1,"featured_media":0,"parent":9758,"menu_order":41870,"comment_status":"closed","ping_status":"closed","template":"0-autofill-tpl-template.php","meta":{"_acf_changed":false,"footnotes":""},"tags":[],"acf":[],"aioseo_notices":[],"_links":{"self":[{"href":"https:\/\/www.thepornlist.net\/de\/wp-json\/wp\/v2\/pages\/10313"}],"collection":[{"href":"https:\/\/www.thepornlist.net\/de\/wp-json\/wp\/v2\/pages"}],"about":[{"href":"https:\/\/www.thepornlist.net\/de\/wp-json\/wp\/v2\/types\/page"}],"author":[{"embeddable":true,"href":"https:\/\/www.thepornlist.net\/de\/wp-json\/wp\/v2\/users\/1"}],"replies":[{"embeddable":true,"href":"https:\/\/www.thepornlist.net\/de\/wp-json\/wp\/v2\/comments?post=10313"}],"version-history":[{"count":0,"href":"https:\/\/www.thepornlist.net\/de\/wp-json\/wp\/v2\/pages\/10313\/revisions"}],"up":[{"embeddable":true,"href":"https:\/\/www.thepornlist.net\/de\/wp-json\/wp\/v2\/pages\/9758"}],"wp:attachment":[{"href":"https:\/\/www.thepornlist.net\/de\/wp-json\/wp\/v2\/media?parent=10313"}],"wp:term":[{"taxonomy":"post_tag","embeddable":true,"href":"https:\/\/www.thepornlist.net\/de\/wp-json\/wp\/v2\/tags?post=10313"}],"curies":[{"name":"wp","href":"https:\/\/api.w.org\/{rel}","templated":true}]}}