{"id":10314,"date":"2015-09-03T16:24:10","date_gmt":"2015-09-03T16:24:10","guid":{"rendered":"https:\/\/www.thepornlist.net\/de\/premium-paysites\/wtfpass\/"},"modified":"2019-05-24T10:59:47","modified_gmt":"2019-05-24T10:59:47","slug":"wtfpass","status":"publish","type":"page","link":"https:\/\/www.thepornlist.net\/de\/premium-paysites\/wtfpass\/","title":{"rendered":"Wtfpass"},"content":{"rendered":"<div class=\"pb\">\n<div class=\"hd\">\n<a href=\"https:\/\/www.thepornlist.net\/de\/\" base target=\"_self\">Zur\u00fcck zur Startseite<\/a>\n<\/div>\n<div class=\"hd2\">\n<span style=\"font-style:normal;font-weight:bold;\">Seitenbewertung<\/span>\n<\/div>\n<\/div>\n<div style=\"width:100%; margin-left:auto; margin-right:auto; clear:both;z-index:1; padding-top:5px; border-radius: 2px;\">\n<div class=\"reviewimg\">\n<p><a href=\"http:\/\/join.wtfpass.com\/track\/MjUzMi4xMi40LjUuMC4wLjAuMC4w\" base target=\"_self\"><img decoding=\"async\" src=\"https:\/\/www.thepornlist.net\/wp-content\/uploads\/2015\/review\/wtfpass.jpg\" width=\"500\" height=\"500\" alt=\"Porn Tube\"><\/a><\/p>\n<\/div>\n<div class=\"reviewtitle\">\n<h1 style=\"font-family:Arial;font-size:56px;font-style:normal;font-weight:bold;color:#FF1F78;\">wtfpass<\/h1>\n<\/div>\n<div class=\"reviewsub\">\n<h2 style=\"font-size:14px;font-style:normal;font-weight:bold;\">wtfpass.com<\/H2>\n<\/div>\n<div class=\"reviewtext\">\n<span style=\"font-size:16px;font-style:normal;\">WTFPass.com hat 1313 Stunden an Pornos, 2121 Szenen und 675 Girls \u2013 erz\u00e4hl mir nicht, dass dir das nicht reicht! WTFPass wird dir mit einer einzigen Mitgliedschaft Zugriff auf mehr Seiten geben &#8211; CollegeFuckParties.com, PickUpFuck.com, PrivateSexTapes.com, HardFuckGirls.com, PornWeekends.com, DollsPorn.com, PublicSexAdventures.com, PandaFuck.com, HDMassagePorn.com, TheArtPorn.com, MeetSuckAndFuck.com. <\/br><\/p>\n<p>Ihre Kategorien? Schau dir diese Liste an \u2013 anal, asiatisch, Strand, gro\u00dfe Titten, blond, Blowjob, Bondage, br\u00fcnett, Creampie, deepthroat, Facial, Fisting, Fu\u00dfjob, Brille, Gruppensex, behaart, high Heels, Lesben, lecken, Dessous, Massage, Masturbation, Geld, Motorrad, outdoor, Strumpfhose, Piercing, \u00f6ffentlich, rothaarig, Sexspielzeuge, Str\u00fcmpfe, und noch viele andere. <\/br><\/p>\n<p>WTFPass ist eine Webseite, die du ausprobieren solltest. Sie hat alles was du willst wenn es um guten alten Porno geht und da du zum gleichen Preis Zugriff auf 11 weitere Webseiten bekommst, sehe ich keinen Grund diese Sache noch n\u00e4her zu untersuchen. Sie haben sogar 1 Tag Testzugang f\u00fcr 1 Dollar. <\/br><br \/>\nSie sagen, dass sie echte Teen Pornos haben. Nun sie haben sie, mit nur einer Einschr\u00e4nkung &#8211;  es ist keine Webseite im Stil realer Amateure sondern ein Porno Studio in dem alles unter strenger Regie abl\u00e4uft. Besuche sie jetzt und gib diesen Dollar aus!<br \/>\n<\/span>\n<\/div>\n<div class=\"reviewsiteurl\">\n<a href=\"http:\/\/join.wtfpass.com\/track\/MjUzMi4xMi40LjUuMC4wLjAuMC4w\" base target=\"_self\"><span style=\"font-size:32px;font-style:normal;font-weight:bold;text-decoration:underline;\">Hier klicken, um die webseite zu besuchen <\/span><\/a>\n<\/div>\n<\/div>\n","protected":false},"excerpt":{"rendered":"<p>Zur\u00fcck zur Startseite Seitenbewertung wtfpass wtfpass.com WTFPass.com hat 1313 Stunden an Pornos, 2121 Szenen und 675 Girls \u2013 erz\u00e4hl mir nicht, dass dir das nicht reicht! WTFPass wird dir mit einer einzigen Mitgliedschaft Zugriff auf mehr Seiten geben &#8211; CollegeFuckParties.com, PickUpFuck.com, PrivateSexTapes.com, HardFuckGirls.com, PornWeekends.com, DollsPorn.com, PublicSexAdventures.com, PandaFuck.com, HDMassagePorn.com, TheArtPorn.com, MeetSuckAndFuck.com. Ihre Kategorien? Schau dir diese <a href='https:\/\/www.thepornlist.net\/de\/premium-paysites\/wtfpass\/' class='excerpt-more'>[&#8230;]<\/a><\/p>\n","protected":false},"author":1,"featured_media":0,"parent":9758,"menu_order":41790,"comment_status":"closed","ping_status":"closed","template":"0-autofill-tpl-template.php","meta":{"_acf_changed":false,"footnotes":""},"tags":[],"acf":[],"aioseo_notices":[],"_links":{"self":[{"href":"https:\/\/www.thepornlist.net\/de\/wp-json\/wp\/v2\/pages\/10314"}],"collection":[{"href":"https:\/\/www.thepornlist.net\/de\/wp-json\/wp\/v2\/pages"}],"about":[{"href":"https:\/\/www.thepornlist.net\/de\/wp-json\/wp\/v2\/types\/page"}],"author":[{"embeddable":true,"href":"https:\/\/www.thepornlist.net\/de\/wp-json\/wp\/v2\/users\/1"}],"replies":[{"embeddable":true,"href":"https:\/\/www.thepornlist.net\/de\/wp-json\/wp\/v2\/comments?post=10314"}],"version-history":[{"count":0,"href":"https:\/\/www.thepornlist.net\/de\/wp-json\/wp\/v2\/pages\/10314\/revisions"}],"up":[{"embeddable":true,"href":"https:\/\/www.thepornlist.net\/de\/wp-json\/wp\/v2\/pages\/9758"}],"wp:attachment":[{"href":"https:\/\/www.thepornlist.net\/de\/wp-json\/wp\/v2\/media?parent=10314"}],"wp:term":[{"taxonomy":"post_tag","embeddable":true,"href":"https:\/\/www.thepornlist.net\/de\/wp-json\/wp\/v2\/tags?post=10314"}],"curies":[{"name":"wp","href":"https:\/\/api.w.org\/{rel}","templated":true}]}}