{"id":10315,"date":"2015-09-03T16:23:37","date_gmt":"2015-09-03T16:23:37","guid":{"rendered":"https:\/\/www.thepornlist.net\/de\/premium-paysites\/pornstarplatinum\/"},"modified":"2019-05-24T10:59:44","modified_gmt":"2019-05-24T10:59:44","slug":"pornstarplatinum","status":"publish","type":"page","link":"https:\/\/www.thepornlist.net\/de\/premium-paysites\/pornstarplatinum\/","title":{"rendered":"Pornstarplatinum"},"content":{"rendered":"<div class=\"pb\">\n<div class=\"hd\">\n<a href=\"https:\/\/www.thepornlist.net\/de\/\" base target=\"_self\">Zur\u00fcck zur Startseite<\/a>\n<\/div>\n<div class=\"hd2\">\n<span style=\"font-style:normal;font-weight:bold;\">Seitenbewertung<\/span>\n<\/div>\n<\/div>\n<div style=\"width:100%; margin-left:auto; margin-right:auto; clear:both;z-index:1; padding-top:5px; border-radius: 2px;\">\n<div class=\"reviewimg\">\n<p><a href=\"http:\/\/secure.pornstarplatinum.com\/track\/NDc0LjIuMTcuMTguMC4wLjAuMC4w\" base target=\"_self\"><img decoding=\"async\" src=\"https:\/\/www.thepornlist.net\/wp-content\/uploads\/2015\/review\/pornstarplatinum.jpg\" width=\"500\" height=\"500\" alt=\"Porn Tube\"><\/a><\/p>\n<\/div>\n<div class=\"reviewtitle\">\n<h1 style=\"font-family:Arial;font-size:56px;font-style:normal;font-weight:bold;color:#FF1F78;\">pornstarplatinum<\/h1>\n<\/div>\n<div class=\"reviewsub\">\n<h2 style=\"font-size:14px;font-style:normal;font-weight:bold;\">pornstarplatinum.com<\/H2>\n<\/div>\n<div class=\"reviewtext\">\n<span style=\"font-size:16px;font-style:normal;\">Lass es uns auf den Punkt bringen, sollen wir? Kostenlose live Shows f\u00fcr Mitglieder, echte HD Qualit\u00e4tsfilme und Fotos mit hoher Aufl\u00f6sung, t\u00e4glich hinzugef\u00fcgte brandneue Szenen, voll mobil f\u00e4hig, unterst\u00fctzt alle Endger\u00e4te, 100 % sicher und zuverl\u00e4ssig \u2013 willkommen bei PornstarPlatinum.com, einem der besten Porno Ziele im Internet. <\/br><\/p>\n<p>Wei\u00dft du, was HD Porno ist? Nun, dieser Ort wird dir genau das geben. Und sie werden dir auch diese Beschreibung ihrer Webseite zeigen &#8211; \u201e Das Pornstar Platinum Netzwerk w\u00e4chst immer, da du dich in unsere Girls verlieben wirst werden wir immer wieder neue erg\u00e4nzen. Als Mitglied bei Pornstar Platinum kannst du erwarten, dass du mindestens 3-4 live Webcam Shows mit einem pornostar pro Woche zu sehen bekommst. Wenn du auf einer ganz normalen Webcam Seite w\u00e4rst, w\u00fcrde es dich Hunderte von Dollars kosten diese Shows zu sehen aber das Gro\u00dfartige daran ist ja, dass man sie auf keiner kostenlosen Porno Tube, nicht zum kostenlosen Download oder sonst irgendwo online bekommen kann.\u201c Was brauchst du noch mehr? <\/br><\/p>\n<p>Sie haben ein alphabetisches Men\u00fc f\u00fcr ihre Kategorien: Amateur, anal, asiatisch, BBW, BDSM, hinter den Kulissen gro\u00dfe Titten, blond, Blowjob, Bondage, Hintern, br\u00fcnett, Cheerleader, Creampie, doggystyle, Doppelpenetration, Ebony, Facial und noch mehr und mehr!<br \/>\n<\/span>\n<\/div>\n<div class=\"reviewsiteurl\">\n<a href=\"http:\/\/secure.pornstarplatinum.com\/track\/NDc0LjIuMTcuMTguMC4wLjAuMC4w\" base target=\"_self\"><span style=\"font-size:32px;font-style:normal;font-weight:bold;text-decoration:underline;\">Hier klicken, um die webseite zu besuchen <\/span><\/a>\n<\/div>\n<\/div>\n","protected":false},"excerpt":{"rendered":"<p>Zur\u00fcck zur Startseite Seitenbewertung pornstarplatinum pornstarplatinum.com Lass es uns auf den Punkt bringen, sollen wir? Kostenlose live Shows f\u00fcr Mitglieder, echte HD Qualit\u00e4tsfilme und Fotos mit hoher Aufl\u00f6sung, t\u00e4glich hinzugef\u00fcgte brandneue Szenen, voll mobil f\u00e4hig, unterst\u00fctzt alle Endger\u00e4te, 100 % sicher und zuverl\u00e4ssig \u2013 willkommen bei PornstarPlatinum.com, einem der besten Porno Ziele im Internet. Wei\u00dft <a href='https:\/\/www.thepornlist.net\/de\/premium-paysites\/pornstarplatinum\/' class='excerpt-more'>[&#8230;]<\/a><\/p>\n","protected":false},"author":1,"featured_media":0,"parent":9758,"menu_order":41650,"comment_status":"closed","ping_status":"closed","template":"0-autofill-tpl-template.php","meta":{"_acf_changed":false,"footnotes":""},"tags":[],"acf":[],"aioseo_notices":[],"_links":{"self":[{"href":"https:\/\/www.thepornlist.net\/de\/wp-json\/wp\/v2\/pages\/10315"}],"collection":[{"href":"https:\/\/www.thepornlist.net\/de\/wp-json\/wp\/v2\/pages"}],"about":[{"href":"https:\/\/www.thepornlist.net\/de\/wp-json\/wp\/v2\/types\/page"}],"author":[{"embeddable":true,"href":"https:\/\/www.thepornlist.net\/de\/wp-json\/wp\/v2\/users\/1"}],"replies":[{"embeddable":true,"href":"https:\/\/www.thepornlist.net\/de\/wp-json\/wp\/v2\/comments?post=10315"}],"version-history":[{"count":0,"href":"https:\/\/www.thepornlist.net\/de\/wp-json\/wp\/v2\/pages\/10315\/revisions"}],"up":[{"embeddable":true,"href":"https:\/\/www.thepornlist.net\/de\/wp-json\/wp\/v2\/pages\/9758"}],"wp:attachment":[{"href":"https:\/\/www.thepornlist.net\/de\/wp-json\/wp\/v2\/media?parent=10315"}],"wp:term":[{"taxonomy":"post_tag","embeddable":true,"href":"https:\/\/www.thepornlist.net\/de\/wp-json\/wp\/v2\/tags?post=10315"}],"curies":[{"name":"wp","href":"https:\/\/api.w.org\/{rel}","templated":true}]}}