{"id":10318,"date":"2015-09-03T16:22:11","date_gmt":"2015-09-03T16:22:11","guid":{"rendered":"https:\/\/www.thepornlist.net\/de\/premium-paysites\/virtuagirl\/"},"modified":"2022-06-30T10:02:23","modified_gmt":"2022-06-30T10:02:23","slug":"virtuagirl","status":"publish","type":"page","link":"https:\/\/www.thepornlist.net\/de\/premium-paysites\/virtuagirl\/","title":{"rendered":"Virtuagirl"},"content":{"rendered":"<div class=\"pb\">\n<div class=\"hd\">\n<a href=\"https:\/\/www.thepornlist.net\/de\/\" base target=\"_self\" rel=\"noopener noreferrer\">Zur\u00fcck zur Startseite<\/a>\n<\/div>\n<div class=\"hd2\">\n<span style=\"font-style:normal;font-weight:bold;\">Seitenbewertung<\/span>\n<\/div>\n<\/div>\n<div style=\"width:100%; margin-left:auto; margin-right:auto; clear:both;z-index:1; padding-top:5px; border-radius: 2px;\">\n<div class=\"reviewimg\">\n<p><a href=\"http:\/\/c.actiondesk.com\/?s=53038&#038;p=26&#038;pp=1\" base target=\"_self\" rel=\"noopener noreferrer\"><img decoding=\"async\" src=\"https:\/\/www.thepornlist.net\/wp-content\/uploads\/2015\/review\/virtuagirl.jpg\" width=\"500\" height=\"500\" alt=\"Porn Tube\"><\/a><\/p>\n<\/div>\n<div class=\"reviewtitle\">\n<h1 style=\"font-family:Arial;font-size:56px;font-style:normal;font-weight:bold;color:#FF1F78;\">virtuagirl<\/h1>\n<\/div>\n<div class=\"reviewsub\">\n<h2 style=\"font-size:14px;font-style:normal;font-weight:bold;\">virtuagirl.com<\/H2>\n<\/div>\n<div class=\"reviewtext\">\n<span style=\"font-size:16px;font-style:normal;\">VirtuaGirl ist ein einzigartiges Konzept, das jeder schon immer kennt. Es ist dieser eine kleine Service, der es dir erlaubt Girls zu kaufen, die auf deinem Desktop tanzen werden \u2013 virtuelle Girls nat\u00fcrlich. <\/br><\/p>\n<p>Willkommen bei VirtuaGirl.com, dem einmaligen Ort wo du Desktop Stripperinnen finden wirst. Sie haben einen Shop f\u00fcr die Girls, in dem du dir ihre neuen Ver\u00f6ffentlichungen ansehen kannst um dir dann ein wundersch\u00f6nes Babe zu kaufen, das auf deinem PC an all diesen Tagen voller Arbeit, auf und ab h\u00fcpfen wird. <\/br><\/p>\n<p>Es funktioniert \u00fcberall, auf jedem OS, Mac oder Windows. Inhalt in 1080p HD, 100 % kostenlose unbegrenzte Software, keine Werbung, keine Spyware, keine Viren und sie sind seit 1998 online. Das sollte dir etwas sagen! <\/br><\/p>\n<p>Erhalte jeden Tag 10 neue Demos und entdecke eine erstaunliche Sammlung an \u00fcber 1600 strippenden Sch\u00f6nheiten, zu denen auch die ber\u00fchmte Jana Cova, Little Caprice, Stacy Silver, Aria Giovanni, Carla Cox, Carmen Gemini und andere geh\u00f6ren. Blondinen, Br\u00fcnette, Femmes Fatales, s\u00fc\u00dfe Studentinnen, Duos und sogar Trios, hol dir deine Traumfrauen auf deinen Bildschirm! <\/br><\/p>\n<p>Der Account und die Software sind und werden immer kostenlos bleiben \u2013 du musst nur Geld in die Hand nehmen wenn du deiner privaten und pers\u00f6nlichen Sammlung von virtuell tanzenden Girls neue Stripperinnen hinzuf\u00fcgen willst.<br \/>\n<\/span>\n<\/div>\n<div class=\"reviewsiteurl\">\n<a href=\"http:\/\/c.actiondesk.com\/?s=53038&#038;p=26&#038;pp=1\" base target=\"_self\" rel=\"noopener noreferrer\"><span style=\"font-size:32px;font-style:normal;font-weight:bold;text-decoration:underline;\">Hier klicken, um die webseite zu besuchen <\/span><\/a>\n<\/div>\n<\/div>\n","protected":false},"excerpt":{"rendered":"<p>Zur\u00fcck zur Startseite Seitenbewertung virtuagirl virtuagirl.com VirtuaGirl ist ein einzigartiges Konzept, das jeder schon immer kennt. Es ist dieser eine kleine Service, der es dir erlaubt Girls zu kaufen, die auf deinem Desktop tanzen werden \u2013 virtuelle Girls nat\u00fcrlich. Willkommen bei VirtuaGirl.com, dem einmaligen Ort wo du Desktop Stripperinnen finden wirst. Sie haben einen Shop <a href='https:\/\/www.thepornlist.net\/de\/premium-paysites\/virtuagirl\/' class='excerpt-more'>[&#8230;]<\/a><\/p>\n","protected":false},"author":1,"featured_media":0,"parent":9758,"menu_order":41430,"comment_status":"closed","ping_status":"closed","template":"0-autofill-tpl-template.php","meta":{"_acf_changed":false,"footnotes":""},"tags":[],"acf":[],"aioseo_notices":[],"_links":{"self":[{"href":"https:\/\/www.thepornlist.net\/de\/wp-json\/wp\/v2\/pages\/10318"}],"collection":[{"href":"https:\/\/www.thepornlist.net\/de\/wp-json\/wp\/v2\/pages"}],"about":[{"href":"https:\/\/www.thepornlist.net\/de\/wp-json\/wp\/v2\/types\/page"}],"author":[{"embeddable":true,"href":"https:\/\/www.thepornlist.net\/de\/wp-json\/wp\/v2\/users\/1"}],"replies":[{"embeddable":true,"href":"https:\/\/www.thepornlist.net\/de\/wp-json\/wp\/v2\/comments?post=10318"}],"version-history":[{"count":0,"href":"https:\/\/www.thepornlist.net\/de\/wp-json\/wp\/v2\/pages\/10318\/revisions"}],"up":[{"embeddable":true,"href":"https:\/\/www.thepornlist.net\/de\/wp-json\/wp\/v2\/pages\/9758"}],"wp:attachment":[{"href":"https:\/\/www.thepornlist.net\/de\/wp-json\/wp\/v2\/media?parent=10318"}],"wp:term":[{"taxonomy":"post_tag","embeddable":true,"href":"https:\/\/www.thepornlist.net\/de\/wp-json\/wp\/v2\/tags?post=10318"}],"curies":[{"name":"wp","href":"https:\/\/api.w.org\/{rel}","templated":true}]}}