{"id":10320,"date":"2015-09-03T16:19:46","date_gmt":"2015-09-03T16:19:46","guid":{"rendered":"https:\/\/www.thepornlist.net\/de\/premium-paysites\/playboy\/"},"modified":"2019-05-24T10:59:30","modified_gmt":"2019-05-24T10:59:30","slug":"playboy","status":"publish","type":"page","link":"https:\/\/www.thepornlist.net\/de\/premium-paysites\/playboy\/","title":{"rendered":"Playboy"},"content":{"rendered":"<div class=\"pb\">\n<div class=\"hd\">\n<a href=\"https:\/\/www.thepornlist.net\/de\/\" base target=\"_self\">Zur\u00fcck zur Startseite<\/a>\n<\/div>\n<div class=\"hd2\">\n<span style=\"font-style:normal;font-weight:bold;\">Seitenbewertung<\/span>\n<\/div>\n<\/div>\n<div style=\"width:100%; margin-left:auto; margin-right:auto; clear:both;z-index:1; padding-top:5px; border-radius: 2px;\">\n<div class=\"reviewimg\">\n<p><a href=\"http:\/\/join.playboy.tv\/track\/MTAwMTU4Ni4xNS4xMDMxLjEyMTIuMC4wLjAuMC4w\" base target=\"_self\"><img decoding=\"async\" src=\"https:\/\/www.thepornlist.net\/wp-content\/uploads\/2015\/review\/playboy.jpg\" width=\"500\" height=\"500\" alt=\"Porn Tube\"><\/a><\/p>\n<\/div>\n<div class=\"reviewtitle\">\n<h1 style=\"font-family:Arial;font-size:56px;font-style:normal;font-weight:bold;color:#FF1F78;\">playboy<\/h1>\n<\/div>\n<div class=\"reviewsub\">\n<h2 style=\"font-size:14px;font-style:normal;font-weight:bold;\">playboy.tv<\/H2>\n<\/div>\n<div class=\"reviewtext\">\n<span style=\"font-size:16px;font-style:normal;\">Eine der besten Porno Webseiten, wenn es um Erwachsenenunterhaltung geht, Playboy.tv ist hier um dich daran zu erinnern, dass du, wenn du exquisite Models, exquisite Pornos und exquisite Produktionen f\u00fcr Erwachsene willst, sie immer unter den besten Spielern sein werden, die dieses Spiel jemals gespielt haben. <\/br><\/p>\n<p>Willkommen bei Playboy.tv \u2013 schau dir ganze Shows an und lade sie herunter, schau \u00fcber 8\u00df Playboy Shows, mehr als 50.000 Stunden Interaktionen von Erwachsenen und so viel mehr. <\/br><\/p>\n<p>Die Homepage wird dir die neuen Staffeln, die zu ihren Serien gedreht wurden, zeigen, welche Shows im Trend sind, sexy Playboy Girls und anderes. Wenn du nach unten scrollst, wirst du in der Fu\u00dfleiste sehen, welche Kategorien dir zur Verf\u00fcgung stehen wenn du Mitglied wirst: Kom\u00f6die, Arzt, Drama, Profile, Realit\u00e4t, Sex 101, TV f\u00fcr 2, XXXtras und mehr. Genau da kannst du auch einen Blick darauf werfen, welche Arten von Girls sie haben: Amateur, Ber\u00fchmtheit, Studentin, Cybergirls und Playmates. <\/br><\/p>\n<p>Du kannst eine versuchsweise Mitgliedschaft f\u00fcr 2 Tage kaufen, so dass du dich umsehen kannst bevor du dich entschlie\u00dft eine gr\u00f6\u00dfere Mitgliedschaft abzuschlie\u00dfen oder h\u00f6here Betr\u00e4ge zu zahlen. Besuch Playboy.tv und schau dir einige der Besten Produktionen f\u00fcr Erwachsene an, die du dir f\u00fcr Geld kaufen kannst.<br \/>\n<\/span>\n<\/div>\n<div class=\"reviewsiteurl\">\n<a href=\"http:\/\/join.playboy.tv\/track\/MTAwMTU4Ni4xNS4xMDMxLjEyMTIuMC4wLjAuMC4w\" base target=\"_self\"><span style=\"font-size:32px;font-style:normal;font-weight:bold;text-decoration:underline;\">Hier klicken, um die webseite zu besuchen <\/span><\/a>\n<\/div>\n<\/div>\n","protected":false},"excerpt":{"rendered":"<p>Zur\u00fcck zur Startseite Seitenbewertung playboy playboy.tv Eine der besten Porno Webseiten, wenn es um Erwachsenenunterhaltung geht, Playboy.tv ist hier um dich daran zu erinnern, dass du, wenn du exquisite Models, exquisite Pornos und exquisite Produktionen f\u00fcr Erwachsene willst, sie immer unter den besten Spielern sein werden, die dieses Spiel jemals gespielt haben. Willkommen bei Playboy.tv <a href='https:\/\/www.thepornlist.net\/de\/premium-paysites\/playboy\/' class='excerpt-more'>[&#8230;]<\/a><\/p>\n","protected":false},"author":1,"featured_media":0,"parent":9758,"menu_order":41270,"comment_status":"closed","ping_status":"closed","template":"0-autofill-tpl-template.php","meta":{"_acf_changed":false,"footnotes":""},"tags":[],"acf":[],"aioseo_notices":[],"_links":{"self":[{"href":"https:\/\/www.thepornlist.net\/de\/wp-json\/wp\/v2\/pages\/10320"}],"collection":[{"href":"https:\/\/www.thepornlist.net\/de\/wp-json\/wp\/v2\/pages"}],"about":[{"href":"https:\/\/www.thepornlist.net\/de\/wp-json\/wp\/v2\/types\/page"}],"author":[{"embeddable":true,"href":"https:\/\/www.thepornlist.net\/de\/wp-json\/wp\/v2\/users\/1"}],"replies":[{"embeddable":true,"href":"https:\/\/www.thepornlist.net\/de\/wp-json\/wp\/v2\/comments?post=10320"}],"version-history":[{"count":0,"href":"https:\/\/www.thepornlist.net\/de\/wp-json\/wp\/v2\/pages\/10320\/revisions"}],"up":[{"embeddable":true,"href":"https:\/\/www.thepornlist.net\/de\/wp-json\/wp\/v2\/pages\/9758"}],"wp:attachment":[{"href":"https:\/\/www.thepornlist.net\/de\/wp-json\/wp\/v2\/media?parent=10320"}],"wp:term":[{"taxonomy":"post_tag","embeddable":true,"href":"https:\/\/www.thepornlist.net\/de\/wp-json\/wp\/v2\/tags?post=10320"}],"curies":[{"name":"wp","href":"https:\/\/api.w.org\/{rel}","templated":true}]}}