{"id":10321,"date":"2015-09-03T16:19:24","date_gmt":"2015-09-03T16:19:24","guid":{"rendered":"https:\/\/www.thepornlist.net\/de\/premium-paysites\/twistyshard\/"},"modified":"2019-05-24T10:57:54","modified_gmt":"2019-05-24T10:57:54","slug":"twistyshard","status":"publish","type":"page","link":"https:\/\/www.thepornlist.net\/de\/premium-paysites\/twistyshard\/","title":{"rendered":"Twistyshard"},"content":{"rendered":"<div class=\"pb\">\n<div class=\"hd\">\n<a href=\"https:\/\/www.thepornlist.net\/de\/\" base target=\"_self\">Zur\u00fcck zur Startseite<\/a>\n<\/div>\n<div class=\"hd2\">\n<span style=\"font-style:normal;font-weight:bold;\">Seitenbewertung<\/span>\n<\/div>\n<\/div>\n<div style=\"width:100%; margin-left:auto; margin-right:auto; clear:both;z-index:1; padding-top:5px; border-radius: 2px;\">\n<div class=\"reviewimg\">\n<p><a href=\"http:\/\/www.twistyshard.com\/landing\/tgp\/?ats=eyJhIjo5NzI2LCJjIjoyMjc4MiwibiI6MiwicyI6NTQsImUiOjE4NSwicCI6Mn0%3D\" base target=\"_self\"><img decoding=\"async\" src=\"https:\/\/www.thepornlist.net\/wp-content\/uploads\/2015\/review\/twistyshard.jpg\" width=\"500\" height=\"500\" alt=\"Porn Tube\"><\/a><\/p>\n<\/div>\n<div class=\"reviewtitle\">\n<h1 style=\"font-family:Arial;font-size:56px;font-style:normal;font-weight:bold;color:#FF1F78;\">twistyshard<\/h1>\n<\/div>\n<div class=\"reviewsub\">\n<h2 style=\"font-size:14px;font-style:normal;font-weight:bold;\">twistyshard.com<\/H2>\n<\/div>\n<div class=\"reviewtext\">\n<span style=\"font-size:16px;font-style:normal;\">Willkommen bei der harten Version von Twistys, einer Porno Webseite auf der alles im hardcore Stil gemacht wird! <\/br><\/p>\n<p>TwistysHard.com wird nicht viel reden \u2013 eine Menge gro\u00dfer Porno Vorschaubilder auf ihrer Homepage, ausdrucksstarke Bilder, wundersch\u00f6ne Pornostars, eine Marke hinter dem Namen und das ist es schon. Du wirst keine Vorschauen zum ansehen haben, Trailer oder irgendetwas anderes. Du willst Pornos? Du zahlst daf\u00fcr. <\/br><\/p>\n<p>Im Moment haben sie eine Mitgliedschaft mit sofortigem Zugang, die dich nur 1 Dollar kosten wird und die dir 2 Tage Spa\u00df schenkt.Es sieht auch so aus als ob sie 20 % Rabatt auf ihre anderen verschiedenen Mitgliedschaften gew\u00e4hren. <\/br><\/p>\n<p>Die Navigationsleiste neben dem Login und der Schaltfl\u00e4che f\u00fcr die Anmeldung, zeigt dir einen Link zu einer Mehr Videos Seite. Nun, noch einmal, du wirst \u00fcberhaupt nichts sehen denn du wirst zum Anmeldeformular geleitet werden. <\/br><\/p>\n<p>Was kann ich noch sagen? Da Twistys dahinter steht, kann ich dir versichern, dass sie Qualit\u00e4t dieser Porno Produktionen deine Welt wie ein Erdbeben ersch\u00fcttern lassen wird. Alles andere wird eine Entdeckungsreise. Besuch sie und schau dir mit deinen eignen Augen an wie hei\u00df die Vorschaubilder sind. Der Rest bleibt dir \u00fcberlassen und deiner Brieftasche. Viel Gl\u00fcck!<br \/>\n<\/span>\n<\/div>\n<div class=\"reviewsiteurl\">\n<a href=\"http:\/\/www.twistyshard.com\/landing\/tgp\/?ats=eyJhIjo5NzI2LCJjIjoyMjc4MiwibiI6MiwicyI6NTQsImUiOjE4NSwicCI6Mn0%3D\" base target=\"_self\"><span style=\"font-size:32px;font-style:normal;font-weight:bold;text-decoration:underline;\">Hier klicken, um die webseite zu besuchen <\/span><\/a>\n<\/div>\n<\/div>\n","protected":false},"excerpt":{"rendered":"<p>Zur\u00fcck zur Startseite Seitenbewertung twistyshard twistyshard.com Willkommen bei der harten Version von Twistys, einer Porno Webseite auf der alles im hardcore Stil gemacht wird! TwistysHard.com wird nicht viel reden \u2013 eine Menge gro\u00dfer Porno Vorschaubilder auf ihrer Homepage, ausdrucksstarke Bilder, wundersch\u00f6ne Pornostars, eine Marke hinter dem Namen und das ist es schon. Du wirst keine <a href='https:\/\/www.thepornlist.net\/de\/premium-paysites\/twistyshard\/' class='excerpt-more'>[&#8230;]<\/a><\/p>\n","protected":false},"author":1,"featured_media":0,"parent":9758,"menu_order":29270,"comment_status":"closed","ping_status":"closed","template":"0-autofill-tpl-template.php","meta":{"_acf_changed":false,"footnotes":""},"tags":[],"acf":[],"aioseo_notices":[],"_links":{"self":[{"href":"https:\/\/www.thepornlist.net\/de\/wp-json\/wp\/v2\/pages\/10321"}],"collection":[{"href":"https:\/\/www.thepornlist.net\/de\/wp-json\/wp\/v2\/pages"}],"about":[{"href":"https:\/\/www.thepornlist.net\/de\/wp-json\/wp\/v2\/types\/page"}],"author":[{"embeddable":true,"href":"https:\/\/www.thepornlist.net\/de\/wp-json\/wp\/v2\/users\/1"}],"replies":[{"embeddable":true,"href":"https:\/\/www.thepornlist.net\/de\/wp-json\/wp\/v2\/comments?post=10321"}],"version-history":[{"count":0,"href":"https:\/\/www.thepornlist.net\/de\/wp-json\/wp\/v2\/pages\/10321\/revisions"}],"up":[{"embeddable":true,"href":"https:\/\/www.thepornlist.net\/de\/wp-json\/wp\/v2\/pages\/9758"}],"wp:attachment":[{"href":"https:\/\/www.thepornlist.net\/de\/wp-json\/wp\/v2\/media?parent=10321"}],"wp:term":[{"taxonomy":"post_tag","embeddable":true,"href":"https:\/\/www.thepornlist.net\/de\/wp-json\/wp\/v2\/tags?post=10321"}],"curies":[{"name":"wp","href":"https:\/\/api.w.org\/{rel}","templated":true}]}}