{"id":10324,"date":"2015-09-03T16:17:40","date_gmt":"2015-09-03T16:17:40","guid":{"rendered":"https:\/\/www.thepornlist.net\/de\/premium-paysites\/playboyplus\/"},"modified":"2019-05-24T10:57:57","modified_gmt":"2019-05-24T10:57:57","slug":"playboyplus","status":"publish","type":"page","link":"https:\/\/www.thepornlist.net\/de\/premium-paysites\/playboyplus\/","title":{"rendered":"Playboyplus"},"content":{"rendered":"<div class=\"pb\">\n<div class=\"hd\">\n<a href=\"https:\/\/www.thepornlist.net\/de\/\" base target=\"_self\">Zur\u00fcck zur Startseite<\/a>\n<\/div>\n<div class=\"hd2\">\n<span style=\"font-style:normal;font-weight:bold;\">Seitenbewertung<\/span>\n<\/div>\n<\/div>\n<div style=\"width:100%; margin-left:auto; margin-right:auto; clear:both;z-index:1; padding-top:5px; border-radius: 2px;\">\n<div class=\"reviewimg\">\n<p><a href=\"http:\/\/join.playboyplus.com\/track\/MTAwMTU4Ni4xNS4xMDIzLjEwNjkuMC4wLjAuMC4w\" base target=\"_self\"><img decoding=\"async\" src=\"https:\/\/www.thepornlist.net\/wp-content\/uploads\/2015\/review\/playboyplus.jpg\" width=\"500\" height=\"500\" alt=\"Porn Tube\"><\/a><\/p>\n<\/div>\n<div class=\"reviewtitle\">\n<h1 style=\"font-family:Arial;font-size:56px;font-style:normal;font-weight:bold;color:#FF1F78;\">playboyplus<\/h1>\n<\/div>\n<div class=\"reviewsub\">\n<h2 style=\"font-size:14px;font-style:normal;font-weight:bold;\">playboyplus.com<\/H2>\n<\/div>\n<div class=\"reviewtext\">\n<span style=\"font-size:16px;font-style:normal;\">Wir alle wissen, wer Playboy ist, unsere V\u00e4ter wissen es, unsere Gro\u00dfv\u00e4ter wissen es und auch unsere Kinder werden es sicher wissen. Es ist dieses eine Magazin wo in all diesen Jahren unsere Fantasien wahr gemacht wurden. Aber wie viel von euch wissen, was PlayboyPlus ist? <\/br><\/p>\n<p>Willkommen bei PlayboyPlus.com, einer professionellen Premium Porno Webseite, auf der du Playmates, Ber\u00fchmtheiten, Cybergirls, Amateurinnen und einige spezielle Ausgaben mit Unterhaltung f\u00fcr Erwachsene bekommen wirst. 1080P HD Videos, 100.000 Fotos und 4.000 Models. <\/br><\/p>\n<p>Die Homepage wird dir die neuesten nackten Girls, die beliebtesten des Teams und die bald kommenden Szenen zeigen. Leider wirst du keine Trailer oder Vorschauen sehen, aber du wirst ein paar Vorschaubilder bekommen, das Datum des Hochladens, und eine kurze Beschreibung zu jeder Ver\u00f6ffentlichung \u2013 wenn das hilft. Die Gr\u00fcnde um sich bei PlayboyPlus anzumelden sind, wie von ihnen festgestellt mehr als 800 Foto Sets, 1600 x 1200 Bildaufl\u00f6sung, 20 Fotos pro Set, mehr als 6.000 Filme, Videos in voller L\u00e4nge und keine Download Begrenzungen. Was ich sage, ist die Tatsache, dass wir \u00fcber Playboy sprechen. Wenn du Playboy sagst, dann sprichst du \u00fcber einige der sch\u00f6nsten Frauen auf dieser Welt und die Qualit\u00e4t der Bilder wird dich einfach umhauen!<br \/>\n<\/span>\n<\/div>\n<div class=\"reviewsiteurl\">\n<a href=\"http:\/\/join.playboyplus.com\/track\/MTAwMTU4Ni4xNS4xMDIzLjEwNjkuMC4wLjAuMC4w\" base target=\"_self\"><span style=\"font-size:32px;font-style:normal;font-weight:bold;text-decoration:underline;\">Hier klicken, um die webseite zu besuchen <\/span><\/a>\n<\/div>\n<\/div>\n","protected":false},"excerpt":{"rendered":"<p>Zur\u00fcck zur Startseite Seitenbewertung playboyplus playboyplus.com Wir alle wissen, wer Playboy ist, unsere V\u00e4ter wissen es, unsere Gro\u00dfv\u00e4ter wissen es und auch unsere Kinder werden es sicher wissen. Es ist dieses eine Magazin wo in all diesen Jahren unsere Fantasien wahr gemacht wurden. Aber wie viel von euch wissen, was PlayboyPlus ist? Willkommen bei PlayboyPlus.com, <a href='https:\/\/www.thepornlist.net\/de\/premium-paysites\/playboyplus\/' class='excerpt-more'>[&#8230;]<\/a><\/p>\n","protected":false},"author":1,"featured_media":0,"parent":9758,"menu_order":29510,"comment_status":"closed","ping_status":"closed","template":"0-autofill-tpl-template.php","meta":{"_acf_changed":false,"footnotes":""},"tags":[],"acf":[],"aioseo_notices":[],"_links":{"self":[{"href":"https:\/\/www.thepornlist.net\/de\/wp-json\/wp\/v2\/pages\/10324"}],"collection":[{"href":"https:\/\/www.thepornlist.net\/de\/wp-json\/wp\/v2\/pages"}],"about":[{"href":"https:\/\/www.thepornlist.net\/de\/wp-json\/wp\/v2\/types\/page"}],"author":[{"embeddable":true,"href":"https:\/\/www.thepornlist.net\/de\/wp-json\/wp\/v2\/users\/1"}],"replies":[{"embeddable":true,"href":"https:\/\/www.thepornlist.net\/de\/wp-json\/wp\/v2\/comments?post=10324"}],"version-history":[{"count":0,"href":"https:\/\/www.thepornlist.net\/de\/wp-json\/wp\/v2\/pages\/10324\/revisions"}],"up":[{"embeddable":true,"href":"https:\/\/www.thepornlist.net\/de\/wp-json\/wp\/v2\/pages\/9758"}],"wp:attachment":[{"href":"https:\/\/www.thepornlist.net\/de\/wp-json\/wp\/v2\/media?parent=10324"}],"wp:term":[{"taxonomy":"post_tag","embeddable":true,"href":"https:\/\/www.thepornlist.net\/de\/wp-json\/wp\/v2\/tags?post=10324"}],"curies":[{"name":"wp","href":"https:\/\/api.w.org\/{rel}","templated":true}]}}