{"id":10325,"date":"2015-09-03T16:17:13","date_gmt":"2015-09-03T16:17:13","guid":{"rendered":"https:\/\/www.thepornlist.net\/de\/premium-paysites\/elegantangel\/"},"modified":"2019-05-24T10:59:23","modified_gmt":"2019-05-24T10:59:23","slug":"elegantangel","status":"publish","type":"page","link":"https:\/\/www.thepornlist.net\/de\/premium-paysites\/elegantangel\/","title":{"rendered":"Elegantangel"},"content":{"rendered":"<div class=\"pb\">\n<div class=\"hd\">\n<a href=\"https:\/\/www.thepornlist.net\/de\/\" base target=\"_self\">Zur\u00fcck zur Startseite<\/a>\n<\/div>\n<div class=\"hd2\">\n<span style=\"font-style:normal;font-weight:bold;\">Seitenbewertung<\/span>\n<\/div>\n<\/div>\n<div style=\"width:100%; margin-left:auto; margin-right:auto; clear:both;z-index:1; padding-top:5px; border-radius: 2px;\">\n<div class=\"reviewimg\">\n<p><a href=\"http:\/\/track.braincash.com\/track\/MTAwMDk3Mi45Mi4xNTMuMTUzLjAuMC4wLjAuMA\" base target=\"_self\"><img decoding=\"async\" src=\"https:\/\/www.thepornlist.net\/wp-content\/uploads\/2015\/review\/elegantangel.jpg\" width=\"500\" height=\"500\" alt=\"Porn Tube\"><\/a><\/p>\n<\/div>\n<div class=\"reviewtitle\">\n<h1 style=\"font-family:Arial;font-size:56px;font-style:normal;font-weight:bold;color:#FF1F78;\">elegantangel<\/h1>\n<\/div>\n<div class=\"reviewsub\">\n<h2 style=\"font-size:14px;font-style:normal;font-weight:bold;\">elegantangel.com<\/H2>\n<\/div>\n<div class=\"reviewtext\">\n<span style=\"font-size:16px;font-style:normal;\">Ich wei\u00df nicht, wie viel du schon \u00fcber ElegantAngel.com geh\u00f6rt hast, aber ich wei\u00df, dass ich davon geh\u00f6rt habe \u2013 ich liebe es! Es ist eine Porno Webseite, \u00e4hnlich wie Brazzers, auf der du eine Menge professionelle Pornos bekommst in denen du erstaunliche Models sehen kannst, die wie Kaninchen Liebe machen. <\/br><\/p>\n<p>Ich werde diese Bewertung damit beginnen, dir zu erz\u00e4hlen, dass sie gerade jetzt eine kostenlose probeweise Mitgliedschaft f\u00fcr 2 Tage haben \u2013 los Cowboy! <\/br><\/p>\n<p>Die Homepage von ElegantAngel wird dir gestatten ihre beworbenen DVDs und die bald kommenden Szenen zu sehen. Du kannst die Inhalte nach Kategorien suchen: anal, asiatisch, vom Arsch in den Mund, gro\u00dfe Titten, blond, Blowjob, br\u00fcnett, Bukkake, Cumshot, deepthroat, Doppelpenetration, Ebony, weibliche Ejakulation, Gangbang, Gruppensex, Handjob, hardcore, interracial, Latina, Lesben, Masturbation, Milf, Strumpfhose, Strap-on, schlucken und viele andere. Nicht genug? Dann filtere deine Inhalte nach Serien oder mit dem Pornostar Index: Aidra Fox, AJ Applegate, Alektra Blue und andere. <\/br><\/p>\n<p>Wenn du nach unten scrollst, wirst du die letzten DVD Ver\u00f6ffentlichungen sehen und du wirst schnell verstehen, dass alles mit bestm\u00f6glicher Qualit\u00e4t, den besten Regisseuren und den besten Pornostars, die es im Moment gibt, gemacht ist. Besuch ElegantAngel und melde dich an!<br \/>\n<\/span>\n<\/div>\n<div class=\"reviewsiteurl\">\n<a href=\"http:\/\/track.braincash.com\/track\/MTAwMDk3Mi45Mi4xNTMuMTUzLjAuMC4wLjAuMA\" base target=\"_self\"><span style=\"font-size:32px;font-style:normal;font-weight:bold;text-decoration:underline;\">Hier klicken, um die webseite zu besuchen <\/span><\/a>\n<\/div>\n<\/div>\n","protected":false},"excerpt":{"rendered":"<p>Zur\u00fcck zur Startseite Seitenbewertung elegantangel elegantangel.com Ich wei\u00df nicht, wie viel du schon \u00fcber ElegantAngel.com geh\u00f6rt hast, aber ich wei\u00df, dass ich davon geh\u00f6rt habe \u2013 ich liebe es! Es ist eine Porno Webseite, \u00e4hnlich wie Brazzers, auf der du eine Menge professionelle Pornos bekommst in denen du erstaunliche Models sehen kannst, die wie Kaninchen <a href='https:\/\/www.thepornlist.net\/de\/premium-paysites\/elegantangel\/' class='excerpt-more'>[&#8230;]<\/a><\/p>\n","protected":false},"author":1,"featured_media":0,"parent":9758,"menu_order":40770,"comment_status":"closed","ping_status":"closed","template":"0-autofill-tpl-template.php","meta":{"_acf_changed":false,"footnotes":""},"tags":[],"acf":[],"aioseo_notices":[],"_links":{"self":[{"href":"https:\/\/www.thepornlist.net\/de\/wp-json\/wp\/v2\/pages\/10325"}],"collection":[{"href":"https:\/\/www.thepornlist.net\/de\/wp-json\/wp\/v2\/pages"}],"about":[{"href":"https:\/\/www.thepornlist.net\/de\/wp-json\/wp\/v2\/types\/page"}],"author":[{"embeddable":true,"href":"https:\/\/www.thepornlist.net\/de\/wp-json\/wp\/v2\/users\/1"}],"replies":[{"embeddable":true,"href":"https:\/\/www.thepornlist.net\/de\/wp-json\/wp\/v2\/comments?post=10325"}],"version-history":[{"count":0,"href":"https:\/\/www.thepornlist.net\/de\/wp-json\/wp\/v2\/pages\/10325\/revisions"}],"up":[{"embeddable":true,"href":"https:\/\/www.thepornlist.net\/de\/wp-json\/wp\/v2\/pages\/9758"}],"wp:attachment":[{"href":"https:\/\/www.thepornlist.net\/de\/wp-json\/wp\/v2\/media?parent=10325"}],"wp:term":[{"taxonomy":"post_tag","embeddable":true,"href":"https:\/\/www.thepornlist.net\/de\/wp-json\/wp\/v2\/tags?post=10325"}],"curies":[{"name":"wp","href":"https:\/\/api.w.org\/{rel}","templated":true}]}}