{"id":10326,"date":"2015-09-03T16:16:49","date_gmt":"2015-09-03T16:16:49","guid":{"rendered":"https:\/\/www.thepornlist.net\/de\/premium-paysites\/inthecrack\/"},"modified":"2019-05-24T10:59:18","modified_gmt":"2019-05-24T10:59:18","slug":"inthecrack","status":"publish","type":"page","link":"https:\/\/www.thepornlist.net\/de\/premium-paysites\/inthecrack\/","title":{"rendered":"Inthecrack"},"content":{"rendered":"<div class=\"pb\">\n<div class=\"hd\">\n<a href=\"https:\/\/www.thepornlist.net\/de\/\" base target=\"_self\">Zur\u00fcck zur Startseite<\/a>\n<\/div>\n<div class=\"hd2\">\n<span style=\"font-style:normal;font-weight:bold;\">Seitenbewertung<\/span>\n<\/div>\n<\/div>\n<div style=\"width:100%; margin-left:auto; margin-right:auto; clear:both;z-index:1; padding-top:5px; border-radius: 2px;\">\n<div class=\"reviewimg\">\n<p><a href=\"http:\/\/refer.ccbill.com\/cgi-bin\/clicks.cgi?CA=919073-0000&#038;PA=2350579\" base target=\"_self\"><img decoding=\"async\" src=\"https:\/\/www.thepornlist.net\/wp-content\/uploads\/2015\/review\/inthecrack.jpg\" width=\"500\" height=\"500\" alt=\"Porn Tube\"><\/a><\/p>\n<\/div>\n<div class=\"reviewtitle\">\n<h1 style=\"font-family:Arial;font-size:56px;font-style:normal;font-weight:bold;color:#FF1F78;\">inthecrack<\/h1>\n<\/div>\n<div class=\"reviewsub\">\n<h2 style=\"font-size:14px;font-style:normal;font-weight:bold;\">inthecrack.com<\/H2>\n<\/div>\n<div class=\"reviewtext\">\n<span style=\"font-size:16px;font-style:normal;\">InTheCrack.com ist eine Porno Webseite wo du einige Nischen aus der N\u00e4he sehen kannst, exotische Orte, Hunderte von wundersch\u00f6nen Models, Muschi und Arsch Verehrung und eine gro\u00dfartige Qualit\u00e4t. Sie haben 1080p HD, 4K Ultra HD und .ZIP Galerien. Die Homepage wird dir gestatten den Blick auf ein Baar Beispiel Bilder zu werfen und einige bald kommende Leckerbissen. Du wirst auch Trailer sehen k\u00f6nnen \u2013 nackte Sch\u00f6nheiten mit erstaunlichen \u00c4rschen, erstaunliche Titten und vieles mehr. <\/br><\/p>\n<p>Bei inthecrack liegt der haupts\u00e4chliche Fokus darauf Top Qualit\u00e4t Videos mit masturbierenden Solo Girls zu machen. Sie verkaufen keine Videos mit einer schlichten Aufnahme bei der die Videokamera 10 Meter entfernt ist. Ihre Videos werden f\u00fcr den Voyeur gemacht, der es mag ein h\u00fcbsches Girl aus der N\u00e4he zu erforschen ohne dass etwas der Fantasie \u00fcberlassen bleibt. Du bekommst genau den richtigen Mix aus Ganzk\u00f6rper Aufnahmen, umwerfenden Nahaufnahmen und fantasievollen Aufnahmewinkeln, die die Nacktheit des Girls betonen und ihre beste Seite enth\u00fcllen. Der Inhalt der Videos reicht von einfachem reizen, unter den Rock Aufnahmen und Aufnahmen nasser H\u00f6schen bis hin zu weit ge\u00f6ffneten Einblicken, die f\u00fcr den \u201eAmateur Frauenarzt\u201c von Bedeutung sein k\u00f6nnen. Du wirst Girls sehen, die ihre Muschis und \u00c4rsche direkt vor deinem Gesicht spreizen damit du sie inspizieren kannst. Besuch sie jetzt!<br \/>\n<\/span>\n<\/div>\n<div class=\"reviewsiteurl\">\n<a href=\"http:\/\/refer.ccbill.com\/cgi-bin\/clicks.cgi?CA=919073-0000&#038;PA=2350579\" base target=\"_self\"><span style=\"font-size:32px;font-style:normal;font-weight:bold;text-decoration:underline;\">Hier klicken, um die webseite zu besuchen <\/span><\/a>\n<\/div>\n<\/div>\n","protected":false},"excerpt":{"rendered":"<p>Zur\u00fcck zur Startseite Seitenbewertung inthecrack inthecrack.com InTheCrack.com ist eine Porno Webseite wo du einige Nischen aus der N\u00e4he sehen kannst, exotische Orte, Hunderte von wundersch\u00f6nen Models, Muschi und Arsch Verehrung und eine gro\u00dfartige Qualit\u00e4t. Sie haben 1080p HD, 4K Ultra HD und .ZIP Galerien. Die Homepage wird dir gestatten den Blick auf ein Baar Beispiel <a href='https:\/\/www.thepornlist.net\/de\/premium-paysites\/inthecrack\/' class='excerpt-more'>[&#8230;]<\/a><\/p>\n","protected":false},"author":1,"featured_media":0,"parent":9758,"menu_order":40730,"comment_status":"closed","ping_status":"closed","template":"0-autofill-tpl-template.php","meta":{"_acf_changed":false,"footnotes":""},"tags":[],"acf":[],"aioseo_notices":[],"_links":{"self":[{"href":"https:\/\/www.thepornlist.net\/de\/wp-json\/wp\/v2\/pages\/10326"}],"collection":[{"href":"https:\/\/www.thepornlist.net\/de\/wp-json\/wp\/v2\/pages"}],"about":[{"href":"https:\/\/www.thepornlist.net\/de\/wp-json\/wp\/v2\/types\/page"}],"author":[{"embeddable":true,"href":"https:\/\/www.thepornlist.net\/de\/wp-json\/wp\/v2\/users\/1"}],"replies":[{"embeddable":true,"href":"https:\/\/www.thepornlist.net\/de\/wp-json\/wp\/v2\/comments?post=10326"}],"version-history":[{"count":0,"href":"https:\/\/www.thepornlist.net\/de\/wp-json\/wp\/v2\/pages\/10326\/revisions"}],"up":[{"embeddable":true,"href":"https:\/\/www.thepornlist.net\/de\/wp-json\/wp\/v2\/pages\/9758"}],"wp:attachment":[{"href":"https:\/\/www.thepornlist.net\/de\/wp-json\/wp\/v2\/media?parent=10326"}],"wp:term":[{"taxonomy":"post_tag","embeddable":true,"href":"https:\/\/www.thepornlist.net\/de\/wp-json\/wp\/v2\/tags?post=10326"}],"curies":[{"name":"wp","href":"https:\/\/api.w.org\/{rel}","templated":true}]}}