{"id":10327,"date":"2015-09-03T16:15:54","date_gmt":"2015-09-03T16:15:54","guid":{"rendered":"https:\/\/www.thepornlist.net\/de\/premium-paysites\/errotica-archives\/"},"modified":"2019-05-24T10:59:14","modified_gmt":"2019-05-24T10:59:14","slug":"errotica-archives","status":"publish","type":"page","link":"https:\/\/www.thepornlist.net\/de\/premium-paysites\/errotica-archives\/","title":{"rendered":"Errotica-archives"},"content":{"rendered":"<div class=\"pb\">\n<div class=\"hd\">\n<a href=\"https:\/\/www.thepornlist.net\/de\/\" base target=\"_self\">Zur\u00fcck zur Startseite<\/a>\n<\/div>\n<div class=\"hd2\">\n<span style=\"font-style:normal;font-weight:bold;\">Seitenbewertung<\/span>\n<\/div>\n<\/div>\n<div style=\"width:100%; margin-left:auto; margin-right:auto; clear:both;z-index:1; padding-top:5px; border-radius: 2px;\">\n<div class=\"reviewimg\">\n<p><a href=\"http:\/\/refer.ccbill.com\/cgi-bin\/clicks.cgi?CA=901313&#038;PA=2342887&#038;HTML=http:\/\/www.errotica-archives.com\/\" base target=\"_self\"><img decoding=\"async\" src=\"https:\/\/www.thepornlist.net\/wp-content\/uploads\/2015\/review\/errotica-archives.jpg\" width=\"500\" height=\"500\" alt=\"Porn Tube\"><\/a><\/p>\n<\/div>\n<div class=\"reviewtitle\">\n<h1 style=\"font-family:Arial;font-size:56px;font-style:normal;font-weight:bold;color:#FF1F78;\">errotica-archives<\/h1>\n<\/div>\n<div class=\"reviewsub\">\n<h2 style=\"font-size:14px;font-style:normal;font-weight:bold;\">errotica-archives.com<\/H2>\n<\/div>\n<div class=\"reviewtext\">\n<span style=\"font-size:16px;font-style:normal;\">Errotica-Archives ist Teil eines Netzwerks in dem du andere ber\u00fchmte Namen wie  Met-ART, SexArt, The Life Erotic, Erotic Beauty und andere sehen wirst. Sie sagen dass \u201eEin Fotograf macht ein Bild. Ein K\u00fcnstler f\u00e4ngt das Wesentliche des Models ein.\u201c &#8211; was du auf ihren Seiten finden wirst? Top hochqualitative Foto Sets f\u00fcr Erwachsene und einige Solo Filme. <\/br><\/p>\n<p>Du kannst ihre besten Galerien, die neuesten oder die Top Bilder mit nur einem Klick sehen. Zu jedem Set bekommst du den Namen des Models, die Bewertung und die Anzahl der Fotos. Sie konzentrieren sich auf Sch\u00f6nheiten und Babes, jedes Girl hat einen K\u00f6rper mit dem sie in Mailand auf den namhaftesten Laufstegen modeln k\u00f6nnte. Es gibt ein Verzeichnis in dem du jedes Girl siehst und Details \u00fcber sie und mehr entnehmen kannst. <\/br><\/p>\n<p>Jetzt, zum Zeitpunkt dieser Bewertung, haben sie ein Angebot f\u00fcr ihre Besucher \u2013 1 Tag kostenloser Zugang im Austausch gegen deine E-Mail. H\u00f6rt sich gut an und du solltest es wirklich versuchen. <\/br><\/p>\n<p>Wenn du ein bisschen mehr als nur Fotos f\u00fcr Erwachsene willst, kannst du in den Bereich mit den Filmen gehen oder die Live Cam Links nutzen. <\/br><\/p>\n<p>Wenn du wei\u00dft, was du suchst, kannst du den Kasten mit der Suchfunktion in der echten oberen Ecke verwenden.<br \/>\n<\/span>\n<\/div>\n<div class=\"reviewsiteurl\">\n<a href=\"http:\/\/refer.ccbill.com\/cgi-bin\/clicks.cgi?CA=901313&#038;PA=2342887&#038;HTML=http:\/\/www.errotica-archives.com\/\" base target=\"_self\"><span style=\"font-size:32px;font-style:normal;font-weight:bold;text-decoration:underline;\">Hier klicken, um die webseite zu besuchen <\/span><\/a>\n<\/div>\n<\/div>\n","protected":false},"excerpt":{"rendered":"<p>Zur\u00fcck zur Startseite Seitenbewertung errotica-archives errotica-archives.com Errotica-Archives ist Teil eines Netzwerks in dem du andere ber\u00fchmte Namen wie Met-ART, SexArt, The Life Erotic, Erotic Beauty und andere sehen wirst. Sie sagen dass \u201eEin Fotograf macht ein Bild. Ein K\u00fcnstler f\u00e4ngt das Wesentliche des Models ein.\u201c &#8211; was du auf ihren Seiten finden wirst? Top hochqualitative <a href='https:\/\/www.thepornlist.net\/de\/premium-paysites\/errotica-archives\/' class='excerpt-more'>[&#8230;]<\/a><\/p>\n","protected":false},"author":1,"featured_media":0,"parent":9758,"menu_order":40590,"comment_status":"closed","ping_status":"closed","template":"0-autofill-tpl-template.php","meta":{"_acf_changed":false,"footnotes":""},"tags":[],"acf":[],"aioseo_notices":[],"_links":{"self":[{"href":"https:\/\/www.thepornlist.net\/de\/wp-json\/wp\/v2\/pages\/10327"}],"collection":[{"href":"https:\/\/www.thepornlist.net\/de\/wp-json\/wp\/v2\/pages"}],"about":[{"href":"https:\/\/www.thepornlist.net\/de\/wp-json\/wp\/v2\/types\/page"}],"author":[{"embeddable":true,"href":"https:\/\/www.thepornlist.net\/de\/wp-json\/wp\/v2\/users\/1"}],"replies":[{"embeddable":true,"href":"https:\/\/www.thepornlist.net\/de\/wp-json\/wp\/v2\/comments?post=10327"}],"version-history":[{"count":0,"href":"https:\/\/www.thepornlist.net\/de\/wp-json\/wp\/v2\/pages\/10327\/revisions"}],"up":[{"embeddable":true,"href":"https:\/\/www.thepornlist.net\/de\/wp-json\/wp\/v2\/pages\/9758"}],"wp:attachment":[{"href":"https:\/\/www.thepornlist.net\/de\/wp-json\/wp\/v2\/media?parent=10327"}],"wp:term":[{"taxonomy":"post_tag","embeddable":true,"href":"https:\/\/www.thepornlist.net\/de\/wp-json\/wp\/v2\/tags?post=10327"}],"curies":[{"name":"wp","href":"https:\/\/api.w.org\/{rel}","templated":true}]}}