{"id":10328,"date":"2015-09-03T16:13:35","date_gmt":"2015-09-03T16:13:35","guid":{"rendered":"https:\/\/www.thepornlist.net\/de\/premium-paysites\/met-art\/"},"modified":"2019-05-24T10:59:10","modified_gmt":"2019-05-24T10:59:10","slug":"met-art","status":"publish","type":"page","link":"https:\/\/www.thepornlist.net\/de\/premium-paysites\/met-art\/","title":{"rendered":"Met-art"},"content":{"rendered":"<div class=\"pb\">\n<div class=\"hd\">\n<a href=\"https:\/\/www.thepornlist.net\/de\/\" base target=\"_self\">Zur\u00fcck zur Startseite<\/a>\n<\/div>\n<div class=\"hd2\">\n<span style=\"font-style:normal;font-weight:bold;\">Seitenbewertung<\/span>\n<\/div>\n<\/div>\n<div style=\"width:100%; margin-left:auto; margin-right:auto; clear:both;z-index:1; padding-top:5px; border-radius: 2px;\">\n<div class=\"reviewimg\">\n<p><a href=\"http:\/\/refer.ccbill.com\/cgi-bin\/clicks.cgi?CA=901313&#038;PA=2342887&#038;HTML=http:\/\/tour6.met-art.com\/\" base target=\"_self\"><img decoding=\"async\" src=\"https:\/\/www.thepornlist.net\/wp-content\/uploads\/2015\/review\/met-art.jpg\" width=\"500\" height=\"500\" alt=\"Porn Tube\"><\/a><\/p>\n<\/div>\n<div class=\"reviewtitle\">\n<h1 style=\"font-family:Arial;font-size:56px;font-style:normal;font-weight:bold;color:#FF1F78;\">met-art<\/h1>\n<\/div>\n<div class=\"reviewsub\">\n<h2 style=\"font-size:14px;font-style:normal;font-weight:bold;\">met-art.com<\/H2>\n<\/div>\n<div class=\"reviewtext\">\n<span style=\"font-size:16px;font-style:normal;\">Ich bin kein gro\u00dfer Kunstbegeisterter. Aber ich kann ein \u201eKunstwerk\u201c sch\u00e4tzen, das hei\u00dft aber nicht, dass ich genie\u00dfe das zu tun. Kunst ist f\u00fcr die, die sie f\u00fchlen. Aber wenn es um Porno Kunst geht, liegen die Dinge anders. Willkommen bei Met-ART! <\/br><\/p>\n<p>Was haben wir hier? Eine exquisite Premium Porno Webseite wo du feine Fotografie f\u00fcr Erwachsene finden wirst. Sie wurden 1999 gegr\u00fcndet und sie sind Teil eines Netzwerks: SexArt, The Life Erotic, Viv Thomas, Errotica Archives, Erotic Beauty, Michael Ninn, MetCams, Live.tv. <\/br><\/p>\n<p>Sie sage, dass sie die am h\u00e4ufigsten ausgezeichnete haben und um ehrlich zu sein, sie haben wahrscheinlich recht. Met-Art.com ist keine zahlungspflichtige Porno Webseite f\u00fcr jeden Tag. Es ist etwas anderes, es ist ein Club f\u00fcr Gentlemen! Wenn du kein englisch sprichst, kannst du die Sprache \u00e4ndern wie zum Beispiel in deutsch, spanisch und andere. <\/br><\/p>\n<p>Es gibt keinen Zeitraum zum testen und ich bin mir nicht sicher, ob du mit einer Mitgliedschaft Zugang zu allen Seiten bekommen wirst, die sie in ihrem Netzwerk haben. <\/br><\/p>\n<p>Wenn dir langweilig ist, kannst du auf einen Blog zugreifen, den News Bereich oder auf eine Seite wo du die bevorzugen nackten Frauen der Mitglieder siehst. Sie hosten auch softcore HD Porno Videos. Komm jetzt gleich her!<br \/>\n<\/span>\n<\/div>\n<div class=\"reviewsiteurl\">\n<a href=\"http:\/\/refer.ccbill.com\/cgi-bin\/clicks.cgi?CA=901313&#038;PA=2342887&#038;HTML=http:\/\/tour6.met-art.com\/\" base target=\"_self\"><span style=\"font-size:32px;font-style:normal;font-weight:bold;text-decoration:underline;\">Hier klicken, um die webseite zu besuchen <\/span><\/a>\n<\/div>\n<\/div>\n","protected":false},"excerpt":{"rendered":"<p>Zur\u00fcck zur Startseite Seitenbewertung met-art met-art.com Ich bin kein gro\u00dfer Kunstbegeisterter. Aber ich kann ein \u201eKunstwerk\u201c sch\u00e4tzen, das hei\u00dft aber nicht, dass ich genie\u00dfe das zu tun. Kunst ist f\u00fcr die, die sie f\u00fchlen. Aber wenn es um Porno Kunst geht, liegen die Dinge anders. Willkommen bei Met-ART! Was haben wir hier? Eine exquisite Premium <a href='https:\/\/www.thepornlist.net\/de\/premium-paysites\/met-art\/' class='excerpt-more'>[&#8230;]<\/a><\/p>\n","protected":false},"author":1,"featured_media":0,"parent":9758,"menu_order":40450,"comment_status":"closed","ping_status":"closed","template":"0-autofill-tpl-template.php","meta":{"_acf_changed":false,"footnotes":""},"tags":[],"acf":[],"aioseo_notices":[],"_links":{"self":[{"href":"https:\/\/www.thepornlist.net\/de\/wp-json\/wp\/v2\/pages\/10328"}],"collection":[{"href":"https:\/\/www.thepornlist.net\/de\/wp-json\/wp\/v2\/pages"}],"about":[{"href":"https:\/\/www.thepornlist.net\/de\/wp-json\/wp\/v2\/types\/page"}],"author":[{"embeddable":true,"href":"https:\/\/www.thepornlist.net\/de\/wp-json\/wp\/v2\/users\/1"}],"replies":[{"embeddable":true,"href":"https:\/\/www.thepornlist.net\/de\/wp-json\/wp\/v2\/comments?post=10328"}],"version-history":[{"count":0,"href":"https:\/\/www.thepornlist.net\/de\/wp-json\/wp\/v2\/pages\/10328\/revisions"}],"up":[{"embeddable":true,"href":"https:\/\/www.thepornlist.net\/de\/wp-json\/wp\/v2\/pages\/9758"}],"wp:attachment":[{"href":"https:\/\/www.thepornlist.net\/de\/wp-json\/wp\/v2\/media?parent=10328"}],"wp:term":[{"taxonomy":"post_tag","embeddable":true,"href":"https:\/\/www.thepornlist.net\/de\/wp-json\/wp\/v2\/tags?post=10328"}],"curies":[{"name":"wp","href":"https:\/\/api.w.org\/{rel}","templated":true}]}}