{"id":10329,"date":"2015-09-03T16:11:11","date_gmt":"2015-09-03T16:11:11","guid":{"rendered":"https:\/\/www.thepornlist.net\/de\/premium-paysites\/myxxxpass\/"},"modified":"2019-05-24T10:59:06","modified_gmt":"2019-05-24T10:59:06","slug":"myxxxpass","status":"publish","type":"page","link":"https:\/\/www.thepornlist.net\/de\/premium-paysites\/myxxxpass\/","title":{"rendered":"Myxxxpass"},"content":{"rendered":"<div class=\"pb\">\n<div class=\"hd\">\n<a href=\"https:\/\/www.thepornlist.net\/de\/\" base target=\"_self\">Zur\u00fcck zur Startseite<\/a>\n<\/div>\n<div class=\"hd2\">\n<span style=\"font-style:normal;font-weight:bold;\">Seitenbewertung<\/span>\n<\/div>\n<\/div>\n<div style=\"width:100%; margin-left:auto; margin-right:auto; clear:both;z-index:1; padding-top:5px; border-radius: 2px;\">\n<div class=\"reviewimg\">\n<p><a href=\"http:\/\/www.blazinglink.com\/myxxxpass\/go.php?pr=12&#038;su=1&#038;si=14&#038;pa=index&#038;ar=&#038;ad=209520\" base target=\"_self\"><img decoding=\"async\" src=\"https:\/\/www.thepornlist.net\/wp-content\/uploads\/2015\/review\/myxxxpass.jpg\" width=\"500\" height=\"500\" alt=\"Porn Tube\"><\/a><\/p>\n<\/div>\n<div class=\"reviewtitle\">\n<h1 style=\"font-family:Arial;font-size:56px;font-style:normal;font-weight:bold;color:#FF1F78;\">myxxxpass<\/h1>\n<\/div>\n<div class=\"reviewsub\">\n<h2 style=\"font-size:14px;font-style:normal;font-weight:bold;\">myxxxpass.com<\/H2>\n<\/div>\n<div class=\"reviewtext\">\n<span style=\"font-size:16px;font-style:normal;\">Throated, with a deepthroat challenge, Mommy blows best, Only teen blowjobs, Immoral Live, SunlustXXX, Squirting orgies, Cock sucking challenge, 1000 facials, \u2013 habe ich dich mit all diesen Porno Webseiten Namen schon \u00fcberzeugt, die du alle sehen kannst sobald du eine Mitgliedschaft bei MyXXXPass.com abgeschlossen hast? <\/br><\/p>\n<p>Willkommen bei noch einer anderen Plattform, die jede Menge Pornos und eine Menge an Premium HD Webseiten f\u00fcr Erwachsene sammelt und dir ein Ticket f\u00fcr das Boot gibt, das dich ins Land des Sex bringen wird. Die Homepage wird gro\u00dfe Vorschaubilder zeigen, die dir Szenen von verschiedenen Webseiten f\u00fcr Erwachsene zeigen. Klicke auf den Screenshot, den dein Herz sich w\u00fcnscht, und du wirst einen kleinen Trailer zu dieser speziellen Szene sehen k\u00f6nnen, daneben die Kategorie wo sie hinzugef\u00fcgt wurde und eine Beschreibung. Weitere \u00e4hnliche und empfohlene Videos sind genau da, unter der Beschreibung. Mach dir keine Sorgen, du wirst wissen welcher Star im Video mitspielt und du wirst viele andere Produktionen dieses Pornostars sehen. <\/br><\/p>\n<p>Wenn du mitmachen willst, aber erst noch sehen willst was genau du bekommen wirst wenn du dein Geld ausgibst, dann leg los und entscheide dich f\u00fcr die versuchsweise Mitgliedschaft. Besuch sie und schau es dir an!<br \/>\n<\/span>\n<\/div>\n<div class=\"reviewsiteurl\">\n<a href=\"http:\/\/www.blazinglink.com\/myxxxpass\/go.php?pr=12&#038;su=1&#038;si=14&#038;pa=index&#038;ar=&#038;ad=209520\" base target=\"_self\"><span style=\"font-size:32px;font-style:normal;font-weight:bold;text-decoration:underline;\">Hier klicken, um die webseite zu besuchen <\/span><\/a>\n<\/div>\n<\/div>\n","protected":false},"excerpt":{"rendered":"<p>Zur\u00fcck zur Startseite Seitenbewertung myxxxpass myxxxpass.com Throated, with a deepthroat challenge, Mommy blows best, Only teen blowjobs, Immoral Live, SunlustXXX, Squirting orgies, Cock sucking challenge, 1000 facials, \u2013 habe ich dich mit all diesen Porno Webseiten Namen schon \u00fcberzeugt, die du alle sehen kannst sobald du eine Mitgliedschaft bei MyXXXPass.com abgeschlossen hast? Willkommen bei noch <a href='https:\/\/www.thepornlist.net\/de\/premium-paysites\/myxxxpass\/' class='excerpt-more'>[&#8230;]<\/a><\/p>\n","protected":false},"author":1,"featured_media":0,"parent":9758,"menu_order":40390,"comment_status":"closed","ping_status":"closed","template":"0-autofill-tpl-template.php","meta":{"_acf_changed":false,"footnotes":""},"tags":[],"acf":[],"aioseo_notices":[],"_links":{"self":[{"href":"https:\/\/www.thepornlist.net\/de\/wp-json\/wp\/v2\/pages\/10329"}],"collection":[{"href":"https:\/\/www.thepornlist.net\/de\/wp-json\/wp\/v2\/pages"}],"about":[{"href":"https:\/\/www.thepornlist.net\/de\/wp-json\/wp\/v2\/types\/page"}],"author":[{"embeddable":true,"href":"https:\/\/www.thepornlist.net\/de\/wp-json\/wp\/v2\/users\/1"}],"replies":[{"embeddable":true,"href":"https:\/\/www.thepornlist.net\/de\/wp-json\/wp\/v2\/comments?post=10329"}],"version-history":[{"count":0,"href":"https:\/\/www.thepornlist.net\/de\/wp-json\/wp\/v2\/pages\/10329\/revisions"}],"up":[{"embeddable":true,"href":"https:\/\/www.thepornlist.net\/de\/wp-json\/wp\/v2\/pages\/9758"}],"wp:attachment":[{"href":"https:\/\/www.thepornlist.net\/de\/wp-json\/wp\/v2\/media?parent=10329"}],"wp:term":[{"taxonomy":"post_tag","embeddable":true,"href":"https:\/\/www.thepornlist.net\/de\/wp-json\/wp\/v2\/tags?post=10329"}],"curies":[{"name":"wp","href":"https:\/\/api.w.org\/{rel}","templated":true}]}}